{"id":1283,"date":"2021-08-17T13:22:05","date_gmt":"2021-08-17T10:22:05","guid":{"rendered":"https:\/\/pmg.bumbierkoks.com\/construction\/land-reclamation\/"},"modified":"2022-02-28T14:14:21","modified_gmt":"2022-02-28T12:14:21","slug":"land-reclamation","status":"publish","type":"page","link":"https:\/\/www.pmg.lv\/en\/construction\/land-reclamation\/","title":{"rendered":"Land reclamation"},"content":{"rendered":"\n<style type=\"text\/css\" data-created_by=\"avia_inline_auto\" id=\"style-css-av-kojw92pn-a38400d35d5ede8f984e1759d55b0738\">\n#top .av-special-heading.av-kojw92pn-a38400d35d5ede8f984e1759d55b0738{\npadding-bottom:30px;\n}\nbody .av-special-heading.av-kojw92pn-a38400d35d5ede8f984e1759d55b0738 .av-special-heading-tag .heading-char{\nfont-size:25px;\n}\n.av-special-heading.av-kojw92pn-a38400d35d5ede8f984e1759d55b0738 .av-subheading{\nfont-size:15px;\n}\n<\/style>\n<div  class='av-special-heading av-kojw92pn-a38400d35d5ede8f984e1759d55b0738 av-special-heading-h2  avia-builder-el-0  el_before_av_submenu  avia-builder-el-no-sibling '><h2 class='av-special-heading-tag '  itemprop=\"headline\"  >Constuction | Land reclamation<\/h2><div class=\"special-heading-border\"><div class=\"special-heading-inner-border\"><\/div><\/div><\/div>\n<\/div><\/div><\/div><!-- close content main div --><\/div><\/div><div class='clear'><\/div><div id='sub_menu1'  class='av-submenu-container av-lgx4l-abe1fdefec1d5fe3fce13cec891c5230 main_color  avia-builder-el-1  el_after_av_heading  el_before_av_masonry_entries  av-sticky-submenu submenu-not-first container_wrap fullsize' style='z-index:301' ><div class='container av-menu-mobile-disabled av-submenu-pos-left'><ul id=\"menu-buvnieciba-en\" class=\"av-subnav-menu\" role=\"menu\"><li role=\"menuitem\" id=\"menu-item-5894\" class=\"menu-item menu-item-type-post_type menu-item-object-page menu-item-top-level menu-item-top-level-1\"><a href=\"https:\/\/www.pmg.lv\/en\/construction\/industrial-buildings-and-warehouses\/\" itemprop=\"url\" tabindex=\"0\"><span class=\"avia-bullet\"><\/span><span class=\"avia-menu-text\">Industrial buildings and warehouses<\/span><span class=\"avia-menu-fx\"><span class=\"avia-arrow-wrap\"><span class=\"avia-arrow\"><\/span><\/span><\/span><\/a><\/li>\n<li role=\"menuitem\" id=\"menu-item-5892\" class=\"menu-item menu-item-type-post_type menu-item-object-page menu-item-top-level menu-item-top-level-2\"><a href=\"https:\/\/www.pmg.lv\/en\/construction\/agricultural-buildings-and-barns\/\" itemprop=\"url\" tabindex=\"0\"><span class=\"avia-bullet\"><\/span><span class=\"avia-menu-text\">Agricultural buildings and barns<\/span><span class=\"avia-menu-fx\"><span class=\"avia-arrow-wrap\"><span class=\"avia-arrow\"><\/span><\/span><\/span><\/a><\/li>\n<li role=\"menuitem\" id=\"menu-item-5893\" class=\"menu-item menu-item-type-post_type menu-item-object-page menu-item-top-level menu-item-top-level-3\"><a href=\"https:\/\/www.pmg.lv\/en\/construction\/boiler-houses-and-biomass-plants\/\" itemprop=\"url\" tabindex=\"0\"><span class=\"avia-bullet\"><\/span><span class=\"avia-menu-text\">Boiler houses and biomass plants<\/span><span class=\"avia-menu-fx\"><span class=\"avia-arrow-wrap\"><span class=\"avia-arrow\"><\/span><\/span><\/span><\/a><\/li>\n<li role=\"menuitem\" id=\"menu-item-5896\" class=\"menu-item menu-item-type-post_type menu-item-object-page menu-item-top-level menu-item-top-level-4\"><a href=\"https:\/\/www.pmg.lv\/en\/construction\/public-and-residential-buildings\/\" itemprop=\"url\" tabindex=\"0\"><span class=\"avia-bullet\"><\/span><span class=\"avia-menu-text\">Public and residential buildings<\/span><span class=\"avia-menu-fx\"><span class=\"avia-arrow-wrap\"><span class=\"avia-arrow\"><\/span><\/span><\/span><\/a><\/li>\n<li role=\"menuitem\" id=\"menu-item-5897\" class=\"menu-item menu-item-type-post_type menu-item-object-page menu-item-top-level menu-item-top-level-5\"><a href=\"https:\/\/www.pmg.lv\/en\/construction\/restoration-projects\/\" itemprop=\"url\" tabindex=\"0\"><span class=\"avia-bullet\"><\/span><span class=\"avia-menu-text\">Restoration projects<\/span><span class=\"avia-menu-fx\"><span class=\"avia-arrow-wrap\"><span class=\"avia-arrow\"><\/span><\/span><\/span><\/a><\/li>\n<li role=\"menuitem\" id=\"menu-item-5895\" class=\"menu-item menu-item-type-post_type menu-item-object-page menu-item-top-level menu-item-top-level-6\"><a href=\"https:\/\/www.pmg.lv\/en\/construction\/land-reclamation\/\" itemprop=\"url\" tabindex=\"0\"><span class=\"avia-bullet\"><\/span><span class=\"avia-menu-text\">Land reclamation<\/span><span class=\"avia-menu-fx\"><span class=\"avia-arrow-wrap\"><span class=\"avia-arrow\"><\/span><\/span><\/span><\/a><\/li>\n<\/ul><\/div><\/div><div class='sticky_placeholder'><\/div>\n<div id='av-masonry-1' class='av-masonry av-kojwbsuv-7daebd56900221c48bb1da91c93c8a46 noHover av-fixed-size av-1px-gap av-hover-overlay-active av-masonry-animation-active av-masonry-col-flexible av-caption-always av-caption-style-overlay av-masonry-entries ' data-post_id=\"1283\"><div class=\"av-masonry-container isotope av-js-disabled\"><div class='av-masonry-entry isotope-item av-masonry-item-no-image '><\/div><a href=\"https:\/\/www.pmg.lv\/en\/portfolio-item\/forest-reclamation-systems-vezu-masivs-1\/\"  id='av-masonry-1-item-6806' data-av-masonry-item='6806' class='av-masonry-entry isotope-item post-6806 portfolio type-portfolio status-publish has-post-thumbnail hentry portfolio_entries-construction portfolio_entries-land-reclamation  av-masonry-item-with-image av-grid-img' title=\"Forest reclamation systems V\u0113\u017eu mas\u012bvs-1\"   itemscope=\"itemscope\" itemtype=\"https:\/\/schema.org\/CreativeWork\" ><div class='av-inner-masonry-sizer'><\/div><figure class='av-inner-masonry main_color'><div class=\"av-masonry-outerimage-container\"><div class='av-masonry-image-container' style=\"background-image: url(https:\/\/www.pmg.lv\/wp-content\/uploads\/2021\/08\/Vezu-masivs-1-melioracija-e1628073063935-705x705.jpeg);\"  title=\"Forest reclamation systems V\u0113\u017eu mas\u012bvs-1\" ><\/div><\/div><figcaption class='av-inner-masonry-content site-background'><div class='av-inner-masonry-content-pos'><div class='av-inner-masonry-content-pos-content'><div class='avia-arrow'><\/div><h3 class='av-masonry-entry-title entry-title '  itemprop=\"headline\" >Forest reclamation systems V\u0113\u017eu mas\u012bvs-1<\/h3><\/div><\/div><\/figcaption><\/figure><\/a><!--end av-masonry entry--><a href=\"https:\/\/www.pmg.lv\/en\/portfolio-item\/restoration-of-a-nationally-significant-aquifer-arciems-mill-lake\/\"  id='av-masonry-1-item-6803' data-av-masonry-item='6803' class='av-masonry-entry isotope-item post-6803 portfolio type-portfolio status-publish has-post-thumbnail hentry portfolio_entries-construction portfolio_entries-land-reclamation  av-masonry-item-with-image av-grid-img' title=\"Restoration of a nationally significant aquifer \u2013 \u0100rciems mill lake\"   itemscope=\"itemscope\" itemtype=\"https:\/\/schema.org\/CreativeWork\" ><div class='av-inner-masonry-sizer'><\/div><figure class='av-inner-masonry main_color'><div class=\"av-masonry-outerimage-container\"><div class='av-masonry-image-container' style=\"background-image: url(https:\/\/www.pmg.lv\/wp-content\/uploads\/2021\/08\/Arciema-dzirnavu-ezerstrauts-melioracija-e1628072890590-705x705.jpeg);\"  title=\"Restoration of a nationally significant aquifer \u2013 \u0100rciems mill lake\" ><\/div><\/div><figcaption class='av-inner-masonry-content site-background'><div class='av-inner-masonry-content-pos'><div class='av-inner-masonry-content-pos-content'><div class='avia-arrow'><\/div><h3 class='av-masonry-entry-title entry-title '  itemprop=\"headline\" >Restoration of a nationally significant aquifer \u2013 \u0100rciems mill lake<\/h3><\/div><\/div><\/figcaption><\/figure><\/a><!--end av-masonry entry--><a href=\"https:\/\/www.pmg.lv\/en\/portfolio-item\/restoration-of-a-nationally-significant-aquifer-recija\/\"  id='av-masonry-1-item-6800' data-av-masonry-item='6800' class='av-masonry-entry isotope-item post-6800 portfolio type-portfolio status-publish has-post-thumbnail hentry portfolio_entries-construction portfolio_entries-land-reclamation  av-masonry-item-with-image av-grid-img' title=\"Restoration of a nationally significant aquifer \u2013 Recija\"   itemscope=\"itemscope\" itemtype=\"https:\/\/schema.org\/CreativeWork\" ><div class='av-inner-masonry-sizer'><\/div><figure class='av-inner-masonry main_color'><div class=\"av-masonry-outerimage-container\"><div class='av-masonry-image-container' style=\"background-image: url(https:\/\/www.pmg.lv\/wp-content\/uploads\/2021\/08\/Recija-melioracija-e1628072691777-705x705.jpeg);\"  title=\"Restoration of a nationally significant aquifer \u2013 Recija\" ><\/div><\/div><figcaption class='av-inner-masonry-content site-background'><div class='av-inner-masonry-content-pos'><div class='av-inner-masonry-content-pos-content'><div class='avia-arrow'><\/div><h3 class='av-masonry-entry-title entry-title '  itemprop=\"headline\" >Restoration of a nationally significant aquifer \u2013 Recija<\/h3><\/div><\/div><\/figcaption><\/figure><\/a><!--end av-masonry entry--><\/div><\/div>\n","protected":false},"excerpt":{"rendered":"","protected":false},"author":1,"featured_media":0,"parent":1267,"menu_order":0,"comment_status":"closed","ping_status":"closed","template":"","meta":{"footnotes":""},"class_list":["post-1283","page","type-page","status-publish","hentry"],"yoast_head":"<!-- This site is optimized with the Yoast SEO plugin v27.4 - https:\/\/yoast.com\/product\/yoast-seo-wordpress\/ -->\n<title>Land reclamation - PMG \u2013 B\u016bvprojektu vad\u012bbas grupa<\/title>\n<meta name=\"robots\" content=\"index, follow, max-snippet:-1, max-image-preview:large, max-video-preview:-1\" \/>\n<link rel=\"canonical\" href=\"https:\/\/www.pmg.lv\/en\/construction\/land-reclamation\/\" \/>\n<meta property=\"og:locale\" content=\"en_US\" \/>\n<meta property=\"og:type\" content=\"article\" \/>\n<meta property=\"og:title\" content=\"Land reclamation - PMG \u2013 B\u016bvprojektu vad\u012bbas grupa\" \/>\n<meta property=\"og:url\" content=\"https:\/\/www.pmg.lv\/en\/construction\/land-reclamation\/\" \/>\n<meta property=\"og:site_name\" content=\"PMG \u2013 B\u016bvprojektu vad\u012bbas grupa\" \/>\n<meta property=\"article:publisher\" content=\"https:\/\/www.facebook.com\/p.m.g.buvprojekti\" \/>\n<meta property=\"article:modified_time\" content=\"2022-02-28T12:14:21+00:00\" \/>\n<meta name=\"twitter:card\" content=\"summary_large_image\" \/>\n<meta name=\"twitter:label1\" content=\"Est. reading time\" \/>\n\t<meta name=\"twitter:data1\" content=\"2 minutes\" \/>\n<script type=\"application\/ld+json\" class=\"yoast-schema-graph\">{\"@context\":\"https:\\\/\\\/schema.org\",\"@graph\":[{\"@type\":\"WebPage\",\"@id\":\"https:\\\/\\\/www.pmg.lv\\\/en\\\/construction\\\/land-reclamation\\\/\",\"url\":\"https:\\\/\\\/www.pmg.lv\\\/en\\\/construction\\\/land-reclamation\\\/\",\"name\":\"Land reclamation - PMG \u2013 B\u016bvprojektu vad\u012bbas grupa\",\"isPartOf\":{\"@id\":\"https:\\\/\\\/www.pmg.lv\\\/en\\\/#website\"},\"datePublished\":\"2021-08-17T10:22:05+00:00\",\"dateModified\":\"2022-02-28T12:14:21+00:00\",\"breadcrumb\":{\"@id\":\"https:\\\/\\\/www.pmg.lv\\\/en\\\/construction\\\/land-reclamation\\\/#breadcrumb\"},\"inLanguage\":\"en-US\",\"potentialAction\":[{\"@type\":\"ReadAction\",\"target\":[\"https:\\\/\\\/www.pmg.lv\\\/en\\\/construction\\\/land-reclamation\\\/\"]}]},{\"@type\":\"BreadcrumbList\",\"@id\":\"https:\\\/\\\/www.pmg.lv\\\/en\\\/construction\\\/land-reclamation\\\/#breadcrumb\",\"itemListElement\":[{\"@type\":\"ListItem\",\"position\":1,\"name\":\"Home\",\"item\":\"https:\\\/\\\/www.pmg.lv\\\/en\\\/home\\\/\"},{\"@type\":\"ListItem\",\"position\":2,\"name\":\"Construction\",\"item\":\"https:\\\/\\\/www.pmg.lv\\\/en\\\/construction\\\/\"},{\"@type\":\"ListItem\",\"position\":3,\"name\":\"Land reclamation\"}]},{\"@type\":\"WebSite\",\"@id\":\"https:\\\/\\\/www.pmg.lv\\\/en\\\/#website\",\"url\":\"https:\\\/\\\/www.pmg.lv\\\/en\\\/\",\"name\":\"PMG \u2013 B\u016bvprojektu vad\u012bbas grupa\",\"description\":\"B\u016bvniec\u012bba | Projekt\u0113\u0161ana | B\u016bvuzraudz\u012bba\",\"publisher\":{\"@id\":\"https:\\\/\\\/www.pmg.lv\\\/en\\\/#organization\"},\"potentialAction\":[{\"@type\":\"SearchAction\",\"target\":{\"@type\":\"EntryPoint\",\"urlTemplate\":\"https:\\\/\\\/www.pmg.lv\\\/en\\\/?s={search_term_string}\"},\"query-input\":{\"@type\":\"PropertyValueSpecification\",\"valueRequired\":true,\"valueName\":\"search_term_string\"}}],\"inLanguage\":\"en-US\"},{\"@type\":\"Organization\",\"@id\":\"https:\\\/\\\/www.pmg.lv\\\/en\\\/#organization\",\"name\":\"PMG \u2013 B\u016bvprojektu vad\u012bbas grupa\",\"url\":\"https:\\\/\\\/www.pmg.lv\\\/en\\\/\",\"logo\":{\"@type\":\"ImageObject\",\"inLanguage\":\"en-US\",\"@id\":\"https:\\\/\\\/www.pmg.lv\\\/en\\\/#\\\/schema\\\/logo\\\/image\\\/\",\"url\":\"https:\\\/\\\/www.pmg.lv\\\/wp-content\\\/uploads\\\/2021\\\/04\\\/PMG_logo2.png\",\"contentUrl\":\"https:\\\/\\\/www.pmg.lv\\\/wp-content\\\/uploads\\\/2021\\\/04\\\/PMG_logo2.png\",\"width\":531,\"height\":287,\"caption\":\"PMG \u2013 B\u016bvprojektu vad\u012bbas grupa\"},\"image\":{\"@id\":\"https:\\\/\\\/www.pmg.lv\\\/en\\\/#\\\/schema\\\/logo\\\/image\\\/\"},\"sameAs\":[\"https:\\\/\\\/www.facebook.com\\\/p.m.g.buvprojekti\"]}]}<\/script>\n<!-- \/ Yoast SEO plugin. -->","yoast_head_json":{"title":"Land reclamation - PMG \u2013 B\u016bvprojektu vad\u012bbas grupa","robots":{"index":"index","follow":"follow","max-snippet":"max-snippet:-1","max-image-preview":"max-image-preview:large","max-video-preview":"max-video-preview:-1"},"canonical":"https:\/\/www.pmg.lv\/en\/construction\/land-reclamation\/","og_locale":"en_US","og_type":"article","og_title":"Land reclamation - PMG \u2013 B\u016bvprojektu vad\u012bbas grupa","og_url":"https:\/\/www.pmg.lv\/en\/construction\/land-reclamation\/","og_site_name":"PMG \u2013 B\u016bvprojektu vad\u012bbas grupa","article_publisher":"https:\/\/www.facebook.com\/p.m.g.buvprojekti","article_modified_time":"2022-02-28T12:14:21+00:00","twitter_card":"summary_large_image","twitter_misc":{"Est. reading time":"2 minutes"},"schema":{"@context":"https:\/\/schema.org","@graph":[{"@type":"WebPage","@id":"https:\/\/www.pmg.lv\/en\/construction\/land-reclamation\/","url":"https:\/\/www.pmg.lv\/en\/construction\/land-reclamation\/","name":"Land reclamation - PMG \u2013 B\u016bvprojektu vad\u012bbas grupa","isPartOf":{"@id":"https:\/\/www.pmg.lv\/en\/#website"},"datePublished":"2021-08-17T10:22:05+00:00","dateModified":"2022-02-28T12:14:21+00:00","breadcrumb":{"@id":"https:\/\/www.pmg.lv\/en\/construction\/land-reclamation\/#breadcrumb"},"inLanguage":"en-US","potentialAction":[{"@type":"ReadAction","target":["https:\/\/www.pmg.lv\/en\/construction\/land-reclamation\/"]}]},{"@type":"BreadcrumbList","@id":"https:\/\/www.pmg.lv\/en\/construction\/land-reclamation\/#breadcrumb","itemListElement":[{"@type":"ListItem","position":1,"name":"Home","item":"https:\/\/www.pmg.lv\/en\/home\/"},{"@type":"ListItem","position":2,"name":"Construction","item":"https:\/\/www.pmg.lv\/en\/construction\/"},{"@type":"ListItem","position":3,"name":"Land reclamation"}]},{"@type":"WebSite","@id":"https:\/\/www.pmg.lv\/en\/#website","url":"https:\/\/www.pmg.lv\/en\/","name":"PMG \u2013 B\u016bvprojektu vad\u012bbas grupa","description":"B\u016bvniec\u012bba | Projekt\u0113\u0161ana | B\u016bvuzraudz\u012bba","publisher":{"@id":"https:\/\/www.pmg.lv\/en\/#organization"},"potentialAction":[{"@type":"SearchAction","target":{"@type":"EntryPoint","urlTemplate":"https:\/\/www.pmg.lv\/en\/?s={search_term_string}"},"query-input":{"@type":"PropertyValueSpecification","valueRequired":true,"valueName":"search_term_string"}}],"inLanguage":"en-US"},{"@type":"Organization","@id":"https:\/\/www.pmg.lv\/en\/#organization","name":"PMG \u2013 B\u016bvprojektu vad\u012bbas grupa","url":"https:\/\/www.pmg.lv\/en\/","logo":{"@type":"ImageObject","inLanguage":"en-US","@id":"https:\/\/www.pmg.lv\/en\/#\/schema\/logo\/image\/","url":"https:\/\/www.pmg.lv\/wp-content\/uploads\/2021\/04\/PMG_logo2.png","contentUrl":"https:\/\/www.pmg.lv\/wp-content\/uploads\/2021\/04\/PMG_logo2.png","width":531,"height":287,"caption":"PMG \u2013 B\u016bvprojektu vad\u012bbas grupa"},"image":{"@id":"https:\/\/www.pmg.lv\/en\/#\/schema\/logo\/image\/"},"sameAs":["https:\/\/www.facebook.com\/p.m.g.buvprojekti"]}]}},"_links":{"self":[{"href":"https:\/\/www.pmg.lv\/en\/wp-json\/wp\/v2\/pages\/1283","targetHints":{"allow":["GET"]}}],"collection":[{"href":"https:\/\/www.pmg.lv\/en\/wp-json\/wp\/v2\/pages"}],"about":[{"href":"https:\/\/www.pmg.lv\/en\/wp-json\/wp\/v2\/types\/page"}],"author":[{"embeddable":true,"href":"https:\/\/www.pmg.lv\/en\/wp-json\/wp\/v2\/users\/1"}],"replies":[{"embeddable":true,"href":"https:\/\/www.pmg.lv\/en\/wp-json\/wp\/v2\/comments?post=1283"}],"version-history":[{"count":4,"href":"https:\/\/www.pmg.lv\/en\/wp-json\/wp\/v2\/pages\/1283\/revisions"}],"predecessor-version":[{"id":5927,"href":"https:\/\/www.pmg.lv\/en\/wp-json\/wp\/v2\/pages\/1283\/revisions\/5927"}],"up":[{"embeddable":true,"href":"https:\/\/www.pmg.lv\/en\/wp-json\/wp\/v2\/pages\/1267"}],"wp:attachment":[{"href":"https:\/\/www.pmg.lv\/en\/wp-json\/wp\/v2\/media?parent=1283"}],"curies":[{"name":"wp","href":"https:\/\/api.w.org\/{rel}","templated":true}]}}