{"id":1319,"date":"2021-08-17T13:26:12","date_gmt":"2021-08-17T10:26:12","guid":{"rendered":"https:\/\/pmg.bumbierkoks.com\/construction-supervision\/engineering-structures\/"},"modified":"2022-02-28T13:52:26","modified_gmt":"2022-02-28T11:52:26","slug":"engineering-structures","status":"publish","type":"page","link":"https:\/\/www.pmg.lv\/en\/construction-supervision\/engineering-structures\/","title":{"rendered":"Industrial buildings and engineering structures"},"content":{"rendered":"\n<style type=\"text\/css\" data-created_by=\"avia_inline_auto\" id=\"style-css-av-kojw92pn-6da27283f3ccc9b94e3addccde4daab2\">\n#top .av-special-heading.av-kojw92pn-6da27283f3ccc9b94e3addccde4daab2{\npadding-bottom:30px;\n}\nbody .av-special-heading.av-kojw92pn-6da27283f3ccc9b94e3addccde4daab2 .av-special-heading-tag .heading-char{\nfont-size:25px;\n}\n.av-special-heading.av-kojw92pn-6da27283f3ccc9b94e3addccde4daab2 .av-subheading{\nfont-size:15px;\n}\n<\/style>\n<div  class='av-special-heading av-kojw92pn-6da27283f3ccc9b94e3addccde4daab2 av-special-heading-h2  avia-builder-el-0  el_before_av_submenu  avia-builder-el-no-sibling '><h2 class='av-special-heading-tag '  itemprop=\"headline\"  >CONSTRUCTION SUPERVISION | Industrial buildings and engineering structures<\/h2><div class=\"special-heading-border\"><div class=\"special-heading-inner-border\"><\/div><\/div><\/div>\n<\/div><\/div><\/div><!-- close content main div --><\/div><\/div><div class='clear'><\/div><div id='sub_menu1'  class='av-submenu-container av-ng2vo-bae9421f5037353ce4f30c93c6ce4fc2 main_color  avia-builder-el-1  el_after_av_heading  el_before_av_masonry_entries  av-sticky-submenu submenu-not-first container_wrap fullsize' style='z-index:301' ><div class='container av-menu-mobile-disabled av-submenu-pos-left'><ul id=\"menu-buvuzraudziba-en\" class=\"av-subnav-menu\" role=\"menu\"><li role=\"menuitem\" id=\"menu-item-5913\" class=\"menu-item menu-item-type-post_type menu-item-object-page menu-item-top-level menu-item-top-level-1\"><a href=\"https:\/\/www.pmg.lv\/en\/construction-supervision\/engineering-structures\/\" itemprop=\"url\" tabindex=\"0\"><span class=\"avia-bullet\"><\/span><span class=\"avia-menu-text\">Industrial buildings and engineering structures<\/span><span class=\"avia-menu-fx\"><span class=\"avia-arrow-wrap\"><span class=\"avia-arrow\"><\/span><\/span><\/span><\/a><\/li>\n<li role=\"menuitem\" id=\"menu-item-5912\" class=\"menu-item menu-item-type-post_type menu-item-object-page menu-item-top-level menu-item-top-level-2\"><a href=\"https:\/\/www.pmg.lv\/en\/construction-supervision\/public-and-residential-buildings\/\" itemprop=\"url\" tabindex=\"0\"><span class=\"avia-bullet\"><\/span><span class=\"avia-menu-text\">Public and residential buildings<\/span><span class=\"avia-menu-fx\"><span class=\"avia-arrow-wrap\"><span class=\"avia-arrow\"><\/span><\/span><\/span><\/a><\/li>\n<li role=\"menuitem\" id=\"menu-item-5914\" class=\"menu-item menu-item-type-post_type menu-item-object-page menu-item-top-level menu-item-top-level-3\"><a href=\"https:\/\/www.pmg.lv\/en\/construction-supervision\/roads\/\" itemprop=\"url\" tabindex=\"0\"><span class=\"avia-bullet\"><\/span><span class=\"avia-menu-text\">Roads<\/span><span class=\"avia-menu-fx\"><span class=\"avia-arrow-wrap\"><span class=\"avia-arrow\"><\/span><\/span><\/span><\/a><\/li>\n<\/ul><\/div><\/div><div class='sticky_placeholder'><\/div>\n<div id='av-masonry-1' class='av-masonry av-kojwbsuv-3b8ed89fd9c92d0785cba324508b345b noHover av-fixed-size av-1px-gap av-hover-overlay-active av-masonry-animation-active av-masonry-col-flexible av-caption-always av-caption-style-overlay av-masonry-entries ' data-post_id=\"1319\"><div class=\"av-masonry-container isotope av-js-disabled\"><div class='av-masonry-entry isotope-item av-masonry-item-no-image '><\/div><a href=\"https:\/\/www.pmg.lv\/en\/portfolio-item\/reconstruction-of-the-technical-services-building-at-the-airport-riga-2\/\"  id='av-masonry-1-item-9904' data-av-masonry-item='9904' class='av-masonry-entry isotope-item post-9904 portfolio type-portfolio status-publish has-post-thumbnail hentry portfolio_entries-construction-supervision portfolio_entries-futured portfolio_entries-industrial-buildings-and-engineering-structures  av-masonry-item-with-image av-landscape-img' title=\"LGS_GSV tornis\"   itemscope=\"itemscope\" itemtype=\"https:\/\/schema.org\/CreativeWork\" ><div class='av-inner-masonry-sizer'><\/div><figure class='av-inner-masonry main_color'><div class=\"av-masonry-outerimage-container\"><div class='av-masonry-image-container' style=\"background-image: url(https:\/\/www.pmg.lv\/wp-content\/uploads\/2025\/03\/lgs_gsv-tornis-705x397.jpg);\"  title=\"LGS_GSV tornis\" ><\/div><\/div><figcaption class='av-inner-masonry-content site-background'><div class='av-inner-masonry-content-pos'><div class='av-inner-masonry-content-pos-content'><div class='avia-arrow'><\/div><h3 class='av-masonry-entry-title entry-title '  itemprop=\"headline\" >Reconstruction of the existing building of Latvijas gaisa satiksme with a new air traffic control tower complex additional building<\/h3><\/div><\/div><\/figcaption><\/figure><\/a><!--end av-masonry entry--><a href=\"https:\/\/www.pmg.lv\/en\/portfolio-item\/construction-of-the-tome-aquaculture-innovation-center\/\"  id='av-masonry-1-item-8945' data-av-masonry-item='8945' class='av-masonry-entry isotope-item post-8945 portfolio type-portfolio status-publish has-post-thumbnail hentry portfolio_entries-construction-supervision portfolio_entries-futured portfolio_entries-industrial-buildings-and-engineering-structures  av-masonry-item-with-image av-grid-img' title=\"Tome 1\"   itemscope=\"itemscope\" itemtype=\"https:\/\/schema.org\/CreativeWork\" ><div class='av-inner-masonry-sizer'><\/div><figure class='av-inner-masonry main_color'><div class=\"av-masonry-outerimage-container\"><div class='av-masonry-image-container' style=\"background-image: url(https:\/\/www.pmg.lv\/wp-content\/uploads\/2023\/05\/tome-1-705x503.jpg);\"  title=\"Tome 1\" ><\/div><\/div><figcaption class='av-inner-masonry-content site-background'><div class='av-inner-masonry-content-pos'><div class='av-inner-masonry-content-pos-content'><div class='avia-arrow'><\/div><h3 class='av-masonry-entry-title entry-title '  itemprop=\"headline\" >Construction of the TOME Aquaculture Innovation Center<\/h3><\/div><\/div><\/figcaption><\/figure><\/a><!--end av-masonry entry--><a href=\"https:\/\/www.pmg.lv\/en\/portfolio-item\/construction-of-a-biodegradable-waste-recycling-facility-at-the-getlini-landfill-2\/\"  id='av-masonry-1-item-8494' data-av-masonry-item='8494' class='av-masonry-entry isotope-item post-8494 portfolio type-portfolio status-publish has-post-thumbnail hentry portfolio_entries-construction-supervision portfolio_entries-futured portfolio_entries-industrial-buildings-and-engineering-structures  av-masonry-item-with-image av-grid-img' title=\"Cin\u012b\u0161i 3\"   itemscope=\"itemscope\" itemtype=\"https:\/\/schema.org\/CreativeWork\" ><div class='av-inner-masonry-sizer'><\/div><figure class='av-inner-masonry main_color'><div class=\"av-masonry-outerimage-container\"><div class='av-masonry-image-container' style=\"background-image: url(https:\/\/www.pmg.lv\/wp-content\/uploads\/2024\/02\/cinisi-3-705x465.jpeg);\"  title=\"Cin\u012b\u0161i 3\" ><\/div><\/div><figcaption class='av-inner-masonry-content site-background'><div class='av-inner-masonry-content-pos'><div class='av-inner-masonry-content-pos-content'><div class='avia-arrow'><\/div><h3 class='av-masonry-entry-title entry-title '  itemprop=\"headline\" >Construction of a biodegradable waste recycling facility at the CIN\u012a\u0160I landfill, Daugavpils district<\/h3><\/div><\/div><\/figcaption><\/figure><\/a><!--end av-masonry entry--><a href=\"https:\/\/www.pmg.lv\/en\/portfolio-item\/reconstruction-of-the-technical-services-building-at-the-airport-riga\/\"  id='av-masonry-1-item-8394' data-av-masonry-item='8394' class='av-masonry-entry isotope-item post-8394 portfolio type-portfolio status-publish has-post-thumbnail hentry portfolio_entries-construction-supervision portfolio_entries-futured portfolio_entries-industrial-buildings-and-engineering-structures  av-masonry-item-with-image av-landscape-img' title=\"Tehnisko dienestu \u0113ka lidosta R\u012bga\"   itemscope=\"itemscope\" itemtype=\"https:\/\/schema.org\/CreativeWork\" ><div class='av-inner-masonry-sizer'><\/div><figure class='av-inner-masonry main_color'><div class=\"av-masonry-outerimage-container\"><div class='av-masonry-image-container' style=\"background-image: url(https:\/\/www.pmg.lv\/wp-content\/uploads\/2022\/10\/tehnisko-dienestu-eka-lidosta-riga-705x371.jpg);\"  title=\"Tehnisko dienestu \u0113ka lidosta R\u012bga\" ><\/div><\/div><figcaption class='av-inner-masonry-content site-background'><div class='av-inner-masonry-content-pos'><div class='av-inner-masonry-content-pos-content'><div class='avia-arrow'><\/div><h3 class='av-masonry-entry-title entry-title '  itemprop=\"headline\" >Reconstruction of the technical services building at the airport R\u012aGA<\/h3><\/div><\/div><\/figcaption><\/figure><\/a><!--end av-masonry entry--><a href=\"https:\/\/www.pmg.lv\/en\/portfolio-item\/connection-of-kronospan-riga-and-latvijas-finieris-to-the-110-kv-substation-bolderaja-2-third-stage-of-construction\/\"  id='av-masonry-1-item-6758' data-av-masonry-item='6758' class='av-masonry-entry isotope-item post-6758 portfolio type-portfolio status-publish has-post-thumbnail hentry portfolio_entries-construction-supervision portfolio_entries-industrial-buildings-and-engineering-structures  av-masonry-item-with-image av-landscape-img' title=\"Connection of Kronospan Riga and Latvijas Finieris to the 110 kV substation Bolder\u0101ja 2, third stage of construction\"   itemscope=\"itemscope\" itemtype=\"https:\/\/schema.org\/CreativeWork\" ><div class='av-inner-masonry-sizer'><\/div><figure class='av-inner-masonry main_color'><div class=\"av-masonry-outerimage-container\"><div class='av-masonry-image-container' style=\"background-image: url(https:\/\/www.pmg.lv\/wp-content\/uploads\/2021\/08\/bolderaja-ii-705x397.jpg);\"  title=\"Connection of Kronospan Riga and Latvijas Finieris to the 110 kV substation Bolder\u0101ja 2, third stage of construction\" ><\/div><\/div><figcaption class='av-inner-masonry-content site-background'><div class='av-inner-masonry-content-pos'><div class='av-inner-masonry-content-pos-content'><div class='avia-arrow'><\/div><h3 class='av-masonry-entry-title entry-title '  itemprop=\"headline\" >Connection of Kronospan Riga and Latvijas Finieris to the 110 kV substation Bolder\u0101ja 2, third stage of construction<\/h3><\/div><\/div><\/figcaption><\/figure><\/a><!--end av-masonry entry--><a href=\"https:\/\/www.pmg.lv\/en\/portfolio-item\/reconstruction-of-the-330-kv-substations-switchgear-at-riga-hpp\/\"  id='av-masonry-1-item-6755' data-av-masonry-item='6755' class='av-masonry-entry isotope-item post-6755 portfolio type-portfolio status-publish has-post-thumbnail hentry portfolio_entries-construction-supervision portfolio_entries-industrial-buildings-and-engineering-structures  av-masonry-item-with-image av-grid-img' title=\"Reconstruction of the 330 kV substation\u2019s switchgear at Riga HPP\"   itemscope=\"itemscope\" itemtype=\"https:\/\/schema.org\/CreativeWork\" ><div class='av-inner-masonry-sizer'><\/div><figure class='av-inner-masonry main_color'><div class=\"av-masonry-outerimage-container\"><div class='av-masonry-image-container' style=\"background-image: url(https:\/\/www.pmg.lv\/wp-content\/uploads\/2021\/08\/rigas-hes-705x529.jpg);\"  title=\"Reconstruction of the 330 kV substation\u2019s switchgear at Riga HPP\" ><\/div><\/div><figcaption class='av-inner-masonry-content site-background'><div class='av-inner-masonry-content-pos'><div class='av-inner-masonry-content-pos-content'><div class='avia-arrow'><\/div><h3 class='av-masonry-entry-title entry-title '  itemprop=\"headline\" >Reconstruction of the 330 kV substation\u2019s switchgear at Riga HPP<\/h3><\/div><\/div><\/figcaption><\/figure><\/a><!--end av-masonry entry--><a href=\"https:\/\/www.pmg.lv\/en\/portfolio-item\/kurzeme-arc-third-stage-of-construction-of-the-electricity-transmission-network-330-kv\/\"  id='av-masonry-1-item-6752' data-av-masonry-item='6752' class='av-masonry-entry isotope-item post-6752 portfolio type-portfolio status-publish has-post-thumbnail hentry portfolio_entries-construction-supervision portfolio_entries-industrial-buildings-and-engineering-structures  av-masonry-item-with-image av-grid-img' title=\"Kurzeme Arc, third stage of construction of the electricity transmission network, 330 kV\"   itemscope=\"itemscope\" itemtype=\"https:\/\/schema.org\/CreativeWork\" ><div class='av-inner-masonry-sizer'><\/div><figure class='av-inner-masonry main_color'><div class=\"av-masonry-outerimage-container\"><div class='av-masonry-image-container' style=\"background-image: url(https:\/\/www.pmg.lv\/wp-content\/uploads\/2021\/08\/kurzemes-loks-elektroenergijas-parvades-tikla-tresais-posms-705x419.jpg);\"  title=\"Kurzeme Arc, third stage of construction of the electricity transmission network, 330 kV\" ><\/div><\/div><figcaption class='av-inner-masonry-content site-background'><div class='av-inner-masonry-content-pos'><div class='av-inner-masonry-content-pos-content'><div class='avia-arrow'><\/div><h3 class='av-masonry-entry-title entry-title '  itemprop=\"headline\" >Kurzeme Arc, third stage of construction of the electricity transmission network, 330 kV<\/h3><\/div><\/div><\/figcaption><\/figure><\/a><!--end av-masonry entry--><a href=\"https:\/\/www.pmg.lv\/en\/portfolio-item\/construction-of-a-biodegradable-waste-recycling-facility-at-the-getlini-landfill\/\"  id='av-masonry-1-item-6749' data-av-masonry-item='6749' class='av-masonry-entry isotope-item post-6749 portfolio type-portfolio status-publish has-post-thumbnail hentry portfolio_entries-construction-supervision portfolio_entries-futured portfolio_entries-industrial-buildings-and-engineering-structures  av-masonry-item-with-image av-grid-img' title=\"Construction of a biodegradable waste recycling facility at the GETLI\u0145I landfill\"   itemscope=\"itemscope\" itemtype=\"https:\/\/schema.org\/CreativeWork\" ><div class='av-inner-masonry-sizer'><\/div><figure class='av-inner-masonry main_color'><div class=\"av-masonry-outerimage-container\"><div class='av-masonry-image-container' style=\"background-image: url(https:\/\/www.pmg.lv\/wp-content\/uploads\/2022\/01\/getlini-eko-705x470.jpg);\"  title=\"Construction of a biodegradable waste recycling facility at the GETLI\u0145I landfill\" ><\/div><\/div><figcaption class='av-inner-masonry-content site-background'><div class='av-inner-masonry-content-pos'><div class='av-inner-masonry-content-pos-content'><div class='avia-arrow'><\/div><h3 class='av-masonry-entry-title entry-title '  itemprop=\"headline\" >Construction of a biodegradable waste recycling facility at the GETLI\u0145I landfill<\/h3><\/div><\/div><\/figcaption><\/figure><\/a><!--end av-masonry entry--><a href=\"https:\/\/www.pmg.lv\/en\/portfolio-item\/riga-airport-5th-terminal\/\"  id='av-masonry-1-item-6746' data-av-masonry-item='6746' class='av-masonry-entry isotope-item post-6746 portfolio type-portfolio status-publish has-post-thumbnail hentry portfolio_entries-construction-supervision portfolio_entries-futured portfolio_entries-industrial-buildings-and-engineering-structures  av-masonry-item-with-image av-grid-img' title=\"R\u012aGA airport, 5th terminal\"   itemscope=\"itemscope\" itemtype=\"https:\/\/schema.org\/CreativeWork\" ><div class='av-inner-masonry-sizer'><\/div><figure class='av-inner-masonry main_color'><div class=\"av-masonry-outerimage-container\"><div class='av-masonry-image-container' style=\"background-image: url(https:\/\/www.pmg.lv\/wp-content\/uploads\/2021\/10\/54.3-inz_5.peronsrix-705x470.jpg);\"  title=\"R\u012aGA airport, 5th terminal\" ><\/div><\/div><figcaption class='av-inner-masonry-content site-background'><div class='av-inner-masonry-content-pos'><div class='av-inner-masonry-content-pos-content'><div class='avia-arrow'><\/div><h3 class='av-masonry-entry-title entry-title '  itemprop=\"headline\" >R\u012aGA airport, 5th terminal<\/h3><\/div><\/div><\/figcaption><\/figure><\/a><!--end av-masonry entry--><a href=\"https:\/\/www.pmg.lv\/en\/portfolio-item\/connection-of-kronospan-riga-and-latvijas-finieris-to-the-110-kv-substation-bolderaja-2-second-stage-of-construction\/\"  id='av-masonry-1-item-6743' data-av-masonry-item='6743' class='av-masonry-entry isotope-item post-6743 portfolio type-portfolio status-publish has-post-thumbnail hentry portfolio_entries-construction-supervision portfolio_entries-industrial-buildings-and-engineering-structures  av-masonry-item-with-image av-landscape-img' title=\"Connection of Kronospan Riga and Latvijas Finieris to the 110 kV substation Bolder\u0101ja 2, second stage of construction\"   itemscope=\"itemscope\" itemtype=\"https:\/\/schema.org\/CreativeWork\" ><div class='av-inner-masonry-sizer'><\/div><figure class='av-inner-masonry main_color'><div class=\"av-masonry-outerimage-container\"><div class='av-masonry-image-container' style=\"background-image: url(https:\/\/www.pmg.lv\/wp-content\/uploads\/2021\/08\/pieslegums-110kv-apaksstacijai-bolderaja-ii-705x397.jpg);\"  title=\"Connection of Kronospan Riga and Latvijas Finieris to the 110 kV substation Bolder\u0101ja 2, second stage of construction\" ><\/div><\/div><figcaption class='av-inner-masonry-content site-background'><div class='av-inner-masonry-content-pos'><div class='av-inner-masonry-content-pos-content'><div class='avia-arrow'><\/div><h3 class='av-masonry-entry-title entry-title '  itemprop=\"headline\" >Connection of Kronospan Riga and Latvijas Finieris to the 110 kV substation Bolder\u0101ja 2, second stage of construction<\/h3><\/div><\/div><\/figcaption><\/figure><\/a><!--end av-masonry entry--><\/div><\/div>\n\n<style type=\"text\/css\" data-created_by=\"avia_inline_auto\" id=\"style-css-av-ky0da67z-b92edd5e0b041215b37431f19d798012\">\n#top .hr.hr-invisible.av-ky0da67z-b92edd5e0b041215b37431f19d798012{\nheight:200px;\n}\n<\/style>\n<div  class='hr av-ky0da67z-b92edd5e0b041215b37431f19d798012 hr-invisible  avia-builder-el-3  el_after_av_masonry_entries  avia-builder-el-no-sibling '><span class='hr-inner '><span class=\"hr-inner-style\"><\/span><\/span><\/div>\n","protected":false},"excerpt":{"rendered":"","protected":false},"author":1,"featured_media":0,"parent":1306,"menu_order":0,"comment_status":"closed","ping_status":"closed","template":"","meta":{"footnotes":""},"class_list":["post-1319","page","type-page","status-publish","hentry"],"yoast_head":"<!-- This site is optimized with the Yoast SEO plugin v27.4 - https:\/\/yoast.com\/product\/yoast-seo-wordpress\/ -->\n<title>Industrial buildings and engineering structures - PMG \u2013 B\u016bvprojektu vad\u012bbas grupa<\/title>\n<meta name=\"robots\" content=\"index, follow, max-snippet:-1, max-image-preview:large, max-video-preview:-1\" \/>\n<link rel=\"canonical\" href=\"https:\/\/www.pmg.lv\/en\/construction-supervision\/engineering-structures\/\" \/>\n<meta property=\"og:locale\" content=\"en_US\" \/>\n<meta property=\"og:type\" content=\"article\" \/>\n<meta property=\"og:title\" content=\"Industrial buildings and engineering structures - PMG \u2013 B\u016bvprojektu vad\u012bbas grupa\" \/>\n<meta property=\"og:url\" content=\"https:\/\/www.pmg.lv\/en\/construction-supervision\/engineering-structures\/\" \/>\n<meta property=\"og:site_name\" content=\"PMG \u2013 B\u016bvprojektu vad\u012bbas grupa\" \/>\n<meta property=\"article:publisher\" content=\"https:\/\/www.facebook.com\/p.m.g.buvprojekti\" \/>\n<meta property=\"article:modified_time\" content=\"2022-02-28T11:52:26+00:00\" \/>\n<meta name=\"twitter:card\" content=\"summary_large_image\" \/>\n<meta name=\"twitter:label1\" content=\"Est. reading time\" \/>\n\t<meta name=\"twitter:data1\" content=\"2 minutes\" \/>\n<script type=\"application\/ld+json\" class=\"yoast-schema-graph\">{\"@context\":\"https:\\\/\\\/schema.org\",\"@graph\":[{\"@type\":\"WebPage\",\"@id\":\"https:\\\/\\\/www.pmg.lv\\\/en\\\/construction-supervision\\\/engineering-structures\\\/\",\"url\":\"https:\\\/\\\/www.pmg.lv\\\/en\\\/construction-supervision\\\/engineering-structures\\\/\",\"name\":\"Industrial buildings and engineering structures - PMG \u2013 B\u016bvprojektu vad\u012bbas grupa\",\"isPartOf\":{\"@id\":\"https:\\\/\\\/www.pmg.lv\\\/en\\\/#website\"},\"datePublished\":\"2021-08-17T10:26:12+00:00\",\"dateModified\":\"2022-02-28T11:52:26+00:00\",\"breadcrumb\":{\"@id\":\"https:\\\/\\\/www.pmg.lv\\\/en\\\/construction-supervision\\\/engineering-structures\\\/#breadcrumb\"},\"inLanguage\":\"en-US\",\"potentialAction\":[{\"@type\":\"ReadAction\",\"target\":[\"https:\\\/\\\/www.pmg.lv\\\/en\\\/construction-supervision\\\/engineering-structures\\\/\"]}]},{\"@type\":\"BreadcrumbList\",\"@id\":\"https:\\\/\\\/www.pmg.lv\\\/en\\\/construction-supervision\\\/engineering-structures\\\/#breadcrumb\",\"itemListElement\":[{\"@type\":\"ListItem\",\"position\":1,\"name\":\"Home\",\"item\":\"https:\\\/\\\/www.pmg.lv\\\/en\\\/home\\\/\"},{\"@type\":\"ListItem\",\"position\":2,\"name\":\"Construction supervision\",\"item\":\"https:\\\/\\\/www.pmg.lv\\\/en\\\/construction-supervision\\\/\"},{\"@type\":\"ListItem\",\"position\":3,\"name\":\"Industrial buildings and engineering structures\"}]},{\"@type\":\"WebSite\",\"@id\":\"https:\\\/\\\/www.pmg.lv\\\/en\\\/#website\",\"url\":\"https:\\\/\\\/www.pmg.lv\\\/en\\\/\",\"name\":\"PMG \u2013 B\u016bvprojektu vad\u012bbas grupa\",\"description\":\"B\u016bvniec\u012bba | Projekt\u0113\u0161ana | B\u016bvuzraudz\u012bba\",\"publisher\":{\"@id\":\"https:\\\/\\\/www.pmg.lv\\\/en\\\/#organization\"},\"potentialAction\":[{\"@type\":\"SearchAction\",\"target\":{\"@type\":\"EntryPoint\",\"urlTemplate\":\"https:\\\/\\\/www.pmg.lv\\\/en\\\/?s={search_term_string}\"},\"query-input\":{\"@type\":\"PropertyValueSpecification\",\"valueRequired\":true,\"valueName\":\"search_term_string\"}}],\"inLanguage\":\"en-US\"},{\"@type\":\"Organization\",\"@id\":\"https:\\\/\\\/www.pmg.lv\\\/en\\\/#organization\",\"name\":\"PMG \u2013 B\u016bvprojektu vad\u012bbas grupa\",\"url\":\"https:\\\/\\\/www.pmg.lv\\\/en\\\/\",\"logo\":{\"@type\":\"ImageObject\",\"inLanguage\":\"en-US\",\"@id\":\"https:\\\/\\\/www.pmg.lv\\\/en\\\/#\\\/schema\\\/logo\\\/image\\\/\",\"url\":\"https:\\\/\\\/www.pmg.lv\\\/wp-content\\\/uploads\\\/2021\\\/04\\\/PMG_logo2.png\",\"contentUrl\":\"https:\\\/\\\/www.pmg.lv\\\/wp-content\\\/uploads\\\/2021\\\/04\\\/PMG_logo2.png\",\"width\":531,\"height\":287,\"caption\":\"PMG \u2013 B\u016bvprojektu vad\u012bbas grupa\"},\"image\":{\"@id\":\"https:\\\/\\\/www.pmg.lv\\\/en\\\/#\\\/schema\\\/logo\\\/image\\\/\"},\"sameAs\":[\"https:\\\/\\\/www.facebook.com\\\/p.m.g.buvprojekti\"]}]}<\/script>\n<!-- \/ Yoast SEO plugin. -->","yoast_head_json":{"title":"Industrial buildings and engineering structures - PMG \u2013 B\u016bvprojektu vad\u012bbas grupa","robots":{"index":"index","follow":"follow","max-snippet":"max-snippet:-1","max-image-preview":"max-image-preview:large","max-video-preview":"max-video-preview:-1"},"canonical":"https:\/\/www.pmg.lv\/en\/construction-supervision\/engineering-structures\/","og_locale":"en_US","og_type":"article","og_title":"Industrial buildings and engineering structures - PMG \u2013 B\u016bvprojektu vad\u012bbas grupa","og_url":"https:\/\/www.pmg.lv\/en\/construction-supervision\/engineering-structures\/","og_site_name":"PMG \u2013 B\u016bvprojektu vad\u012bbas grupa","article_publisher":"https:\/\/www.facebook.com\/p.m.g.buvprojekti","article_modified_time":"2022-02-28T11:52:26+00:00","twitter_card":"summary_large_image","twitter_misc":{"Est. reading time":"2 minutes"},"schema":{"@context":"https:\/\/schema.org","@graph":[{"@type":"WebPage","@id":"https:\/\/www.pmg.lv\/en\/construction-supervision\/engineering-structures\/","url":"https:\/\/www.pmg.lv\/en\/construction-supervision\/engineering-structures\/","name":"Industrial buildings and engineering structures - PMG \u2013 B\u016bvprojektu vad\u012bbas grupa","isPartOf":{"@id":"https:\/\/www.pmg.lv\/en\/#website"},"datePublished":"2021-08-17T10:26:12+00:00","dateModified":"2022-02-28T11:52:26+00:00","breadcrumb":{"@id":"https:\/\/www.pmg.lv\/en\/construction-supervision\/engineering-structures\/#breadcrumb"},"inLanguage":"en-US","potentialAction":[{"@type":"ReadAction","target":["https:\/\/www.pmg.lv\/en\/construction-supervision\/engineering-structures\/"]}]},{"@type":"BreadcrumbList","@id":"https:\/\/www.pmg.lv\/en\/construction-supervision\/engineering-structures\/#breadcrumb","itemListElement":[{"@type":"ListItem","position":1,"name":"Home","item":"https:\/\/www.pmg.lv\/en\/home\/"},{"@type":"ListItem","position":2,"name":"Construction supervision","item":"https:\/\/www.pmg.lv\/en\/construction-supervision\/"},{"@type":"ListItem","position":3,"name":"Industrial buildings and engineering structures"}]},{"@type":"WebSite","@id":"https:\/\/www.pmg.lv\/en\/#website","url":"https:\/\/www.pmg.lv\/en\/","name":"PMG \u2013 B\u016bvprojektu vad\u012bbas grupa","description":"B\u016bvniec\u012bba | Projekt\u0113\u0161ana | B\u016bvuzraudz\u012bba","publisher":{"@id":"https:\/\/www.pmg.lv\/en\/#organization"},"potentialAction":[{"@type":"SearchAction","target":{"@type":"EntryPoint","urlTemplate":"https:\/\/www.pmg.lv\/en\/?s={search_term_string}"},"query-input":{"@type":"PropertyValueSpecification","valueRequired":true,"valueName":"search_term_string"}}],"inLanguage":"en-US"},{"@type":"Organization","@id":"https:\/\/www.pmg.lv\/en\/#organization","name":"PMG \u2013 B\u016bvprojektu vad\u012bbas grupa","url":"https:\/\/www.pmg.lv\/en\/","logo":{"@type":"ImageObject","inLanguage":"en-US","@id":"https:\/\/www.pmg.lv\/en\/#\/schema\/logo\/image\/","url":"https:\/\/www.pmg.lv\/wp-content\/uploads\/2021\/04\/PMG_logo2.png","contentUrl":"https:\/\/www.pmg.lv\/wp-content\/uploads\/2021\/04\/PMG_logo2.png","width":531,"height":287,"caption":"PMG \u2013 B\u016bvprojektu vad\u012bbas grupa"},"image":{"@id":"https:\/\/www.pmg.lv\/en\/#\/schema\/logo\/image\/"},"sameAs":["https:\/\/www.facebook.com\/p.m.g.buvprojekti"]}]}},"_links":{"self":[{"href":"https:\/\/www.pmg.lv\/en\/wp-json\/wp\/v2\/pages\/1319","targetHints":{"allow":["GET"]}}],"collection":[{"href":"https:\/\/www.pmg.lv\/en\/wp-json\/wp\/v2\/pages"}],"about":[{"href":"https:\/\/www.pmg.lv\/en\/wp-json\/wp\/v2\/types\/page"}],"author":[{"embeddable":true,"href":"https:\/\/www.pmg.lv\/en\/wp-json\/wp\/v2\/users\/1"}],"replies":[{"embeddable":true,"href":"https:\/\/www.pmg.lv\/en\/wp-json\/wp\/v2\/comments?post=1319"}],"version-history":[{"count":5,"href":"https:\/\/www.pmg.lv\/en\/wp-json\/wp\/v2\/pages\/1319\/revisions"}],"predecessor-version":[{"id":8542,"href":"https:\/\/www.pmg.lv\/en\/wp-json\/wp\/v2\/pages\/1319\/revisions\/8542"}],"up":[{"embeddable":true,"href":"https:\/\/www.pmg.lv\/en\/wp-json\/wp\/v2\/pages\/1306"}],"wp:attachment":[{"href":"https:\/\/www.pmg.lv\/en\/wp-json\/wp\/v2\/media?parent=1319"}],"curies":[{"name":"wp","href":"https:\/\/api.w.org\/{rel}","templated":true}]}}