{"id":1353,"date":"2021-08-17T13:30:08","date_gmt":"2021-08-17T10:30:08","guid":{"rendered":"https:\/\/pmg.bumbierkoks.com\/design\/boiler-houses-and-biomass-plants\/"},"modified":"2022-02-28T14:24:03","modified_gmt":"2022-02-28T12:24:03","slug":"boiler-houses-and-biomass-plants","status":"publish","type":"page","link":"https:\/\/www.pmg.lv\/en\/design\/boiler-houses-and-biomass-plants\/","title":{"rendered":"Boiler houses and biomass plants"},"content":{"rendered":"\n<style type=\"text\/css\" data-created_by=\"avia_inline_auto\" id=\"style-css-av-kojw92pn-4829f859da70e7a29d9618ee932fb977\">\n#top .av-special-heading.av-kojw92pn-4829f859da70e7a29d9618ee932fb977{\npadding-bottom:30px;\n}\nbody .av-special-heading.av-kojw92pn-4829f859da70e7a29d9618ee932fb977 .av-special-heading-tag .heading-char{\nfont-size:25px;\n}\n.av-special-heading.av-kojw92pn-4829f859da70e7a29d9618ee932fb977 .av-subheading{\nfont-size:15px;\n}\n<\/style>\n<div  class='av-special-heading av-kojw92pn-4829f859da70e7a29d9618ee932fb977 av-special-heading-h2  avia-builder-el-0  el_before_av_submenu  avia-builder-el-no-sibling '><h2 class='av-special-heading-tag '  itemprop=\"headline\"  >Design | Boiler houses and biomass plants<\/h2><div class=\"special-heading-border\"><div class=\"special-heading-inner-border\"><\/div><\/div><\/div>\n<\/div><\/div><\/div><!-- close content main div --><\/div><\/div><div class='clear'><\/div><div id='sub_menu1'  class='av-submenu-container av-ly03u-a424b287d779349c57cdee32f7d67693 main_color  avia-builder-el-1  el_after_av_heading  el_before_av_masonry_entries  av-sticky-submenu submenu-not-first container_wrap fullsize' style='z-index:301' ><div class='container av-menu-mobile-disabled av-submenu-pos-left'><ul id=\"menu-projektesana-en\" class=\"av-subnav-menu\" role=\"menu\"><li role=\"menuitem\" id=\"menu-item-5905\" class=\"menu-item menu-item-type-post_type menu-item-object-page menu-item-top-level menu-item-top-level-1\"><a href=\"https:\/\/www.pmg.lv\/en\/design\/industrial-buildings\/\" itemprop=\"url\" tabindex=\"0\"><span class=\"avia-bullet\"><\/span><span class=\"avia-menu-text\">Industrial buildings and warehouses<\/span><span class=\"avia-menu-fx\"><span class=\"avia-arrow-wrap\"><span class=\"avia-arrow\"><\/span><\/span><\/span><\/a><\/li>\n<li role=\"menuitem\" id=\"menu-item-5906\" class=\"menu-item menu-item-type-post_type menu-item-object-page menu-item-top-level menu-item-top-level-2\"><a href=\"https:\/\/www.pmg.lv\/en\/design\/agricultural-buildings-and-barns\/\" itemprop=\"url\" tabindex=\"0\"><span class=\"avia-bullet\"><\/span><span class=\"avia-menu-text\">Agricultural buildings and barns<\/span><span class=\"avia-menu-fx\"><span class=\"avia-arrow-wrap\"><span class=\"avia-arrow\"><\/span><\/span><\/span><\/a><\/li>\n<li role=\"menuitem\" id=\"menu-item-5907\" class=\"menu-item menu-item-type-post_type menu-item-object-page menu-item-top-level menu-item-top-level-3\"><a href=\"https:\/\/www.pmg.lv\/en\/design\/boiler-houses-and-biomass-plants\/\" itemprop=\"url\" tabindex=\"0\"><span class=\"avia-bullet\"><\/span><span class=\"avia-menu-text\">Boiler houses and biomass plants<\/span><span class=\"avia-menu-fx\"><span class=\"avia-arrow-wrap\"><span class=\"avia-arrow\"><\/span><\/span><\/span><\/a><\/li>\n<li role=\"menuitem\" id=\"menu-item-5904\" class=\"menu-item menu-item-type-post_type menu-item-object-page menu-item-top-level menu-item-top-level-4\"><a href=\"https:\/\/www.pmg.lv\/en\/design\/public-and-residential-buildings\/\" itemprop=\"url\" tabindex=\"0\"><span class=\"avia-bullet\"><\/span><span class=\"avia-menu-text\">Public and residential buildings<\/span><span class=\"avia-menu-fx\"><span class=\"avia-arrow-wrap\"><span class=\"avia-arrow\"><\/span><\/span><\/span><\/a><\/li>\n<\/ul><\/div><\/div><div class='sticky_placeholder'><\/div>\n<div id='av-masonry-1' class='av-masonry av-kojwbsuv-f26900bd0374325f177ac902f888631a noHover av-fixed-size av-1px-gap av-hover-overlay-active av-masonry-animation-active av-masonry-col-flexible av-caption-always av-caption-style-overlay av-masonry-entries ' data-post_id=\"1353\"><div class=\"av-masonry-container isotope av-js-disabled\"><div class='av-masonry-entry isotope-item av-masonry-item-no-image '><\/div><a href=\"https:\/\/www.pmg.lv\/en\/portfolio-item\/wood-chip-boiler-house-reconstruction-in-valdemarpils-capacity-13-mw-2\/\"  id='av-masonry-1-item-8578' data-av-masonry-item='8578' class='av-masonry-entry isotope-item post-8578 portfolio type-portfolio status-publish has-post-thumbnail hentry portfolio_entries-boiler-houses-and-biomass-plants-en portfolio_entries-design  av-masonry-item-with-image av-grid-img' title=\"\u0160\u0137eldas katlu m\u0101ja Valdem\u0101rpil\u012b, jauda 1,3 MW\"   itemscope=\"itemscope\" itemtype=\"https:\/\/schema.org\/CreativeWork\" ><div class='av-inner-masonry-sizer'><\/div><figure class='av-inner-masonry main_color'><div class=\"av-masonry-outerimage-container\"><div class='av-masonry-image-container' style=\"background-image: url(https:\/\/www.pmg.lv\/wp-content\/uploads\/2023\/01\/skeldas-katlu-maja-valdemarpili-jauda-13-mw-705x529.jpg);\"  title=\"\u0160\u0137eldas katlu m\u0101ja Valdem\u0101rpil\u012b, jauda 1,3 MW\" ><\/div><\/div><figcaption class='av-inner-masonry-content site-background'><div class='av-inner-masonry-content-pos'><div class='av-inner-masonry-content-pos-content'><div class='avia-arrow'><\/div><h3 class='av-masonry-entry-title entry-title '  itemprop=\"headline\" >Wood chip boiler house reconstruction in Valdem\u0101rpils (capacity: 1,3 MW)<\/h3><\/div><\/div><\/figcaption><\/figure><\/a><!--end av-masonry entry--><a href=\"https:\/\/www.pmg.lv\/en\/portfolio-item\/wood-pellet-boiler-house-reconstruction-in-ergeme-capacity-0-5-mw\/\"  id='av-masonry-1-item-6629' data-av-masonry-item='6629' class='av-masonry-entry isotope-item post-6629 portfolio type-portfolio status-publish has-post-thumbnail hentry portfolio_entries-boiler-houses-and-biomass-plants-en portfolio_entries-design  av-masonry-item-with-image av-grid-img' title=\"Wood pellet boiler house reconstruction in \u0112r\u0123eme (capacity: 0.5 MW)\"   itemscope=\"itemscope\" itemtype=\"https:\/\/schema.org\/CreativeWork\" ><div class='av-inner-masonry-sizer'><\/div><figure class='av-inner-masonry main_color'><div class=\"av-masonry-outerimage-container\"><div class='av-masonry-image-container' style=\"background-image: url(https:\/\/www.pmg.lv\/wp-content\/uploads\/2021\/08\/koksnes-granulu-katlu-maja-ergeme-jauda-500kw-705x529.jpg);\"  title=\"Wood pellet boiler house reconstruction in \u0112r\u0123eme (capacity: 0.5 MW)\" ><\/div><\/div><figcaption class='av-inner-masonry-content site-background'><div class='av-inner-masonry-content-pos'><div class='av-inner-masonry-content-pos-content'><div class='avia-arrow'><\/div><h3 class='av-masonry-entry-title entry-title '  itemprop=\"headline\" >Wood pellet boiler house reconstruction in \u0112r\u0123eme (capacity: 0.5 MW)<\/h3><\/div><\/div><\/figcaption><\/figure><\/a><!--end av-masonry entry--><a href=\"https:\/\/www.pmg.lv\/en\/portfolio-item\/boiler-house-renovation-in-valka-capacity-3-5mw\/\"  id='av-masonry-1-item-6626' data-av-masonry-item='6626' class='av-masonry-entry isotope-item post-6626 portfolio type-portfolio status-publish has-post-thumbnail hentry portfolio_entries-boiler-houses-and-biomass-plants-en portfolio_entries-design  av-masonry-item-with-image av-grid-img' title=\"Boiler house renovation in Valka (capacity: 3.5 MW)\"   itemscope=\"itemscope\" itemtype=\"https:\/\/schema.org\/CreativeWork\" ><div class='av-inner-masonry-sizer'><\/div><figure class='av-inner-masonry main_color'><div class=\"av-masonry-outerimage-container\"><div class='av-masonry-image-container' style=\"background-image: url(https:\/\/www.pmg.lv\/wp-content\/uploads\/2022\/01\/valkas-katlu-maja-35-mw-705x419.jpg);\"  title=\"Boiler house renovation in Valka (capacity: 3.5 MW)\" ><\/div><\/div><figcaption class='av-inner-masonry-content site-background'><div class='av-inner-masonry-content-pos'><div class='av-inner-masonry-content-pos-content'><div class='avia-arrow'><\/div><h3 class='av-masonry-entry-title entry-title '  itemprop=\"headline\" >Boiler house renovation in Valka (capacity: 3.5MW)<\/h3><\/div><\/div><\/figcaption><\/figure><\/a><!--end av-masonry entry--><a href=\"https:\/\/www.pmg.lv\/en\/portfolio-item\/boiler-house-reconstruction-in-riga-capacity-3-mw\/\"  id='av-masonry-1-item-6617' data-av-masonry-item='6617' class='av-masonry-entry isotope-item post-6617 portfolio type-portfolio status-publish has-post-thumbnail hentry portfolio_entries-boiler-houses-and-biomass-plants-en portfolio_entries-design  av-masonry-item-with-image av-grid-img' title=\"Boiler house reconstruction in Riga (capacity: 3 MW)\"   itemscope=\"itemscope\" itemtype=\"https:\/\/schema.org\/CreativeWork\" ><div class='av-inner-masonry-sizer'><\/div><figure class='av-inner-masonry main_color'><div class=\"av-masonry-outerimage-container\"><div class='av-masonry-image-container' style=\"background-image: url(https:\/\/www.pmg.lv\/wp-content\/uploads\/2021\/08\/gazes-katlumajas-rekonstrukcija-riga-jauda-3-mw-3-705x468.jpg);\"  title=\"Boiler house reconstruction in Riga (capacity: 3 MW)\" ><\/div><\/div><figcaption class='av-inner-masonry-content site-background'><div class='av-inner-masonry-content-pos'><div class='av-inner-masonry-content-pos-content'><div class='avia-arrow'><\/div><h3 class='av-masonry-entry-title entry-title '  itemprop=\"headline\" >Boiler house reconstruction in Riga (capacity: 3 MW)<\/h3><\/div><\/div><\/figcaption><\/figure><\/a><!--end av-masonry entry--><a href=\"https:\/\/www.pmg.lv\/en\/portfolio-item\/wood-pellet-boiler-house-construction-in-seli-capacity-0-25-mw\/\"  id='av-masonry-1-item-6614' data-av-masonry-item='6614' class='av-masonry-entry isotope-item post-6614 portfolio type-portfolio status-publish has-post-thumbnail hentry portfolio_entries-boiler-houses-and-biomass-plants-en portfolio_entries-design  av-masonry-item-with-image av-grid-img' title=\"Wood pellet boiler house construction in S\u0113\u013ci (capacity: 0.25 MW)\"   itemscope=\"itemscope\" itemtype=\"https:\/\/schema.org\/CreativeWork\" ><div class='av-inner-masonry-sizer'><\/div><figure class='av-inner-masonry main_color'><div class=\"av-masonry-outerimage-container\"><div class='av-masonry-image-container' style=\"background-image: url(https:\/\/www.pmg.lv\/wp-content\/uploads\/2021\/08\/koksnes-granulu-katlu-maja-selos-025-mw-.-705x529.jpg);\"  title=\"Wood pellet boiler house construction in S\u0113\u013ci (capacity: 0.25 MW)\" ><\/div><\/div><figcaption class='av-inner-masonry-content site-background'><div class='av-inner-masonry-content-pos'><div class='av-inner-masonry-content-pos-content'><div class='avia-arrow'><\/div><h3 class='av-masonry-entry-title entry-title '  itemprop=\"headline\" >Wood pellet boiler house construction in S\u0113\u013ci (capacity: 0.25 MW)<\/h3><\/div><\/div><\/figcaption><\/figure><\/a><!--end av-masonry entry--><a href=\"https:\/\/www.pmg.lv\/en\/portfolio-item\/biogas-plant-tasi-with-an-electrical-capacity-of-0-5-mw\/\"  id='av-masonry-1-item-6594' data-av-masonry-item='6594' class='av-masonry-entry isotope-item post-6594 portfolio type-portfolio status-publish has-post-thumbnail hentry portfolio_entries-boiler-houses-and-biomass-plants-en portfolio_entries-design  av-masonry-item-with-image av-landscape-img' title=\"Biogas plant T\u0100\u0160I with an electrical capacity of 0.5 MW\"   itemscope=\"itemscope\" itemtype=\"https:\/\/schema.org\/CreativeWork\" ><div class='av-inner-masonry-sizer'><\/div><figure class='av-inner-masonry main_color'><div class=\"av-masonry-outerimage-container\"><div class='av-masonry-image-container' style=\"background-image: url(https:\/\/www.pmg.lv\/wp-content\/uploads\/2021\/08\/biogazes-razotne-ar-jaudu-05mw-705x286.jpg);\"  title=\"Biogas plant T\u0100\u0160I with an electrical capacity of 0.5 MW\" ><\/div><\/div><figcaption class='av-inner-masonry-content site-background'><div class='av-inner-masonry-content-pos'><div class='av-inner-masonry-content-pos-content'><div class='avia-arrow'><\/div><h3 class='av-masonry-entry-title entry-title '  itemprop=\"headline\" >Biogas plant T\u0100\u0160I with an electrical capacity of 0.5 MW<\/h3><\/div><\/div><\/figcaption><\/figure><\/a><!--end av-masonry entry--><a href=\"https:\/\/www.pmg.lv\/en\/portfolio-item\/biogas-plant-jaunstraumeni-with-an-electrical-capacity-of-1-mw\/\"  id='av-masonry-1-item-6591' data-av-masonry-item='6591' class='av-masonry-entry isotope-item post-6591 portfolio type-portfolio status-publish has-post-thumbnail hentry portfolio_entries-boiler-houses-and-biomass-plants-en portfolio_entries-design  av-masonry-item-with-image av-grid-img' title=\"Biogas plant JAUNSTRAUM\u0112NI with an electrical capacity of 1 MW\"   itemscope=\"itemscope\" itemtype=\"https:\/\/schema.org\/CreativeWork\" ><div class='av-inner-masonry-sizer'><\/div><figure class='av-inner-masonry main_color'><div class=\"av-masonry-outerimage-container\"><div class='av-masonry-image-container' style=\"background-image: url(https:\/\/www.pmg.lv\/wp-content\/uploads\/2021\/08\/biogazes-razotne-jauda-1-mw-jaunstraumeni-705x529.jpg);\"  title=\"Biogas plant JAUNSTRAUM\u0112NI with an electrical capacity of 1 MW\" ><\/div><\/div><figcaption class='av-inner-masonry-content site-background'><div class='av-inner-masonry-content-pos'><div class='av-inner-masonry-content-pos-content'><div class='avia-arrow'><\/div><h3 class='av-masonry-entry-title entry-title '  itemprop=\"headline\" >Biogas plant JAUNSTRAUM\u0112NI with an electrical capacity of 1 MW<\/h3><\/div><\/div><\/figcaption><\/figure><\/a><!--end av-masonry entry--><a href=\"https:\/\/www.pmg.lv\/en\/portfolio-item\/wood-chip-boiler-house-in-incukalns-capacity-2-5mw\/\"  id='av-masonry-1-item-6588' data-av-masonry-item='6588' class='av-masonry-entry isotope-item post-6588 portfolio type-portfolio status-publish has-post-thumbnail hentry portfolio_entries-boiler-houses-and-biomass-plants-en portfolio_entries-design  av-masonry-item-with-image av-grid-img' title=\"Wood chip boiler house in In\u010dukalns (capacity: 2.5MW)\"   itemscope=\"itemscope\" itemtype=\"https:\/\/schema.org\/CreativeWork\" ><div class='av-inner-masonry-sizer'><\/div><figure class='av-inner-masonry main_color'><div class=\"av-masonry-outerimage-container\"><div class='av-masonry-image-container' style=\"background-image: url(https:\/\/www.pmg.lv\/wp-content\/uploads\/2021\/08\/skeldas-katlumaja-jauda-25-mw-705x529.jpg);\"  title=\"Wood chip boiler house in In\u010dukalns (capacity: 2.5MW)\" ><\/div><\/div><figcaption class='av-inner-masonry-content site-background'><div class='av-inner-masonry-content-pos'><div class='av-inner-masonry-content-pos-content'><div class='avia-arrow'><\/div><h3 class='av-masonry-entry-title entry-title '  itemprop=\"headline\" >Wood chip boiler house in In\u010dukalns (capacity: 2.5MW)<\/h3><\/div><\/div><\/figcaption><\/figure><\/a><!--end av-masonry entry--><a href=\"https:\/\/www.pmg.lv\/en\/portfolio-item\/wood-chip-boiler-house-in-madona-capacity-6-mw\/\"  id='av-masonry-1-item-6583' data-av-masonry-item='6583' class='av-masonry-entry isotope-item post-6583 portfolio type-portfolio status-publish has-post-thumbnail hentry portfolio_entries-boiler-houses-and-biomass-plants-en portfolio_entries-design  av-masonry-item-with-image av-grid-img' title=\"Wood chip boiler house in Madona (capacity: 6 MW)\"   itemscope=\"itemscope\" itemtype=\"https:\/\/schema.org\/CreativeWork\" ><div class='av-inner-masonry-sizer'><\/div><figure class='av-inner-masonry main_color'><div class=\"av-masonry-outerimage-container\"><div class='av-masonry-image-container' style=\"background-image: url(https:\/\/www.pmg.lv\/wp-content\/uploads\/2021\/08\/skeldas-katlu-maja-madona-jauda-6-mw-529x705.jpg);\"  title=\"Wood chip boiler house in Madona (capacity: 6 MW)\" ><\/div><\/div><figcaption class='av-inner-masonry-content site-background'><div class='av-inner-masonry-content-pos'><div class='av-inner-masonry-content-pos-content'><div class='avia-arrow'><\/div><h3 class='av-masonry-entry-title entry-title '  itemprop=\"headline\" >Wood chip boiler house in Madona (capacity: 6 MW)<\/h3><\/div><\/div><\/figcaption><\/figure><\/a><!--end av-masonry entry--><a href=\"https:\/\/www.pmg.lv\/en\/portfolio-item\/chp-plant-in-kalnadomeni-electrical-capacity-0-5-mw-heat-output-0-5-mw\/\"  id='av-masonry-1-item-6572' data-av-masonry-item='6572' class='av-masonry-entry isotope-item post-6572 portfolio type-portfolio status-publish has-post-thumbnail hentry portfolio_entries-boiler-houses-and-biomass-plants-en portfolio_entries-design  av-masonry-item-with-image av-grid-img' title=\"CHP plant in Kalnadom\u0113ni  (electrical capacity: 0.5 MW, heat output: 0.5 MW)\"   itemscope=\"itemscope\" itemtype=\"https:\/\/schema.org\/CreativeWork\" ><div class='av-inner-masonry-sizer'><\/div><figure class='av-inner-masonry main_color'><div class=\"av-masonry-outerimage-container\"><div class='av-masonry-image-container' style=\"background-image: url(https:\/\/www.pmg.lv\/wp-content\/uploads\/2021\/08\/biogazes-un-kogeneracijas-stacija-kalnadomeni.-705x468.jpg);\"  title=\"CHP plant in Kalnadom\u0113ni  (electrical capacity: 0.5 MW, heat output: 0.5 MW)\" ><\/div><\/div><figcaption class='av-inner-masonry-content site-background'><div class='av-inner-masonry-content-pos'><div class='av-inner-masonry-content-pos-content'><div class='avia-arrow'><\/div><h3 class='av-masonry-entry-title entry-title '  itemprop=\"headline\" >CHP plant in Kalnadom\u0113ni  (electrical capacity: 0.5 MW, heat output: 0.5 MW)<\/h3><\/div><\/div><\/figcaption><\/figure><\/a><!--end av-masonry entry--><\/div><\/div>\n","protected":false},"excerpt":{"rendered":"","protected":false},"author":1,"featured_media":0,"parent":1342,"menu_order":0,"comment_status":"closed","ping_status":"closed","template":"","meta":{"footnotes":""},"class_list":["post-1353","page","type-page","status-publish","hentry"],"yoast_head":"<!-- This site is optimized with the Yoast SEO plugin v26.8 - https:\/\/yoast.com\/product\/yoast-seo-wordpress\/ -->\n<title>Boiler houses and biomass plants - PMG \u2013 B\u016bvprojektu vad\u012bbas grupa<\/title>\n<meta name=\"robots\" content=\"index, follow, max-snippet:-1, max-image-preview:large, max-video-preview:-1\" \/>\n<link rel=\"canonical\" href=\"https:\/\/www.pmg.lv\/en\/design\/boiler-houses-and-biomass-plants\/\" \/>\n<meta property=\"og:locale\" content=\"en_US\" \/>\n<meta property=\"og:type\" content=\"article\" \/>\n<meta property=\"og:title\" content=\"Boiler houses and biomass plants - PMG \u2013 B\u016bvprojektu vad\u012bbas grupa\" \/>\n<meta property=\"og:url\" content=\"https:\/\/www.pmg.lv\/en\/design\/boiler-houses-and-biomass-plants\/\" \/>\n<meta property=\"og:site_name\" content=\"PMG \u2013 B\u016bvprojektu vad\u012bbas grupa\" \/>\n<meta property=\"article:publisher\" content=\"https:\/\/www.facebook.com\/p.m.g.buvprojekti\" \/>\n<meta property=\"article:modified_time\" content=\"2022-02-28T12:24:03+00:00\" \/>\n<meta name=\"twitter:card\" content=\"summary_large_image\" \/>\n<meta name=\"twitter:label1\" content=\"Est. reading time\" \/>\n\t<meta name=\"twitter:data1\" content=\"1 minute\" \/>\n<script type=\"application\/ld+json\" class=\"yoast-schema-graph\">{\"@context\":\"https:\/\/schema.org\",\"@graph\":[{\"@type\":\"WebPage\",\"@id\":\"https:\/\/www.pmg.lv\/en\/design\/boiler-houses-and-biomass-plants\/\",\"url\":\"https:\/\/www.pmg.lv\/en\/design\/boiler-houses-and-biomass-plants\/\",\"name\":\"Boiler houses and biomass plants - PMG \u2013 B\u016bvprojektu vad\u012bbas grupa\",\"isPartOf\":{\"@id\":\"https:\/\/www.pmg.lv\/en\/#website\"},\"datePublished\":\"2021-08-17T10:30:08+00:00\",\"dateModified\":\"2022-02-28T12:24:03+00:00\",\"breadcrumb\":{\"@id\":\"https:\/\/www.pmg.lv\/en\/design\/boiler-houses-and-biomass-plants\/#breadcrumb\"},\"inLanguage\":\"en-US\",\"potentialAction\":[{\"@type\":\"ReadAction\",\"target\":[\"https:\/\/www.pmg.lv\/en\/design\/boiler-houses-and-biomass-plants\/\"]}]},{\"@type\":\"BreadcrumbList\",\"@id\":\"https:\/\/www.pmg.lv\/en\/design\/boiler-houses-and-biomass-plants\/#breadcrumb\",\"itemListElement\":[{\"@type\":\"ListItem\",\"position\":1,\"name\":\"Home\",\"item\":\"https:\/\/www.pmg.lv\/en\/home\/\"},{\"@type\":\"ListItem\",\"position\":2,\"name\":\"Design\",\"item\":\"https:\/\/www.pmg.lv\/en\/design\/\"},{\"@type\":\"ListItem\",\"position\":3,\"name\":\"Boiler houses and biomass plants\"}]},{\"@type\":\"WebSite\",\"@id\":\"https:\/\/www.pmg.lv\/en\/#website\",\"url\":\"https:\/\/www.pmg.lv\/en\/\",\"name\":\"PMG \u2013 B\u016bvprojektu vad\u012bbas grupa\",\"description\":\"B\u016bvniec\u012bba | Projekt\u0113\u0161ana | B\u016bvuzraudz\u012bba\",\"publisher\":{\"@id\":\"https:\/\/www.pmg.lv\/en\/#organization\"},\"potentialAction\":[{\"@type\":\"SearchAction\",\"target\":{\"@type\":\"EntryPoint\",\"urlTemplate\":\"https:\/\/www.pmg.lv\/en\/?s={search_term_string}\"},\"query-input\":{\"@type\":\"PropertyValueSpecification\",\"valueRequired\":true,\"valueName\":\"search_term_string\"}}],\"inLanguage\":\"en-US\"},{\"@type\":\"Organization\",\"@id\":\"https:\/\/www.pmg.lv\/en\/#organization\",\"name\":\"PMG \u2013 B\u016bvprojektu vad\u012bbas grupa\",\"url\":\"https:\/\/www.pmg.lv\/en\/\",\"logo\":{\"@type\":\"ImageObject\",\"inLanguage\":\"en-US\",\"@id\":\"https:\/\/www.pmg.lv\/en\/#\/schema\/logo\/image\/\",\"url\":\"https:\/\/www.pmg.lv\/wp-content\/uploads\/2021\/04\/PMG_logo2.png\",\"contentUrl\":\"https:\/\/www.pmg.lv\/wp-content\/uploads\/2021\/04\/PMG_logo2.png\",\"width\":531,\"height\":287,\"caption\":\"PMG \u2013 B\u016bvprojektu vad\u012bbas grupa\"},\"image\":{\"@id\":\"https:\/\/www.pmg.lv\/en\/#\/schema\/logo\/image\/\"},\"sameAs\":[\"https:\/\/www.facebook.com\/p.m.g.buvprojekti\"]}]}<\/script>\n<!-- \/ Yoast SEO plugin. -->","yoast_head_json":{"title":"Boiler houses and biomass plants - PMG \u2013 B\u016bvprojektu vad\u012bbas grupa","robots":{"index":"index","follow":"follow","max-snippet":"max-snippet:-1","max-image-preview":"max-image-preview:large","max-video-preview":"max-video-preview:-1"},"canonical":"https:\/\/www.pmg.lv\/en\/design\/boiler-houses-and-biomass-plants\/","og_locale":"en_US","og_type":"article","og_title":"Boiler houses and biomass plants - PMG \u2013 B\u016bvprojektu vad\u012bbas grupa","og_url":"https:\/\/www.pmg.lv\/en\/design\/boiler-houses-and-biomass-plants\/","og_site_name":"PMG \u2013 B\u016bvprojektu vad\u012bbas grupa","article_publisher":"https:\/\/www.facebook.com\/p.m.g.buvprojekti","article_modified_time":"2022-02-28T12:24:03+00:00","twitter_card":"summary_large_image","twitter_misc":{"Est. reading time":"1 minute"},"schema":{"@context":"https:\/\/schema.org","@graph":[{"@type":"WebPage","@id":"https:\/\/www.pmg.lv\/en\/design\/boiler-houses-and-biomass-plants\/","url":"https:\/\/www.pmg.lv\/en\/design\/boiler-houses-and-biomass-plants\/","name":"Boiler houses and biomass plants - PMG \u2013 B\u016bvprojektu vad\u012bbas grupa","isPartOf":{"@id":"https:\/\/www.pmg.lv\/en\/#website"},"datePublished":"2021-08-17T10:30:08+00:00","dateModified":"2022-02-28T12:24:03+00:00","breadcrumb":{"@id":"https:\/\/www.pmg.lv\/en\/design\/boiler-houses-and-biomass-plants\/#breadcrumb"},"inLanguage":"en-US","potentialAction":[{"@type":"ReadAction","target":["https:\/\/www.pmg.lv\/en\/design\/boiler-houses-and-biomass-plants\/"]}]},{"@type":"BreadcrumbList","@id":"https:\/\/www.pmg.lv\/en\/design\/boiler-houses-and-biomass-plants\/#breadcrumb","itemListElement":[{"@type":"ListItem","position":1,"name":"Home","item":"https:\/\/www.pmg.lv\/en\/home\/"},{"@type":"ListItem","position":2,"name":"Design","item":"https:\/\/www.pmg.lv\/en\/design\/"},{"@type":"ListItem","position":3,"name":"Boiler houses and biomass plants"}]},{"@type":"WebSite","@id":"https:\/\/www.pmg.lv\/en\/#website","url":"https:\/\/www.pmg.lv\/en\/","name":"PMG \u2013 B\u016bvprojektu vad\u012bbas grupa","description":"B\u016bvniec\u012bba | Projekt\u0113\u0161ana | B\u016bvuzraudz\u012bba","publisher":{"@id":"https:\/\/www.pmg.lv\/en\/#organization"},"potentialAction":[{"@type":"SearchAction","target":{"@type":"EntryPoint","urlTemplate":"https:\/\/www.pmg.lv\/en\/?s={search_term_string}"},"query-input":{"@type":"PropertyValueSpecification","valueRequired":true,"valueName":"search_term_string"}}],"inLanguage":"en-US"},{"@type":"Organization","@id":"https:\/\/www.pmg.lv\/en\/#organization","name":"PMG \u2013 B\u016bvprojektu vad\u012bbas grupa","url":"https:\/\/www.pmg.lv\/en\/","logo":{"@type":"ImageObject","inLanguage":"en-US","@id":"https:\/\/www.pmg.lv\/en\/#\/schema\/logo\/image\/","url":"https:\/\/www.pmg.lv\/wp-content\/uploads\/2021\/04\/PMG_logo2.png","contentUrl":"https:\/\/www.pmg.lv\/wp-content\/uploads\/2021\/04\/PMG_logo2.png","width":531,"height":287,"caption":"PMG \u2013 B\u016bvprojektu vad\u012bbas grupa"},"image":{"@id":"https:\/\/www.pmg.lv\/en\/#\/schema\/logo\/image\/"},"sameAs":["https:\/\/www.facebook.com\/p.m.g.buvprojekti"]}]}},"_links":{"self":[{"href":"https:\/\/www.pmg.lv\/en\/wp-json\/wp\/v2\/pages\/1353","targetHints":{"allow":["GET"]}}],"collection":[{"href":"https:\/\/www.pmg.lv\/en\/wp-json\/wp\/v2\/pages"}],"about":[{"href":"https:\/\/www.pmg.lv\/en\/wp-json\/wp\/v2\/types\/page"}],"author":[{"embeddable":true,"href":"https:\/\/www.pmg.lv\/en\/wp-json\/wp\/v2\/users\/1"}],"replies":[{"embeddable":true,"href":"https:\/\/www.pmg.lv\/en\/wp-json\/wp\/v2\/comments?post=1353"}],"version-history":[{"count":5,"href":"https:\/\/www.pmg.lv\/en\/wp-json\/wp\/v2\/pages\/1353\/revisions"}],"predecessor-version":[{"id":5965,"href":"https:\/\/www.pmg.lv\/en\/wp-json\/wp\/v2\/pages\/1353\/revisions\/5965"}],"up":[{"embeddable":true,"href":"https:\/\/www.pmg.lv\/en\/wp-json\/wp\/v2\/pages\/1342"}],"wp:attachment":[{"href":"https:\/\/www.pmg.lv\/en\/wp-json\/wp\/v2\/media?parent=1353"}],"curies":[{"name":"wp","href":"https:\/\/api.w.org\/{rel}","templated":true}]}}