{"id":1363,"date":"2021-08-17T13:30:48","date_gmt":"2021-08-17T10:30:48","guid":{"rendered":"https:\/\/pmg.bumbierkoks.com\/design\/industrial-buildings\/"},"modified":"2022-03-15T18:40:51","modified_gmt":"2022-03-15T16:40:51","slug":"industrial-buildings","status":"publish","type":"page","link":"https:\/\/www.pmg.lv\/en\/design\/industrial-buildings\/","title":{"rendered":"Industrial buildings and warehouses"},"content":{"rendered":"\n<style type=\"text\/css\" data-created_by=\"avia_inline_auto\" id=\"style-css-av-kojw92pn-75c6e2208c4afc9a48ab67c23895b4fc\">\n#top .av-special-heading.av-kojw92pn-75c6e2208c4afc9a48ab67c23895b4fc{\npadding-bottom:30px;\n}\nbody .av-special-heading.av-kojw92pn-75c6e2208c4afc9a48ab67c23895b4fc .av-special-heading-tag .heading-char{\nfont-size:25px;\n}\n.av-special-heading.av-kojw92pn-75c6e2208c4afc9a48ab67c23895b4fc .av-subheading{\nfont-size:15px;\n}\n<\/style>\n<div  class='av-special-heading av-kojw92pn-75c6e2208c4afc9a48ab67c23895b4fc av-special-heading-h2  avia-builder-el-0  el_before_av_submenu  avia-builder-el-no-sibling '><h2 class='av-special-heading-tag '  itemprop=\"headline\"  >Design | Industrial buildings and warehouses<\/h2><div class=\"special-heading-border\"><div class=\"special-heading-inner-border\"><\/div><\/div><\/div>\n<\/div><\/div><\/div><!-- close content main div --><\/div><\/div><div class='clear'><\/div><div id='sub_menu1'  class='av-submenu-container av-ky1w8ky9-e1226bb93cbe5d6e200099f63d58dcc8 main_color  avia-builder-el-1  el_after_av_heading  el_before_av_masonry_entries  av-sticky-submenu submenu-not-first container_wrap fullsize' style='z-index:301' ><div class='container av-menu-mobile-disabled av-submenu-pos-left'><ul id=\"menu-projektesana-en\" class=\"av-subnav-menu\" role=\"menu\"><li role=\"menuitem\" id=\"menu-item-5905\" class=\"menu-item menu-item-type-post_type menu-item-object-page menu-item-top-level menu-item-top-level-1\"><a href=\"https:\/\/www.pmg.lv\/en\/design\/industrial-buildings\/\" itemprop=\"url\" tabindex=\"0\"><span class=\"avia-bullet\"><\/span><span class=\"avia-menu-text\">Industrial buildings and warehouses<\/span><span class=\"avia-menu-fx\"><span class=\"avia-arrow-wrap\"><span class=\"avia-arrow\"><\/span><\/span><\/span><\/a><\/li>\n<li role=\"menuitem\" id=\"menu-item-5906\" class=\"menu-item menu-item-type-post_type menu-item-object-page menu-item-top-level menu-item-top-level-2\"><a href=\"https:\/\/www.pmg.lv\/en\/design\/agricultural-buildings-and-barns\/\" itemprop=\"url\" tabindex=\"0\"><span class=\"avia-bullet\"><\/span><span class=\"avia-menu-text\">Agricultural buildings and barns<\/span><span class=\"avia-menu-fx\"><span class=\"avia-arrow-wrap\"><span class=\"avia-arrow\"><\/span><\/span><\/span><\/a><\/li>\n<li role=\"menuitem\" id=\"menu-item-5907\" class=\"menu-item menu-item-type-post_type menu-item-object-page menu-item-top-level menu-item-top-level-3\"><a href=\"https:\/\/www.pmg.lv\/en\/design\/boiler-houses-and-biomass-plants\/\" itemprop=\"url\" tabindex=\"0\"><span class=\"avia-bullet\"><\/span><span class=\"avia-menu-text\">Boiler houses and biomass plants<\/span><span class=\"avia-menu-fx\"><span class=\"avia-arrow-wrap\"><span class=\"avia-arrow\"><\/span><\/span><\/span><\/a><\/li>\n<li role=\"menuitem\" id=\"menu-item-5904\" class=\"menu-item menu-item-type-post_type menu-item-object-page menu-item-top-level menu-item-top-level-4\"><a href=\"https:\/\/www.pmg.lv\/en\/design\/public-and-residential-buildings\/\" itemprop=\"url\" tabindex=\"0\"><span class=\"avia-bullet\"><\/span><span class=\"avia-menu-text\">Public and residential buildings<\/span><span class=\"avia-menu-fx\"><span class=\"avia-arrow-wrap\"><span class=\"avia-arrow\"><\/span><\/span><\/span><\/a><\/li>\n<\/ul><\/div><\/div><div class='sticky_placeholder'><\/div>\n<div id='av-masonry-1' class='av-masonry av-kojwbsuv-20c30666561693ed97081c8dd2f34929 noHover av-fixed-size av-1px-gap av-hover-overlay-active av-masonry-animation-active av-masonry-col-flexible av-caption-always av-caption-style-overlay av-masonry-entries ' data-post_id=\"1363\"><div class=\"av-masonry-container isotope av-js-disabled\"><div class='av-masonry-entry isotope-item av-masonry-item-no-image '><\/div><a href=\"https:\/\/www.pmg.lv\/en\/portfolio-item\/reconstruction-of-the-wagon-depot-production-area-in-riga\/\"  id='av-masonry-1-item-6663' data-av-masonry-item='6663' class='av-masonry-entry isotope-item post-6663 portfolio type-portfolio status-publish has-post-thumbnail hentry portfolio_entries-design portfolio_entries-futured portfolio_entries-industrial-buildings-en-2  av-masonry-item-with-image av-grid-img' title=\"Reconstruction of the wagon depot production area in Riga\"   itemscope=\"itemscope\" itemtype=\"https:\/\/schema.org\/CreativeWork\" ><div class='av-inner-masonry-sizer'><\/div><figure class='av-inner-masonry main_color'><div class=\"av-masonry-outerimage-container\"><div class='av-masonry-image-container' style=\"background-image: url(https:\/\/www.pmg.lv\/wp-content\/uploads\/2021\/08\/vagonu-depo-razosanas-zonas-rekonstrukcija...-705x526.jpg);\"  title=\"Reconstruction of the wagon depot production area in Riga\" ><\/div><\/div><figcaption class='av-inner-masonry-content site-background'><div class='av-inner-masonry-content-pos'><div class='av-inner-masonry-content-pos-content'><div class='avia-arrow'><\/div><h3 class='av-masonry-entry-title entry-title '  itemprop=\"headline\" >Reconstruction of the wagon depot production area in Riga<\/h3><\/div><\/div><\/figcaption><\/figure><\/a><!--end av-masonry entry--><a href=\"https:\/\/www.pmg.lv\/en\/portfolio-item\/construction-of-two-new-warehouses-buildings-k-and-m-in-riga\/\"  id='av-masonry-1-item-6660' data-av-masonry-item='6660' class='av-masonry-entry isotope-item post-6660 portfolio type-portfolio status-publish has-post-thumbnail hentry portfolio_entries-design portfolio_entries-industrial-buildings-en-2  av-masonry-item-with-image av-landscape-img' title=\"Construction of two new warehouses in Riga\"   itemscope=\"itemscope\" itemtype=\"https:\/\/schema.org\/CreativeWork\" ><div class='av-inner-masonry-sizer'><\/div><figure class='av-inner-masonry main_color'><div class=\"av-masonry-outerimage-container\"><div class='av-masonry-image-container' style=\"background-image: url(https:\/\/www.pmg.lv\/wp-content\/uploads\/2021\/08\/viegla-tipa-noliktavu-jaunbuve-riga-705x397.jpg);\"  title=\"Construction of two new warehouses in Riga\" ><\/div><\/div><figcaption class='av-inner-masonry-content site-background'><div class='av-inner-masonry-content-pos'><div class='av-inner-masonry-content-pos-content'><div class='avia-arrow'><\/div><h3 class='av-masonry-entry-title entry-title '  itemprop=\"headline\" >Construction of two new light-weight construction warehouses, buildings K and M, in Riga<\/h3><\/div><\/div><\/figcaption><\/figure><\/a><!--end av-masonry entry--><a href=\"https:\/\/www.pmg.lv\/en\/portfolio-item\/reconstruction-of-a-reinforced-concrete-sleeper-production-building-in-jelgava\/\"  id='av-masonry-1-item-6657' data-av-masonry-item='6657' class='av-masonry-entry isotope-item post-6657 portfolio type-portfolio status-publish has-post-thumbnail hentry portfolio_entries-design portfolio_entries-industrial-buildings-en-2  av-masonry-item-with-image av-landscape-img' title=\"Reconstruction of a reinforced concrete sleeper production building in Jelgava\"   itemscope=\"itemscope\" itemtype=\"https:\/\/schema.org\/CreativeWork\" ><div class='av-inner-masonry-sizer'><\/div><figure class='av-inner-masonry main_color'><div class=\"av-masonry-outerimage-container\"><div class='av-masonry-image-container' style=\"background-image: url(https:\/\/www.pmg.lv\/wp-content\/uploads\/2021\/08\/dzelzcela-gulsnu-rupnica-jelgava-705x377.jpg);\"  title=\"Reconstruction of a reinforced concrete sleeper production building in Jelgava\" ><\/div><\/div><figcaption class='av-inner-masonry-content site-background'><div class='av-inner-masonry-content-pos'><div class='av-inner-masonry-content-pos-content'><div class='avia-arrow'><\/div><h3 class='av-masonry-entry-title entry-title '  itemprop=\"headline\" >Reconstruction of a reinforced concrete sleeper production building in Jelgava<\/h3><\/div><\/div><\/figcaption><\/figure><\/a><!--end av-masonry entry--><a href=\"https:\/\/www.pmg.lv\/en\/portfolio-item\/construction-of-two-new-warehouses-in-riga\/\"  id='av-masonry-1-item-6654' data-av-masonry-item='6654' class='av-masonry-entry isotope-item post-6654 portfolio type-portfolio status-publish has-post-thumbnail hentry portfolio_entries-design portfolio_entries-futured portfolio_entries-industrial-buildings-en-2  av-masonry-item-with-image av-landscape-img' title=\"Construction of two new warehouses in Riga\"   itemscope=\"itemscope\" itemtype=\"https:\/\/schema.org\/CreativeWork\" ><div class='av-inner-masonry-sizer'><\/div><figure class='av-inner-masonry main_color'><div class=\"av-masonry-outerimage-container\"><div class='av-masonry-image-container' style=\"background-image: url(https:\/\/www.pmg.lv\/wp-content\/uploads\/2021\/08\/divu-viegla-tipa-noliktavu-jaunbuve.-705x397.jpg);\"  title=\"Construction of two new warehouses in Riga\" ><\/div><\/div><figcaption class='av-inner-masonry-content site-background'><div class='av-inner-masonry-content-pos'><div class='av-inner-masonry-content-pos-content'><div class='avia-arrow'><\/div><h3 class='av-masonry-entry-title entry-title '  itemprop=\"headline\" >Construction of two new warehouses in Riga<\/h3><\/div><\/div><\/figcaption><\/figure><\/a><!--end av-masonry entry--><a href=\"https:\/\/www.pmg.lv\/en\/portfolio-item\/the-construction-of-a-new-glass-processing-plant-building-in-riga\/\"  id='av-masonry-1-item-6651' data-av-masonry-item='6651' class='av-masonry-entry isotope-item post-6651 portfolio type-portfolio status-publish has-post-thumbnail hentry portfolio_entries-design portfolio_entries-industrial-buildings-en-2  av-masonry-item-with-image av-landscape-img' title=\"The construction of a new glass processing plant building in Riga\"   itemscope=\"itemscope\" itemtype=\"https:\/\/schema.org\/CreativeWork\" ><div class='av-inner-masonry-sizer'><\/div><figure class='av-inner-masonry main_color'><div class=\"av-masonry-outerimage-container\"><div class='av-masonry-image-container' style=\"background-image: url(https:\/\/www.pmg.lv\/wp-content\/uploads\/2021\/08\/transparence-stikla-razosanas-apstrades-ekas-jaunbuve-1-705x397.jpg);\"  title=\"The construction of a new glass processing plant building in Riga\" ><\/div><\/div><figcaption class='av-inner-masonry-content site-background'><div class='av-inner-masonry-content-pos'><div class='av-inner-masonry-content-pos-content'><div class='avia-arrow'><\/div><h3 class='av-masonry-entry-title entry-title '  itemprop=\"headline\" >The construction of a new glass processing plant building in Riga<\/h3><\/div><\/div><\/figcaption><\/figure><\/a><!--end av-masonry entry--><a href=\"https:\/\/www.pmg.lv\/en\/portfolio-item\/construction-of-a-new-storage-and-office-building-in-marupe\/\"  id='av-masonry-1-item-6648' data-av-masonry-item='6648' class='av-masonry-entry isotope-item post-6648 portfolio type-portfolio status-publish has-post-thumbnail hentry portfolio_entries-design portfolio_entries-industrial-buildings-en-2  av-masonry-item-with-image av-landscape-img' title=\"Construction of a new storage and office building in M\u0101rupe\"   itemscope=\"itemscope\" itemtype=\"https:\/\/schema.org\/CreativeWork\" ><div class='av-inner-masonry-sizer'><\/div><figure class='av-inner-masonry main_color'><div class=\"av-masonry-outerimage-container\"><div class='av-masonry-image-container' style=\"background-image: url(https:\/\/www.pmg.lv\/wp-content\/uploads\/2022\/02\/noliktavu-un-biroju-eka-robeznieku-iela-705x397.jpeg);\"  title=\"Construction of a new storage and office building in M\u0101rupe\" ><\/div><\/div><figcaption class='av-inner-masonry-content site-background'><div class='av-inner-masonry-content-pos'><div class='av-inner-masonry-content-pos-content'><div class='avia-arrow'><\/div><h3 class='av-masonry-entry-title entry-title '  itemprop=\"headline\" >Construction of a new storage and office building in M\u0101rupe<\/h3><\/div><\/div><\/figcaption><\/figure><\/a><!--end av-masonry entry--><a href=\"https:\/\/www.pmg.lv\/en\/portfolio-item\/p-m-g-office-and-storage-building-in-marupe\/\"  id='av-masonry-1-item-6645' data-av-masonry-item='6645' class='av-masonry-entry isotope-item post-6645 portfolio type-portfolio status-publish has-post-thumbnail hentry portfolio_entries-design portfolio_entries-industrial-buildings-en-2  av-masonry-item-with-image av-grid-img' title=\"P.M.G. office and storage building in M\u0101rupe\"   itemscope=\"itemscope\" itemtype=\"https:\/\/schema.org\/CreativeWork\" ><div class='av-inner-masonry-sizer'><\/div><figure class='av-inner-masonry main_color'><div class=\"av-masonry-outerimage-container\"><div class='av-masonry-image-container' style=\"background-image: url(https:\/\/www.pmg.lv\/wp-content\/uploads\/2021\/08\/P.M.G.-birojs-705x529.jpg);\"  title=\"P.M.G. office and storage building in M\u0101rupe\" ><\/div><\/div><figcaption class='av-inner-masonry-content site-background'><div class='av-inner-masonry-content-pos'><div class='av-inner-masonry-content-pos-content'><div class='avia-arrow'><\/div><h3 class='av-masonry-entry-title entry-title '  itemprop=\"headline\" >P.M.G. office and storage building in M\u0101rupe<\/h3><\/div><\/div><\/figcaption><\/figure><\/a><!--end av-masonry entry--><a href=\"https:\/\/www.pmg.lv\/en\/portfolio-item\/construction-of-three-new-production-facilities-building-b-riga\/\"  id='av-masonry-1-item-6642' data-av-masonry-item='6642' class='av-masonry-entry isotope-item post-6642 portfolio type-portfolio status-publish has-post-thumbnail hentry portfolio_entries-design portfolio_entries-industrial-buildings-en-2  av-masonry-item-with-image av-landscape-img' title=\"Construction of a new warehouse, building B, Riga\"   itemscope=\"itemscope\" itemtype=\"https:\/\/schema.org\/CreativeWork\" ><div class='av-inner-masonry-sizer'><\/div><figure class='av-inner-masonry main_color'><div class=\"av-masonry-outerimage-container\"><div class='av-masonry-image-container' style=\"background-image: url(https:\/\/www.pmg.lv\/wp-content\/uploads\/2022\/02\/noliktavas-jaunbuve-korpuss-b-705x397.jpg);\"  title=\"Construction of a new warehouse, building B, Riga\" ><\/div><\/div><figcaption class='av-inner-masonry-content site-background'><div class='av-inner-masonry-content-pos'><div class='av-inner-masonry-content-pos-content'><div class='avia-arrow'><\/div><h3 class='av-masonry-entry-title entry-title '  itemprop=\"headline\" >Construction of a new warehouse, building B, Riga<\/h3><\/div><\/div><\/figcaption><\/figure><\/a><!--end av-masonry entry--><a href=\"https:\/\/www.pmg.lv\/en\/portfolio-item\/construction-of-six-new-warehouses-buildings-e-f-g-h-k-l-riga\/\"  id='av-masonry-1-item-6639' data-av-masonry-item='6639' class='av-masonry-entry isotope-item post-6639 portfolio type-portfolio status-publish has-post-thumbnail hentry portfolio_entries-design portfolio_entries-industrial-buildings-en-2  av-masonry-item-with-image av-landscape-img' title=\"Construction of six new warehouses in Riga\"   itemscope=\"itemscope\" itemtype=\"https:\/\/schema.org\/CreativeWork\" ><div class='av-inner-masonry-sizer'><\/div><figure class='av-inner-masonry main_color'><div class=\"av-masonry-outerimage-container\"><div class='av-masonry-image-container' style=\"background-image: url(https:\/\/www.pmg.lv\/wp-content\/uploads\/2022\/02\/sesu-viegla-tipa-noliktavu-jaunbuves..-705x397.jpg);\"  title=\"Construction of six new warehouses in Riga\" ><\/div><\/div><figcaption class='av-inner-masonry-content site-background'><div class='av-inner-masonry-content-pos'><div class='av-inner-masonry-content-pos-content'><div class='avia-arrow'><\/div><h3 class='av-masonry-entry-title entry-title '  itemprop=\"headline\" >Construction of six new warehouses: Buildings E, F, G, H, K, L, Riga<\/h3><\/div><\/div><\/figcaption><\/figure><\/a><!--end av-masonry entry--><a href=\"https:\/\/www.pmg.lv\/en\/portfolio-item\/construction-of-a-new-timber-drying-building-complex-in-riga\/\"  id='av-masonry-1-item-6636' data-av-masonry-item='6636' class='av-masonry-entry isotope-item post-6636 portfolio type-portfolio status-publish has-post-thumbnail hentry portfolio_entries-design portfolio_entries-industrial-buildings-en-2  av-masonry-item-with-image av-landscape-img' title=\"Construction of a new timber drying building complex in Riga\"   itemscope=\"itemscope\" itemtype=\"https:\/\/schema.org\/CreativeWork\" ><div class='av-inner-masonry-sizer'><\/div><figure class='av-inner-masonry main_color'><div class=\"av-masonry-outerimage-container\"><div class='av-masonry-image-container' style=\"background-image: url(https:\/\/www.pmg.lv\/wp-content\/uploads\/2022\/02\/kokmaterialu-zavesanas-kompleksa-jaunbuve-705x397.jpg);\"  title=\"Construction of a new timber drying building complex in Riga\" ><\/div><\/div><figcaption class='av-inner-masonry-content site-background'><div class='av-inner-masonry-content-pos'><div class='av-inner-masonry-content-pos-content'><div class='avia-arrow'><\/div><h3 class='av-masonry-entry-title entry-title '  itemprop=\"headline\" >Construction of a new timber drying building complex in Riga<\/h3><\/div><\/div><\/figcaption><\/figure><\/a><!--end av-masonry entry--><a href=\"https:\/\/www.pmg.lv\/en\/portfolio-item\/construction-of-the-new-meat-processing-plant-unguri-in-saldus\/\"  id='av-masonry-1-item-6633' data-av-masonry-item='6633' class='av-masonry-entry isotope-item post-6633 portfolio type-portfolio status-publish has-post-thumbnail hentry portfolio_entries-design portfolio_entries-industrial-buildings-en-2  av-masonry-item-with-image av-landscape-img' title=\"Construction of the new meat processing plant Druvas Unguri\"   itemscope=\"itemscope\" itemtype=\"https:\/\/schema.org\/CreativeWork\" ><div class='av-inner-masonry-sizer'><\/div><figure class='av-inner-masonry main_color'><div class=\"av-masonry-outerimage-container\"><div class='av-masonry-image-container' style=\"background-image: url(https:\/\/www.pmg.lv\/wp-content\/uploads\/2022\/02\/galas-parstrades-rupnica-druvas-unguri-705x397.jpg);\"  title=\"Construction of the new meat processing plant Druvas Unguri\" ><\/div><\/div><figcaption class='av-inner-masonry-content site-background'><div class='av-inner-masonry-content-pos'><div class='av-inner-masonry-content-pos-content'><div class='avia-arrow'><\/div><h3 class='av-masonry-entry-title entry-title '  itemprop=\"headline\" >Construction of the new meat processing plant Unguri in Saldus<\/h3><\/div><\/div><\/figcaption><\/figure><\/a><!--end av-masonry entry--><\/div><\/div>\n","protected":false},"excerpt":{"rendered":"","protected":false},"author":1,"featured_media":0,"parent":1342,"menu_order":0,"comment_status":"closed","ping_status":"closed","template":"","meta":{"footnotes":""},"class_list":["post-1363","page","type-page","status-publish","hentry"],"yoast_head":"<!-- This site is optimized with the Yoast SEO plugin v26.8 - https:\/\/yoast.com\/product\/yoast-seo-wordpress\/ -->\n<title>Industrial buildings and warehouses - PMG \u2013 B\u016bvprojektu vad\u012bbas grupa<\/title>\n<meta name=\"robots\" content=\"index, follow, max-snippet:-1, max-image-preview:large, max-video-preview:-1\" \/>\n<link rel=\"canonical\" href=\"https:\/\/www.pmg.lv\/en\/design\/industrial-buildings\/\" \/>\n<meta property=\"og:locale\" content=\"en_US\" \/>\n<meta property=\"og:type\" content=\"article\" \/>\n<meta property=\"og:title\" content=\"Industrial buildings and warehouses - PMG \u2013 B\u016bvprojektu vad\u012bbas grupa\" \/>\n<meta property=\"og:url\" content=\"https:\/\/www.pmg.lv\/en\/design\/industrial-buildings\/\" \/>\n<meta property=\"og:site_name\" content=\"PMG \u2013 B\u016bvprojektu vad\u012bbas grupa\" \/>\n<meta property=\"article:publisher\" content=\"https:\/\/www.facebook.com\/p.m.g.buvprojekti\" \/>\n<meta property=\"article:modified_time\" content=\"2022-03-15T16:40:51+00:00\" \/>\n<meta name=\"twitter:card\" content=\"summary_large_image\" \/>\n<meta name=\"twitter:label1\" content=\"Est. reading time\" \/>\n\t<meta name=\"twitter:data1\" content=\"2 minutes\" \/>\n<script type=\"application\/ld+json\" class=\"yoast-schema-graph\">{\"@context\":\"https:\/\/schema.org\",\"@graph\":[{\"@type\":\"WebPage\",\"@id\":\"https:\/\/www.pmg.lv\/en\/design\/industrial-buildings\/\",\"url\":\"https:\/\/www.pmg.lv\/en\/design\/industrial-buildings\/\",\"name\":\"Industrial buildings and warehouses - PMG \u2013 B\u016bvprojektu vad\u012bbas grupa\",\"isPartOf\":{\"@id\":\"https:\/\/www.pmg.lv\/en\/#website\"},\"datePublished\":\"2021-08-17T10:30:48+00:00\",\"dateModified\":\"2022-03-15T16:40:51+00:00\",\"breadcrumb\":{\"@id\":\"https:\/\/www.pmg.lv\/en\/design\/industrial-buildings\/#breadcrumb\"},\"inLanguage\":\"en-US\",\"potentialAction\":[{\"@type\":\"ReadAction\",\"target\":[\"https:\/\/www.pmg.lv\/en\/design\/industrial-buildings\/\"]}]},{\"@type\":\"BreadcrumbList\",\"@id\":\"https:\/\/www.pmg.lv\/en\/design\/industrial-buildings\/#breadcrumb\",\"itemListElement\":[{\"@type\":\"ListItem\",\"position\":1,\"name\":\"Home\",\"item\":\"https:\/\/www.pmg.lv\/en\/home\/\"},{\"@type\":\"ListItem\",\"position\":2,\"name\":\"Design\",\"item\":\"https:\/\/www.pmg.lv\/en\/design\/\"},{\"@type\":\"ListItem\",\"position\":3,\"name\":\"Industrial buildings and warehouses\"}]},{\"@type\":\"WebSite\",\"@id\":\"https:\/\/www.pmg.lv\/en\/#website\",\"url\":\"https:\/\/www.pmg.lv\/en\/\",\"name\":\"PMG \u2013 B\u016bvprojektu vad\u012bbas grupa\",\"description\":\"B\u016bvniec\u012bba | Projekt\u0113\u0161ana | B\u016bvuzraudz\u012bba\",\"publisher\":{\"@id\":\"https:\/\/www.pmg.lv\/en\/#organization\"},\"potentialAction\":[{\"@type\":\"SearchAction\",\"target\":{\"@type\":\"EntryPoint\",\"urlTemplate\":\"https:\/\/www.pmg.lv\/en\/?s={search_term_string}\"},\"query-input\":{\"@type\":\"PropertyValueSpecification\",\"valueRequired\":true,\"valueName\":\"search_term_string\"}}],\"inLanguage\":\"en-US\"},{\"@type\":\"Organization\",\"@id\":\"https:\/\/www.pmg.lv\/en\/#organization\",\"name\":\"PMG \u2013 B\u016bvprojektu vad\u012bbas grupa\",\"url\":\"https:\/\/www.pmg.lv\/en\/\",\"logo\":{\"@type\":\"ImageObject\",\"inLanguage\":\"en-US\",\"@id\":\"https:\/\/www.pmg.lv\/en\/#\/schema\/logo\/image\/\",\"url\":\"https:\/\/www.pmg.lv\/wp-content\/uploads\/2021\/04\/PMG_logo2.png\",\"contentUrl\":\"https:\/\/www.pmg.lv\/wp-content\/uploads\/2021\/04\/PMG_logo2.png\",\"width\":531,\"height\":287,\"caption\":\"PMG \u2013 B\u016bvprojektu vad\u012bbas grupa\"},\"image\":{\"@id\":\"https:\/\/www.pmg.lv\/en\/#\/schema\/logo\/image\/\"},\"sameAs\":[\"https:\/\/www.facebook.com\/p.m.g.buvprojekti\"]}]}<\/script>\n<!-- \/ Yoast SEO plugin. -->","yoast_head_json":{"title":"Industrial buildings and warehouses - PMG \u2013 B\u016bvprojektu vad\u012bbas grupa","robots":{"index":"index","follow":"follow","max-snippet":"max-snippet:-1","max-image-preview":"max-image-preview:large","max-video-preview":"max-video-preview:-1"},"canonical":"https:\/\/www.pmg.lv\/en\/design\/industrial-buildings\/","og_locale":"en_US","og_type":"article","og_title":"Industrial buildings and warehouses - PMG \u2013 B\u016bvprojektu vad\u012bbas grupa","og_url":"https:\/\/www.pmg.lv\/en\/design\/industrial-buildings\/","og_site_name":"PMG \u2013 B\u016bvprojektu vad\u012bbas grupa","article_publisher":"https:\/\/www.facebook.com\/p.m.g.buvprojekti","article_modified_time":"2022-03-15T16:40:51+00:00","twitter_card":"summary_large_image","twitter_misc":{"Est. reading time":"2 minutes"},"schema":{"@context":"https:\/\/schema.org","@graph":[{"@type":"WebPage","@id":"https:\/\/www.pmg.lv\/en\/design\/industrial-buildings\/","url":"https:\/\/www.pmg.lv\/en\/design\/industrial-buildings\/","name":"Industrial buildings and warehouses - PMG \u2013 B\u016bvprojektu vad\u012bbas grupa","isPartOf":{"@id":"https:\/\/www.pmg.lv\/en\/#website"},"datePublished":"2021-08-17T10:30:48+00:00","dateModified":"2022-03-15T16:40:51+00:00","breadcrumb":{"@id":"https:\/\/www.pmg.lv\/en\/design\/industrial-buildings\/#breadcrumb"},"inLanguage":"en-US","potentialAction":[{"@type":"ReadAction","target":["https:\/\/www.pmg.lv\/en\/design\/industrial-buildings\/"]}]},{"@type":"BreadcrumbList","@id":"https:\/\/www.pmg.lv\/en\/design\/industrial-buildings\/#breadcrumb","itemListElement":[{"@type":"ListItem","position":1,"name":"Home","item":"https:\/\/www.pmg.lv\/en\/home\/"},{"@type":"ListItem","position":2,"name":"Design","item":"https:\/\/www.pmg.lv\/en\/design\/"},{"@type":"ListItem","position":3,"name":"Industrial buildings and warehouses"}]},{"@type":"WebSite","@id":"https:\/\/www.pmg.lv\/en\/#website","url":"https:\/\/www.pmg.lv\/en\/","name":"PMG \u2013 B\u016bvprojektu vad\u012bbas grupa","description":"B\u016bvniec\u012bba | Projekt\u0113\u0161ana | B\u016bvuzraudz\u012bba","publisher":{"@id":"https:\/\/www.pmg.lv\/en\/#organization"},"potentialAction":[{"@type":"SearchAction","target":{"@type":"EntryPoint","urlTemplate":"https:\/\/www.pmg.lv\/en\/?s={search_term_string}"},"query-input":{"@type":"PropertyValueSpecification","valueRequired":true,"valueName":"search_term_string"}}],"inLanguage":"en-US"},{"@type":"Organization","@id":"https:\/\/www.pmg.lv\/en\/#organization","name":"PMG \u2013 B\u016bvprojektu vad\u012bbas grupa","url":"https:\/\/www.pmg.lv\/en\/","logo":{"@type":"ImageObject","inLanguage":"en-US","@id":"https:\/\/www.pmg.lv\/en\/#\/schema\/logo\/image\/","url":"https:\/\/www.pmg.lv\/wp-content\/uploads\/2021\/04\/PMG_logo2.png","contentUrl":"https:\/\/www.pmg.lv\/wp-content\/uploads\/2021\/04\/PMG_logo2.png","width":531,"height":287,"caption":"PMG \u2013 B\u016bvprojektu vad\u012bbas grupa"},"image":{"@id":"https:\/\/www.pmg.lv\/en\/#\/schema\/logo\/image\/"},"sameAs":["https:\/\/www.facebook.com\/p.m.g.buvprojekti"]}]}},"_links":{"self":[{"href":"https:\/\/www.pmg.lv\/en\/wp-json\/wp\/v2\/pages\/1363","targetHints":{"allow":["GET"]}}],"collection":[{"href":"https:\/\/www.pmg.lv\/en\/wp-json\/wp\/v2\/pages"}],"about":[{"href":"https:\/\/www.pmg.lv\/en\/wp-json\/wp\/v2\/types\/page"}],"author":[{"embeddable":true,"href":"https:\/\/www.pmg.lv\/en\/wp-json\/wp\/v2\/users\/1"}],"replies":[{"embeddable":true,"href":"https:\/\/www.pmg.lv\/en\/wp-json\/wp\/v2\/comments?post=1363"}],"version-history":[{"count":5,"href":"https:\/\/www.pmg.lv\/en\/wp-json\/wp\/v2\/pages\/1363\/revisions"}],"predecessor-version":[{"id":6784,"href":"https:\/\/www.pmg.lv\/en\/wp-json\/wp\/v2\/pages\/1363\/revisions\/6784"}],"up":[{"embeddable":true,"href":"https:\/\/www.pmg.lv\/en\/wp-json\/wp\/v2\/pages\/1342"}],"wp:attachment":[{"href":"https:\/\/www.pmg.lv\/en\/wp-json\/wp\/v2\/media?parent=1363"}],"curies":[{"name":"wp","href":"https:\/\/api.w.org\/{rel}","templated":true}]}}