{"id":1369,"date":"2021-08-17T13:37:05","date_gmt":"2021-08-17T10:37:05","guid":{"rendered":"https:\/\/pmg.bumbierkoks.com\/contacts\/"},"modified":"2023-02-21T07:18:34","modified_gmt":"2023-02-21T05:18:34","slug":"contacts","status":"publish","type":"page","link":"https:\/\/www.pmg.lv\/en\/contacts\/","title":{"rendered":"Contacts"},"content":{"rendered":"\n<style type=\"text\/css\" data-created_by=\"avia_inline_auto\" id=\"style-css-av-1f3gg-6dc78b91abc1f9323b038127472b77b4\">\n.avia-section.av-1f3gg-6dc78b91abc1f9323b038127472b77b4 .av-parallax .av-parallax-inner{\nbackground-repeat:no-repeat;\nbackground-image:url(https:\/\/www.pmg.lv\/wp-content\/uploads\/2021\/04\/PMG-BIROJS_s.jpg);\nbackground-position:50% 50%;\nbackground-attachment:scroll;\n}\n<\/style>\n<div id='av_section_1'  class='avia-section av-1f3gg-6dc78b91abc1f9323b038127472b77b4 alternate_color avia-section-default avia-no-border-styling  avia-builder-el-0  el_before_av_one_third  avia-builder-el-first  avia-full-stretch av-parallax-section avia-bg-style-parallax av-minimum-height av-minimum-height-50 av-height-50  container_wrap fullsize'  data-section-bg-repeat='stretch' data-av_minimum_height_pc='50' data-av_min_height_opt='50'><div class='av-parallax' data-avia-parallax-ratio='0.3' ><div class='av-parallax-inner alternate_color avia-full-stretch'><\/div><\/div><div class='container av-section-cont-open' ><main  role=\"main\" itemprop=\"mainContentOfPage\"  class='template-page content  av-content-full alpha units'><div class='post-entry post-entry-type-page post-entry-1369'><div class='entry-content-wrapper clearfix'>\n\n<style type=\"text\/css\" data-created_by=\"avia_inline_auto\" id=\"style-css-av-kod8lrtv-6e10620f63f2435616e42998e8fb7396\">\n#top .av-special-heading.av-kod8lrtv-6e10620f63f2435616e42998e8fb7396{\npadding-bottom:10px;\ncolor:#ffffff;\nfont-size:50px;\n}\nbody .av-special-heading.av-kod8lrtv-6e10620f63f2435616e42998e8fb7396 .av-special-heading-tag .heading-char{\nfont-size:25px;\n}\n#top #wrap_all .av-special-heading.av-kod8lrtv-6e10620f63f2435616e42998e8fb7396 .av-special-heading-tag{\nfont-size:50px;\n}\n.av-special-heading.av-kod8lrtv-6e10620f63f2435616e42998e8fb7396 .special-heading-inner-border{\nborder-color:#ffffff;\n}\n.av-special-heading.av-kod8lrtv-6e10620f63f2435616e42998e8fb7396 .av-subheading{\nfont-size:15px;\n}\n\n@media only screen and (min-width: 480px) and (max-width: 767px){ \n#top #wrap_all .av-special-heading.av-kod8lrtv-6e10620f63f2435616e42998e8fb7396 .av-special-heading-tag{\nfont-size:0.8em;\n}\n}\n\n@media only screen and (max-width: 479px){ \n#top #wrap_all .av-special-heading.av-kod8lrtv-6e10620f63f2435616e42998e8fb7396 .av-special-heading-tag{\nfont-size:0.8em;\n}\n}\n<\/style>\n<div  class='av-special-heading av-kod8lrtv-6e10620f63f2435616e42998e8fb7396 av-special-heading-h1 custom-color-heading blockquote modern-quote  avia-builder-el-1  avia-builder-el-no-sibling  av-inherit-size'><h1 class='av-special-heading-tag '  itemprop=\"headline\"  >Contacts<\/h1><div class=\"special-heading-border\"><div class=\"special-heading-inner-border\"><\/div><\/div><\/div>\n<\/div><\/div><\/main><!-- close content main element --><\/div><\/div><div id='after_section_1'  class='main_color av_default_container_wrap container_wrap fullsize'  ><div class='container av-section-cont-open' ><div class='template-page content  av-content-full alpha units'><div class='post-entry post-entry-type-page post-entry-1369'><div class='entry-content-wrapper clearfix'>\n\n<style type=\"text\/css\" data-created_by=\"avia_inline_auto\" id=\"style-css-av-2wi4-21ca849cf52df41aafd962202c489089\">\n.flex_column.av-2wi4-21ca849cf52df41aafd962202c489089{\nborder-radius:0px 0px 0px 0px;\npadding:0px 0px 0px 0px;\n}\n<\/style>\n<div  class='flex_column av-2wi4-21ca849cf52df41aafd962202c489089 av_one_third  avia-builder-el-2  el_after_av_section  el_before_av_one_third  avia-builder-el-first  first flex_column_div av-zero-column-padding  '     ><section  class='av_textblock_section av-kod8mgdm-4fed5e39cd0109a5f5a6bd49e1352166 '   itemscope=\"itemscope\" itemtype=\"https:\/\/schema.org\/CreativeWork\" ><div class='avia_textblock'  itemprop=\"text\" ><h4><strong>OFFICES<\/strong><\/h4>\n<p>Phone No.: +371 67327200<br \/>\nE-mail: <a href=\"mailto:pmg@pmg.lv\">pmg@pmg.lv<\/a><\/p>\n<p>P.M.G.\u2019s offices are located near the airport \u2014 Robe\u017enieku street 10, M\u0101rupe<\/p>\n<\/div><\/section><br \/>\n\n<style type=\"text\/css\" data-created_by=\"avia_inline_auto\" id=\"style-css-av-kroual4f-9756334ebdd6b3563eec2743be7b9969\">\n#top .hr.hr-invisible.av-kroual4f-9756334ebdd6b3563eec2743be7b9969{\nheight:30px;\n}\n<\/style>\n<div  class='hr av-kroual4f-9756334ebdd6b3563eec2743be7b9969 hr-invisible  avia-builder-el-4  el_after_av_textblock  el_before_av_textblock '><span class='hr-inner '><span class=\"hr-inner-style\"><\/span><\/span><\/div><br \/>\n<section  class='av_textblock_section av-krou7u04-4517c604d81ab78be52c59ae89e30f82 '   itemscope=\"itemscope\" itemtype=\"https:\/\/schema.org\/CreativeWork\" ><div class='avia_textblock'  itemprop=\"text\" ><h4><strong>WORKING HOURS<\/strong><\/h4>\n<p>Mon. 8.30 am \u2014 5.30 pm<br \/>\nTue. 8.30 am \u2014 5.30 pm<br \/>\nWed. 8.30 am \u2014 5.30 pm<br \/>\nThu. 8.30 am \u2014 5.30 pm<br \/>\nFri. 8.30 am \u2014 5.30 pm<br \/>\nSat. \u2014<br \/>\nSun. \u2014<\/p>\n<p>Please schedule an appointment in advance! Free parking for visitors.<\/p>\n<\/div><\/section><\/p><\/div>\n\n<style type=\"text\/css\" data-created_by=\"avia_inline_auto\" id=\"style-css-av-10jug-442bc838f5cbf804592297a1e256ec4a\">\n.flex_column.av-10jug-442bc838f5cbf804592297a1e256ec4a{\nborder-radius:0px 0px 0px 0px;\npadding:0px 0px 0px 0px;\n}\n<\/style>\n<div  class='flex_column av-10jug-442bc838f5cbf804592297a1e256ec4a av_one_third  avia-builder-el-6  el_after_av_one_third  el_before_av_one_third  flex_column_div av-zero-column-padding  '     ><section  class='av_textblock_section av-krn6bu5k-b7a7be77ce589e61ecb8121b396a8d3d '   itemscope=\"itemscope\" itemtype=\"https:\/\/schema.org\/CreativeWork\" ><div class='avia_textblock'  itemprop=\"text\" ><h4><strong>CONTACT US!<\/strong><\/h4>\n<\/div><\/section><br \/>\n<form action=\"https:\/\/www.pmg.lv\/en\/contacts\/\" method=\"post\" data-fields-with-error=\"Found errors in the following field(s):\" class=\"avia_ajax_form av-form-labels-hidden   avia-builder-el-8  el_after_av_textblock  avia-builder-el-last   \" data-avia-form-id=\"1\" data-avia-redirect='' ><fieldset><p class='  first_form  form_element form_fullwidth' id='element_avia_1_1'><label for=\"avia_1_1\">Name <abbr class=\"required\" title=\"required\">*<\/abbr><\/label> <input name=\"avia_1_1\" class=\"text_input is_empty\" type=\"text\" id=\"avia_1_1\" value=\"\"  placeholder='Name*'\/><\/p><p class='  first_form  form_element form_fullwidth' id='element_avia_2_1'><label for=\"avia_2_1\">E-mail <abbr class=\"required\" title=\"required\">*<\/abbr><\/label> <input name=\"avia_2_1\" class=\"text_input is_email\" type=\"text\" id=\"avia_2_1\" value=\"\"  placeholder='E-mail*'\/><\/p><p class='  first_form  form_element form_fullwidth' id='element_avia_3_1'><label for=\"avia_3_1\">Phone<\/label> <input name=\"avia_3_1\" class=\"text_input \" type=\"text\" id=\"avia_3_1\" value=\"\"  placeholder='Phone'\/><\/p><p class='  first_form  form_element form_fullwidth' id='element_avia_4_1'><label for=\"avia_4_1\">Subject <abbr class=\"required\" title=\"required\">*<\/abbr><\/label> <input name=\"avia_4_1\" class=\"text_input is_empty\" type=\"text\" id=\"avia_4_1\" value=\"\"  placeholder='Subject*'\/><\/p><p class='  first_form  form_element form_fullwidth' id='element_avia_5_1'><label for=\"avia_5_1\" class=\"textare_label hidden textare_label_avia_5_1\">Message <abbr class=\"required\" title=\"required\">*<\/abbr><\/label><textarea  placeholder='Message*' name=\"avia_5_1\" class=\"text_area is_empty\" cols=\"40\" rows=\"7\" id=\"avia_5_1\" ><\/textarea><\/p><p class=\"hidden\"><input type=\"text\" name=\"avia_6_1\" class=\"hidden \" id=\"avia_6_1\" value=\"\" \/><\/p><div id='avia_7_1' class='av-recaptcha-area  first_form  form_element form_fullwidth '  data-container_class=\"\" data-custom_class=\"\" data-context=\"av_contact_form\" data-token_input=\"av_recaptcha_token\" data-version=\"avia_recaptcha_v3\" data-theme=\"light\" data-size=\"normal\" data-score=\"0.5\" data-text_to_preview=\"\" data-value=\"\"><div class=\"av-google-badge-message hidden\">This site is protected by reCAPTCHA and the Google <a href=\"https:\/\/policies.google.com\/privacy\" target=\"_blank\" rel=\"noopener noreferrer\">Privacy Policy<\/a> and <a href=\"https:\/\/policies.google.com\/terms\" target=\"_blank\" rel=\"noopener noreferrer\">Terms of Service<\/a> apply.<\/div><\/div><p class=\"form_element \"><input type=\"hidden\" value=\"1\" name=\"avia_generated_form1\" \/><input type=\"submit\" value=\"SEND\" class=\"button\"  data-sending-label=\"Sending\"\/><\/p><\/fieldset><div class=\"avia-disabled-form\">This contact form is deactivated because you refused to accept Google reCaptcha service which is necessary to validate any messages sent by the form.<\/div><\/form><div id=\"ajaxresponse_1\" class=\"ajaxresponse ajaxresponse_1 hidden\"><\/div><\/p><\/div>\n<style type=\"text\/css\" data-created_by=\"avia_inline_auto\" id=\"style-css-av-382s-5cbc6e013570ec8e7c7098fee536c95e\">\n.flex_column.av-382s-5cbc6e013570ec8e7c7098fee536c95e{\nborder-radius:0px 0px 0px 0px;\npadding:0px 0px 0px 0px;\n}\n<\/style>\n<div  class='flex_column av-382s-5cbc6e013570ec8e7c7098fee536c95e av_one_third  avia-builder-el-9  el_after_av_one_third  el_before_av_google_map  avia-builder-el-last  flex_column_div av-zero-column-padding  '     ><section  class='av_textblock_section av-kojy1q85-0dd43885a179baa6aead75e037567910 '   itemscope=\"itemscope\" itemtype=\"https:\/\/schema.org\/CreativeWork\" ><div class='avia_textblock'  itemprop=\"text\" ><h4><strong>COMPANY DETAILS<\/strong><\/h4>\n<p>SIA P.M.G.<br \/>\nReg. No.: 50003699021<br \/>\nLegal address: Robe\u017enieku street 10, M\u0101rupe, M\u0101rupe county, LV-2167<br \/>\nBank: AS Swedbank<br \/>\nSWIFT (BIC): HABALV22<br \/>\nAccount No.: LV02HABA0551019538012<\/p>\n<p>Reg. No. of the construction merchant: 5211-R<\/p>\n<\/div><\/section><\/div><\/p>\n<div  class='av_gmaps_sc_main_wrap av_gmaps_main_wrap '><div id='av_gmap_0' class='avia-google-map-container avia-google-map-sc av_gmaps_show_unconditionally av-no-fallback-img ' data-mapid='av_gmap_0'  style='height: 400px;'><a class=\"av_gmaps_browser_disabled av_text_confirm_link av_text_confirm_link_visible\" href=\"https:\/\/www.google.com\/maps\/search\/?api=1&#038;query=Robe\u017enieku%20iela%2010%20LV-2167%20M\u0101rupe%20%20Latvia\" target=\"_blank\">Maps were disabled by the visitor on this site. Click to open the map in a new window.<\/a><\/div><\/div>\n","protected":false},"excerpt":{"rendered":"","protected":false},"author":1,"featured_media":0,"parent":0,"menu_order":0,"comment_status":"closed","ping_status":"closed","template":"","meta":{"footnotes":""},"class_list":["post-1369","page","type-page","status-publish","hentry"],"yoast_head":"<!-- This site is optimized with the Yoast SEO plugin v27.3 - https:\/\/yoast.com\/product\/yoast-seo-wordpress\/ -->\n<title>Contacts - PMG \u2013 B\u016bvprojektu vad\u012bbas grupa<\/title>\n<meta name=\"robots\" content=\"index, follow, max-snippet:-1, max-image-preview:large, max-video-preview:-1\" \/>\n<link rel=\"canonical\" href=\"https:\/\/www.pmg.lv\/en\/contacts\/\" \/>\n<meta property=\"og:locale\" content=\"en_US\" \/>\n<meta property=\"og:type\" content=\"article\" \/>\n<meta property=\"og:title\" content=\"Contacts - PMG \u2013 B\u016bvprojektu vad\u012bbas grupa\" \/>\n<meta property=\"og:url\" content=\"https:\/\/www.pmg.lv\/en\/contacts\/\" \/>\n<meta property=\"og:site_name\" content=\"PMG \u2013 B\u016bvprojektu vad\u012bbas grupa\" \/>\n<meta property=\"article:publisher\" content=\"https:\/\/www.facebook.com\/p.m.g.buvprojekti\" \/>\n<meta property=\"article:modified_time\" content=\"2023-02-21T05:18:34+00:00\" \/>\n<meta name=\"twitter:card\" content=\"summary_large_image\" \/>\n<meta name=\"twitter:label1\" content=\"Est. reading time\" \/>\n\t<meta name=\"twitter:data1\" content=\"3 minutes\" \/>\n<script type=\"application\/ld+json\" class=\"yoast-schema-graph\">{\"@context\":\"https:\\\/\\\/schema.org\",\"@graph\":[{\"@type\":\"WebPage\",\"@id\":\"https:\\\/\\\/www.pmg.lv\\\/en\\\/contacts\\\/\",\"url\":\"https:\\\/\\\/www.pmg.lv\\\/en\\\/contacts\\\/\",\"name\":\"Contacts - PMG \u2013 B\u016bvprojektu vad\u012bbas grupa\",\"isPartOf\":{\"@id\":\"https:\\\/\\\/www.pmg.lv\\\/en\\\/#website\"},\"datePublished\":\"2021-08-17T10:37:05+00:00\",\"dateModified\":\"2023-02-21T05:18:34+00:00\",\"breadcrumb\":{\"@id\":\"https:\\\/\\\/www.pmg.lv\\\/en\\\/contacts\\\/#breadcrumb\"},\"inLanguage\":\"en-US\",\"potentialAction\":[{\"@type\":\"ReadAction\",\"target\":[\"https:\\\/\\\/www.pmg.lv\\\/en\\\/contacts\\\/\"]}]},{\"@type\":\"BreadcrumbList\",\"@id\":\"https:\\\/\\\/www.pmg.lv\\\/en\\\/contacts\\\/#breadcrumb\",\"itemListElement\":[{\"@type\":\"ListItem\",\"position\":1,\"name\":\"Home\",\"item\":\"https:\\\/\\\/www.pmg.lv\\\/en\\\/home\\\/\"},{\"@type\":\"ListItem\",\"position\":2,\"name\":\"Contacts\"}]},{\"@type\":\"WebSite\",\"@id\":\"https:\\\/\\\/www.pmg.lv\\\/en\\\/#website\",\"url\":\"https:\\\/\\\/www.pmg.lv\\\/en\\\/\",\"name\":\"PMG \u2013 B\u016bvprojektu vad\u012bbas grupa\",\"description\":\"B\u016bvniec\u012bba | Projekt\u0113\u0161ana | B\u016bvuzraudz\u012bba\",\"publisher\":{\"@id\":\"https:\\\/\\\/www.pmg.lv\\\/en\\\/#organization\"},\"potentialAction\":[{\"@type\":\"SearchAction\",\"target\":{\"@type\":\"EntryPoint\",\"urlTemplate\":\"https:\\\/\\\/www.pmg.lv\\\/en\\\/?s={search_term_string}\"},\"query-input\":{\"@type\":\"PropertyValueSpecification\",\"valueRequired\":true,\"valueName\":\"search_term_string\"}}],\"inLanguage\":\"en-US\"},{\"@type\":\"Organization\",\"@id\":\"https:\\\/\\\/www.pmg.lv\\\/en\\\/#organization\",\"name\":\"PMG \u2013 B\u016bvprojektu vad\u012bbas grupa\",\"url\":\"https:\\\/\\\/www.pmg.lv\\\/en\\\/\",\"logo\":{\"@type\":\"ImageObject\",\"inLanguage\":\"en-US\",\"@id\":\"https:\\\/\\\/www.pmg.lv\\\/en\\\/#\\\/schema\\\/logo\\\/image\\\/\",\"url\":\"https:\\\/\\\/www.pmg.lv\\\/wp-content\\\/uploads\\\/2021\\\/04\\\/PMG_logo2.png\",\"contentUrl\":\"https:\\\/\\\/www.pmg.lv\\\/wp-content\\\/uploads\\\/2021\\\/04\\\/PMG_logo2.png\",\"width\":531,\"height\":287,\"caption\":\"PMG \u2013 B\u016bvprojektu vad\u012bbas grupa\"},\"image\":{\"@id\":\"https:\\\/\\\/www.pmg.lv\\\/en\\\/#\\\/schema\\\/logo\\\/image\\\/\"},\"sameAs\":[\"https:\\\/\\\/www.facebook.com\\\/p.m.g.buvprojekti\"]}]}<\/script>\n<!-- \/ Yoast SEO plugin. -->","yoast_head_json":{"title":"Contacts - PMG \u2013 B\u016bvprojektu vad\u012bbas grupa","robots":{"index":"index","follow":"follow","max-snippet":"max-snippet:-1","max-image-preview":"max-image-preview:large","max-video-preview":"max-video-preview:-1"},"canonical":"https:\/\/www.pmg.lv\/en\/contacts\/","og_locale":"en_US","og_type":"article","og_title":"Contacts - PMG \u2013 B\u016bvprojektu vad\u012bbas grupa","og_url":"https:\/\/www.pmg.lv\/en\/contacts\/","og_site_name":"PMG \u2013 B\u016bvprojektu vad\u012bbas grupa","article_publisher":"https:\/\/www.facebook.com\/p.m.g.buvprojekti","article_modified_time":"2023-02-21T05:18:34+00:00","twitter_card":"summary_large_image","twitter_misc":{"Est. reading time":"3 minutes"},"schema":{"@context":"https:\/\/schema.org","@graph":[{"@type":"WebPage","@id":"https:\/\/www.pmg.lv\/en\/contacts\/","url":"https:\/\/www.pmg.lv\/en\/contacts\/","name":"Contacts - PMG \u2013 B\u016bvprojektu vad\u012bbas grupa","isPartOf":{"@id":"https:\/\/www.pmg.lv\/en\/#website"},"datePublished":"2021-08-17T10:37:05+00:00","dateModified":"2023-02-21T05:18:34+00:00","breadcrumb":{"@id":"https:\/\/www.pmg.lv\/en\/contacts\/#breadcrumb"},"inLanguage":"en-US","potentialAction":[{"@type":"ReadAction","target":["https:\/\/www.pmg.lv\/en\/contacts\/"]}]},{"@type":"BreadcrumbList","@id":"https:\/\/www.pmg.lv\/en\/contacts\/#breadcrumb","itemListElement":[{"@type":"ListItem","position":1,"name":"Home","item":"https:\/\/www.pmg.lv\/en\/home\/"},{"@type":"ListItem","position":2,"name":"Contacts"}]},{"@type":"WebSite","@id":"https:\/\/www.pmg.lv\/en\/#website","url":"https:\/\/www.pmg.lv\/en\/","name":"PMG \u2013 B\u016bvprojektu vad\u012bbas grupa","description":"B\u016bvniec\u012bba | Projekt\u0113\u0161ana | B\u016bvuzraudz\u012bba","publisher":{"@id":"https:\/\/www.pmg.lv\/en\/#organization"},"potentialAction":[{"@type":"SearchAction","target":{"@type":"EntryPoint","urlTemplate":"https:\/\/www.pmg.lv\/en\/?s={search_term_string}"},"query-input":{"@type":"PropertyValueSpecification","valueRequired":true,"valueName":"search_term_string"}}],"inLanguage":"en-US"},{"@type":"Organization","@id":"https:\/\/www.pmg.lv\/en\/#organization","name":"PMG \u2013 B\u016bvprojektu vad\u012bbas grupa","url":"https:\/\/www.pmg.lv\/en\/","logo":{"@type":"ImageObject","inLanguage":"en-US","@id":"https:\/\/www.pmg.lv\/en\/#\/schema\/logo\/image\/","url":"https:\/\/www.pmg.lv\/wp-content\/uploads\/2021\/04\/PMG_logo2.png","contentUrl":"https:\/\/www.pmg.lv\/wp-content\/uploads\/2021\/04\/PMG_logo2.png","width":531,"height":287,"caption":"PMG \u2013 B\u016bvprojektu vad\u012bbas grupa"},"image":{"@id":"https:\/\/www.pmg.lv\/en\/#\/schema\/logo\/image\/"},"sameAs":["https:\/\/www.facebook.com\/p.m.g.buvprojekti"]}]}},"_links":{"self":[{"href":"https:\/\/www.pmg.lv\/en\/wp-json\/wp\/v2\/pages\/1369","targetHints":{"allow":["GET"]}}],"collection":[{"href":"https:\/\/www.pmg.lv\/en\/wp-json\/wp\/v2\/pages"}],"about":[{"href":"https:\/\/www.pmg.lv\/en\/wp-json\/wp\/v2\/types\/page"}],"author":[{"embeddable":true,"href":"https:\/\/www.pmg.lv\/en\/wp-json\/wp\/v2\/users\/1"}],"replies":[{"embeddable":true,"href":"https:\/\/www.pmg.lv\/en\/wp-json\/wp\/v2\/comments?post=1369"}],"version-history":[{"count":5,"href":"https:\/\/www.pmg.lv\/en\/wp-json\/wp\/v2\/pages\/1369\/revisions"}],"predecessor-version":[{"id":8700,"href":"https:\/\/www.pmg.lv\/en\/wp-json\/wp\/v2\/pages\/1369\/revisions\/8700"}],"wp:attachment":[{"href":"https:\/\/www.pmg.lv\/en\/wp-json\/wp\/v2\/media?parent=1369"}],"curies":[{"name":"wp","href":"https:\/\/api.w.org\/{rel}","templated":true}]}}