{"id":1415,"date":"2021-08-17T13:48:39","date_gmt":"2021-08-17T10:48:39","guid":{"rendered":"https:\/\/pmg.bumbierkoks.com\/stroitelnyj-nadzor\/dorogi\/"},"modified":"2022-02-28T14:15:42","modified_gmt":"2022-02-28T12:15:42","slug":"dorogi","status":"publish","type":"page","link":"https:\/\/www.pmg.lv\/ru\/stroitelnyj-nadzor\/dorogi\/","title":{"rendered":"\u0414\u043e\u0440\u043e\u0433\u0438"},"content":{"rendered":"\n<style type=\"text\/css\" data-created_by=\"avia_inline_auto\" id=\"style-css-av-kojw92pn-8665cf8b75364b992846374e3d8764ce\">\n#top .av-special-heading.av-kojw92pn-8665cf8b75364b992846374e3d8764ce{\npadding-bottom:30px;\n}\nbody .av-special-heading.av-kojw92pn-8665cf8b75364b992846374e3d8764ce .av-special-heading-tag .heading-char{\nfont-size:25px;\n}\n.av-special-heading.av-kojw92pn-8665cf8b75364b992846374e3d8764ce .av-subheading{\nfont-size:15px;\n}\n<\/style>\n<div  class='av-special-heading av-kojw92pn-8665cf8b75364b992846374e3d8764ce av-special-heading-h2  avia-builder-el-0  el_before_av_submenu  avia-builder-el-no-sibling '><h2 class='av-special-heading-tag '  itemprop=\"headline\"  >\u0421\u0442\u0440\u043e\u0438\u0442\u0435\u043b\u044c\u043d\u044b\u0439 \u043d\u0430\u0434\u0437\u043e\u0440 | \u0414\u043e\u0440\u043e\u0433\u0438<\/h2><div class=\"special-heading-border\"><div class=\"special-heading-inner-border\"><\/div><\/div><\/div>\n<\/div><\/div><\/div><!-- close content main div --><\/div><\/div><div class='clear'><\/div><div id='sub_menu1'  class='av-submenu-container av-lg655-ab4682a3d2e42c59f3fb8c3ae9dde9b0 main_color  avia-builder-el-1  el_after_av_heading  el_before_av_masonry_entries  av-sticky-submenu submenu-not-first container_wrap fullsize' style='z-index:301' ><div class='container av-menu-mobile-disabled av-submenu-pos-left'><ul id=\"menu-buvuzraudziba-ru\" class=\"av-subnav-menu\" role=\"menu\"><li role=\"menuitem\" id=\"menu-item-5916\" class=\"menu-item menu-item-type-post_type menu-item-object-page menu-item-top-level menu-item-top-level-1\"><a href=\"https:\/\/www.pmg.lv\/ru\/stroitelnyj-nadzor\/inzhenernye-sooruzheniya\/\" itemprop=\"url\" tabindex=\"0\"><span class=\"avia-bullet\"><\/span><span class=\"avia-menu-text\">\u041f\u0440\u043e\u0438\u0437\u0432\u043e\u0434\u0441\u0442\u0432\u0435\u043d\u043d\u044b\u0435 \u0437\u0434\u0430\u043d\u0438\u044f \u0438 \u0438\u043d\u0436\u0435\u043d\u0435\u0440\u043d\u044b\u0435 \u0441\u043e\u043e\u0440\u0443\u0436\u0435\u043d\u0438\u044f<\/span><span class=\"avia-menu-fx\"><span class=\"avia-arrow-wrap\"><span class=\"avia-arrow\"><\/span><\/span><\/span><\/a><\/li>\n<li role=\"menuitem\" id=\"menu-item-5915\" class=\"menu-item menu-item-type-post_type menu-item-object-page menu-item-top-level menu-item-top-level-2\"><a href=\"https:\/\/www.pmg.lv\/ru\/stroitelnyj-nadzor\/obshhestvennye-i-zhilye-zdaniya\/\" itemprop=\"url\" tabindex=\"0\"><span class=\"avia-bullet\"><\/span><span class=\"avia-menu-text\">\u041e\u0431\u0449\u0435\u0441\u0442\u0432\u0435\u043d\u043d\u044b\u0435 \u0438 \u0436\u0438\u043b\u044b\u0435 \u0437\u0434\u0430\u043d\u0438\u044f<\/span><span class=\"avia-menu-fx\"><span class=\"avia-arrow-wrap\"><span class=\"avia-arrow\"><\/span><\/span><\/span><\/a><\/li>\n<li role=\"menuitem\" id=\"menu-item-5917\" class=\"menu-item menu-item-type-post_type menu-item-object-page menu-item-top-level menu-item-top-level-3\"><a href=\"https:\/\/www.pmg.lv\/ru\/stroitelnyj-nadzor\/dorogi\/\" itemprop=\"url\" tabindex=\"0\"><span class=\"avia-bullet\"><\/span><span class=\"avia-menu-text\">\u0414\u043e\u0440\u043e\u0433\u0438<\/span><span class=\"avia-menu-fx\"><span class=\"avia-arrow-wrap\"><span class=\"avia-arrow\"><\/span><\/span><\/span><\/a><\/li>\n<\/ul><\/div><\/div><div class='sticky_placeholder'><\/div>\n<div id='av-masonry-1' class='av-masonry av-kojwbsuv-2041b9687634213a31e777525f501bee noHover av-fixed-size av-1px-gap av-hover-overlay-active av-masonry-animation-active av-masonry-col-flexible av-caption-always av-caption-style-overlay av-masonry-entries ' data-post_id=\"1415\"><div class=\"av-masonry-container isotope av-js-disabled\"><div class='av-masonry-entry isotope-item av-masonry-item-no-image '><\/div><a href=\"https:\/\/www.pmg.lv\/ru\/portfolio-item\/ustanovka-osevyh-ognej-vpp-aeroport-riga\/\"  id='av-masonry-1-item-6303' data-av-masonry-item='6303' class='av-masonry-entry isotope-item post-6303 portfolio type-portfolio status-publish has-post-thumbnail hentry portfolio_entries-dorogi portfolio_entries-stroitelnyj-nadzor  av-masonry-item-with-image av-landscape-img' title=\"\u0423\u0441\u0442\u0430\u043d\u043e\u0432\u043a\u0430 \u043e\u0441\u0435\u0432\u044b\u0445 \u043e\u0433\u043d\u0435\u0439 \u0412\u041f\u041f, \u0430\u044d\u0440\u043e\u043f\u043e\u0440\u0442 R\u012aGA\"   itemscope=\"itemscope\" itemtype=\"https:\/\/schema.org\/CreativeWork\" ><div class='av-inner-masonry-sizer'><\/div><figure class='av-inner-masonry main_color'><div class=\"av-masonry-outerimage-container\"><div class='av-masonry-image-container' style=\"background-image: url(https:\/\/www.pmg.lv\/wp-content\/uploads\/2022\/02\/peronu-ass-uguni-01-705x404.jpg);\"  title=\"\u0423\u0441\u0442\u0430\u043d\u043e\u0432\u043a\u0430 \u043e\u0441\u0435\u0432\u044b\u0445 \u043e\u0433\u043d\u0435\u0439 \u0412\u041f\u041f, \u0430\u044d\u0440\u043e\u043f\u043e\u0440\u0442 R\u012aGA\" ><\/div><\/div><figcaption class='av-inner-masonry-content site-background'><div class='av-inner-masonry-content-pos'><div class='av-inner-masonry-content-pos-content'><div class='avia-arrow'><\/div><h3 class='av-masonry-entry-title entry-title '  itemprop=\"headline\" >\u0423\u0441\u0442\u0430\u043d\u043e\u0432\u043a\u0430 \u043e\u0441\u0435\u0432\u044b\u0445 \u043e\u0433\u043d\u0435\u0439 \u0412\u041f\u041f, \u0430\u044d\u0440\u043e\u043f\u043e\u0440\u0442 R\u012aGA<\/h3><\/div><\/div><\/figcaption><\/figure><\/a><!--end av-masonry entry--><a href=\"https:\/\/www.pmg.lv\/ru\/portfolio-item\/stroitelstvo-uliczy-seravotu-v-kemeri\/\"  id='av-masonry-1-item-6300' data-av-masonry-item='6300' class='av-masonry-entry isotope-item post-6300 portfolio type-portfolio status-publish has-post-thumbnail hentry portfolio_entries-dorogi portfolio_entries-stroitelnyj-nadzor  av-masonry-item-with-image av-landscape-img' title=\"S\u0113ravotu iela \u0136emeri\"   itemscope=\"itemscope\" itemtype=\"https:\/\/schema.org\/CreativeWork\" ><div class='av-inner-masonry-sizer'><\/div><figure class='av-inner-masonry main_color'><div class=\"av-masonry-outerimage-container\"><div class='av-masonry-image-container' style=\"background-image: url(https:\/\/www.pmg.lv\/wp-content\/uploads\/2021\/12\/seravotu-iela-kemeri-3-705x397.jpg);\"  title=\"S\u0113ravotu iela \u0136emeri\" ><\/div><\/div><figcaption class='av-inner-masonry-content site-background'><div class='av-inner-masonry-content-pos'><div class='av-inner-masonry-content-pos-content'><div class='avia-arrow'><\/div><h3 class='av-masonry-entry-title entry-title '  itemprop=\"headline\" >\u0421\u0442\u0440\u043e\u0438\u0442\u0435\u043b\u044c\u0441\u0442\u0432\u043e \u0443\u043b\u0438\u0446\u044b \u0421\u0435\u0440\u0430\u0432\u043e\u0442\u0443 \u0432 \u041a\u0435\u043c\u0435\u0440\u0438<\/h3><\/div><\/div><\/figcaption><\/figure><\/a><!--end av-masonry entry--><a href=\"https:\/\/www.pmg.lv\/ru\/portfolio-item\/rekonstrukcziya-perekryostka-ulicz-bebru-i-gauyas-i-stroitelstvo-avtostoyanki-v-marupe\/\"  id='av-masonry-1-item-6297' data-av-masonry-item='6297' class='av-masonry-entry isotope-item post-6297 portfolio type-portfolio status-publish has-post-thumbnail hentry portfolio_entries-dorogi portfolio_entries-stroitelnyj-nadzor  av-masonry-item-with-image av-grid-img' title=\"\u0420\u0435\u043a\u043e\u043d\u0441\u0442\u0440\u0443\u043a\u0446\u0438\u044f \u043f\u0435\u0440\u0435\u043a\u0440\u0451\u0441\u0442\u043a\u0430 \u0443\u043b\u0438\u0446 \u0411\u0435\u0431\u0440\u0443 \u0438 \u0413\u0430\u0443\u044f\u0441 \u0438 \u0441\u0442\u0440\u043e\u0438\u0442\u0435\u043b\u044c\u0441\u0442\u0432\u043e \u0430\u0432\u0442\u043e\u0441\u0442\u043e\u044f\u043d\u043a\u0438 \u0432 \u041c\u0430\u0440\u0443\u043f\u0435\"   itemscope=\"itemscope\" itemtype=\"https:\/\/schema.org\/CreativeWork\" ><div class='av-inner-masonry-sizer'><\/div><figure class='av-inner-masonry main_color'><div class=\"av-masonry-outerimage-container\"><div class='av-masonry-image-container' style=\"background-image: url(https:\/\/www.pmg.lv\/wp-content\/uploads\/2021\/12\/bebru-un-gaujas-ielas-krustojums-marupe-705x529.jpg);\"  title=\"\u0420\u0435\u043a\u043e\u043d\u0441\u0442\u0440\u0443\u043a\u0446\u0438\u044f \u043f\u0435\u0440\u0435\u043a\u0440\u0451\u0441\u0442\u043a\u0430 \u0443\u043b\u0438\u0446 \u0411\u0435\u0431\u0440\u0443 \u0438 \u0413\u0430\u0443\u044f\u0441 \u0438 \u0441\u0442\u0440\u043e\u0438\u0442\u0435\u043b\u044c\u0441\u0442\u0432\u043e \u0430\u0432\u0442\u043e\u0441\u0442\u043e\u044f\u043d\u043a\u0438 \u0432 \u041c\u0430\u0440\u0443\u043f\u0435\" ><\/div><\/div><figcaption class='av-inner-masonry-content site-background'><div class='av-inner-masonry-content-pos'><div class='av-inner-masonry-content-pos-content'><div class='avia-arrow'><\/div><h3 class='av-masonry-entry-title entry-title '  itemprop=\"headline\" >\u0420\u0435\u043a\u043e\u043d\u0441\u0442\u0440\u0443\u043a\u0446\u0438\u044f \u043f\u0435\u0440\u0435\u043a\u0440\u0451\u0441\u0442\u043a\u0430 \u0443\u043b\u0438\u0446 \u0411\u0435\u0431\u0440\u0443 \u0438 \u0413\u0430\u0443\u044f\u0441 \u0438 \u0441\u0442\u0440\u043e\u0438\u0442\u0435\u043b\u044c\u0441\u0442\u0432\u043e \u0430\u0432\u0442\u043e\u0441\u0442\u043e\u044f\u043d\u043a\u0438 \u0432 \u041c\u0430\u0440\u0443\u043f\u0435<\/h3><\/div><\/div><\/figcaption><\/figure><\/a><!--end av-masonry entry--><a href=\"https:\/\/www.pmg.lv\/ru\/portfolio-item\/stroitelstvo-podezdnyh-dorog-i-ploshhadej-na-poligone-bytovyh-othodov-getlini\/\"  id='av-masonry-1-item-6294' data-av-masonry-item='6294' class='av-masonry-entry isotope-item post-6294 portfolio type-portfolio status-publish has-post-thumbnail hentry portfolio_entries-dorogi portfolio_entries-stroitelnyj-nadzor  av-masonry-item-with-image av-landscape-img' title=\"\u0421\u0442\u0440\u043e\u0438\u0442\u0435\u043b\u044c\u0441\u0442\u0432\u043e \u043f\u043e\u0434\u044a\u0435\u0437\u0434\u043d\u044b\u0445 \u0434\u043e\u0440\u043e\u0433 \u0438 \u043f\u043b\u043e\u0449\u0430\u0434\u0435\u0439 \u043d\u0430 \u043f\u043e\u043b\u0438\u0433\u043e\u043d\u0435 \u0431\u044b\u0442\u043e\u0432\u044b\u0445 \u043e\u0442\u0445\u043e\u0434\u043e\u0432 GETLI\u0145I\"   itemscope=\"itemscope\" itemtype=\"https:\/\/schema.org\/CreativeWork\" ><div class='av-inner-masonry-sizer'><\/div><figure class='av-inner-masonry main_color'><div class=\"av-masonry-outerimage-container\"><div class='av-masonry-image-container' style=\"background-image: url(https:\/\/www.pmg.lv\/wp-content\/uploads\/2021\/09\/getlini-eco-705x397.jpg);\"  title=\"\u0421\u0442\u0440\u043e\u0438\u0442\u0435\u043b\u044c\u0441\u0442\u0432\u043e \u043f\u043e\u0434\u044a\u0435\u0437\u0434\u043d\u044b\u0445 \u0434\u043e\u0440\u043e\u0433 \u0438 \u043f\u043b\u043e\u0449\u0430\u0434\u0435\u0439 \u043d\u0430 \u043f\u043e\u043b\u0438\u0433\u043e\u043d\u0435 \u0431\u044b\u0442\u043e\u0432\u044b\u0445 \u043e\u0442\u0445\u043e\u0434\u043e\u0432 GETLI\u0145I\" ><\/div><\/div><figcaption class='av-inner-masonry-content site-background'><div class='av-inner-masonry-content-pos'><div class='av-inner-masonry-content-pos-content'><div class='avia-arrow'><\/div><h3 class='av-masonry-entry-title entry-title '  itemprop=\"headline\" >\u0421\u0442\u0440\u043e\u0438\u0442\u0435\u043b\u044c\u0441\u0442\u0432\u043e \u043f\u043e\u0434\u044a\u0435\u0437\u0434\u043d\u044b\u0445 \u0434\u043e\u0440\u043e\u0433 \u0438 \u043f\u043b\u043e\u0449\u0430\u0434\u0435\u0439 \u043d\u0430 \u043f\u043e\u043b\u0438\u0433\u043e\u043d\u0435 \u0431\u044b\u0442\u043e\u0432\u044b\u0445 \u043e\u0442\u0445\u043e\u0434\u043e\u0432 GETLI\u0145I<\/h3><\/div><\/div><\/figcaption><\/figure><\/a><!--end av-masonry entry--><a href=\"https:\/\/www.pmg.lv\/ru\/portfolio-item\/stroitelstvo-vysokoskorostnoj-rulyozhnoj-dorozhki-y-rekonstrukcziya-vzlyotno-posadochnoj-polosy-i-rulyozhnoj-dorozhki-a-aeroport-riga\/\"  id='av-masonry-1-item-6291' data-av-masonry-item='6291' class='av-masonry-entry isotope-item post-6291 portfolio type-portfolio status-publish has-post-thumbnail hentry portfolio_entries-budushhee portfolio_entries-dorogi portfolio_entries-stroitelnyj-nadzor  av-masonry-item-with-image av-landscape-img' title=\"\u0421\u0442\u0440\u043e\u0438\u0442\u0435\u043b\u044c\u0441\u0442\u0432\u043e \u0432\u044b\u0441\u043e\u043a\u043e\u0441\u043a\u043e\u0440\u043e\u0441\u0442\u043d\u043e\u0439 \u0440\u0443\u043b\u0451\u0436\u043d\u043e\u0439 \u0434\u043e\u0440\u043e\u0436\u043a\u0438 Y, \u0440\u0435\u043a\u043e\u043d\u0441\u0442\u0440\u0443\u043a\u0446\u0438\u044f \u0432\u0437\u043b\u0451\u0442\u043d\u043e-\u043f\u043e\u0441\u0430\u0434\u043e\u0447\u043d\u043e\u0439 \u043f\u043e\u043b\u043e\u0441\u044b \u0438 \u0440\u0443\u043b\u0451\u0436\u043d\u043e\u0439 \u0434\u043e\u0440\u043e\u0436\u043a\u0438 \u0410, \u0430\u044d\u0440\u043e\u043f\u043e\u0440\u0442 R\u012aGA\"   itemscope=\"itemscope\" itemtype=\"https:\/\/schema.org\/CreativeWork\" ><div class='av-inner-masonry-sizer'><\/div><figure class='av-inner-masonry main_color'><div class=\"av-masonry-outerimage-container\"><div class='av-masonry-image-container' style=\"background-image: url(https:\/\/www.pmg.lv\/wp-content\/uploads\/2022\/02\/peronu-ass-uguni-06-705x381.jpg);\"  title=\"\u0421\u0442\u0440\u043e\u0438\u0442\u0435\u043b\u044c\u0441\u0442\u0432\u043e \u0432\u044b\u0441\u043e\u043a\u043e\u0441\u043a\u043e\u0440\u043e\u0441\u0442\u043d\u043e\u0439 \u0440\u0443\u043b\u0451\u0436\u043d\u043e\u0439 \u0434\u043e\u0440\u043e\u0436\u043a\u0438 Y, \u0440\u0435\u043a\u043e\u043d\u0441\u0442\u0440\u0443\u043a\u0446\u0438\u044f \u0432\u0437\u043b\u0451\u0442\u043d\u043e-\u043f\u043e\u0441\u0430\u0434\u043e\u0447\u043d\u043e\u0439 \u043f\u043e\u043b\u043e\u0441\u044b \u0438 \u0440\u0443\u043b\u0451\u0436\u043d\u043e\u0439 \u0434\u043e\u0440\u043e\u0436\u043a\u0438 \u0410, \u0430\u044d\u0440\u043e\u043f\u043e\u0440\u0442 R\u012aGA\" ><\/div><\/div><figcaption class='av-inner-masonry-content site-background'><div class='av-inner-masonry-content-pos'><div class='av-inner-masonry-content-pos-content'><div class='avia-arrow'><\/div><h3 class='av-masonry-entry-title entry-title '  itemprop=\"headline\" >\u0421\u0442\u0440\u043e\u0438\u0442\u0435\u043b\u044c\u0441\u0442\u0432\u043e \u0432\u044b\u0441\u043e\u043a\u043e\u0441\u043a\u043e\u0440\u043e\u0441\u0442\u043d\u043e\u0439 \u0440\u0443\u043b\u0451\u0436\u043d\u043e\u0439 \u0434\u043e\u0440\u043e\u0436\u043a\u0438 Y, \u0440\u0435\u043a\u043e\u043d\u0441\u0442\u0440\u0443\u043a\u0446\u0438\u044f \u0432\u0437\u043b\u0451\u0442\u043d\u043e-\u043f\u043e\u0441\u0430\u0434\u043e\u0447\u043d\u043e\u0439 \u043f\u043e\u043b\u043e\u0441\u044b \u0438 \u0440\u0443\u043b\u0451\u0436\u043d\u043e\u0439 \u0434\u043e\u0440\u043e\u0436\u043a\u0438 \u0410, \u0430\u044d\u0440\u043e\u043f\u043e\u0440\u0442 R\u012aGA<\/h3><\/div><\/div><\/figcaption><\/figure><\/a><!--end av-masonry entry--><a href=\"https:\/\/www.pmg.lv\/ru\/portfolio-item\/rekonstrukcziya-dozhdevoj-kanalizaczii-obshhestvennoj-chasti-i-rekonstrukcziya-uliczy-muzeya-aeroport-riga\/\"  id='av-masonry-1-item-6288' data-av-masonry-item='6288' class='av-masonry-entry isotope-item post-6288 portfolio type-portfolio status-publish has-post-thumbnail hentry portfolio_entries-dorogi portfolio_entries-stroitelnyj-nadzor  av-masonry-item-with-image av-grid-img' title=\"Muzeju iela\"   itemscope=\"itemscope\" itemtype=\"https:\/\/schema.org\/CreativeWork\" ><div class='av-inner-masonry-sizer'><\/div><figure class='av-inner-masonry main_color'><div class=\"av-masonry-outerimage-container\"><div class='av-masonry-image-container' style=\"background-image: url(https:\/\/www.pmg.lv\/wp-content\/uploads\/2021\/12\/muzeju-iela-705x698.jpg);\"  title=\"Muzeju iela\" ><\/div><\/div><figcaption class='av-inner-masonry-content site-background'><div class='av-inner-masonry-content-pos'><div class='av-inner-masonry-content-pos-content'><div class='avia-arrow'><\/div><h3 class='av-masonry-entry-title entry-title '  itemprop=\"headline\" >\u0420\u0435\u043a\u043e\u043d\u0441\u0442\u0440\u0443\u043a\u0446\u0438\u044f \u0434\u043e\u0436\u0434\u0435\u0432\u043e\u0439 \u043a\u0430\u043d\u0430\u043b\u0438\u0437\u0430\u0446\u0438\u0438 \u043e\u0431\u0449\u0435\u0441\u0442\u0432\u0435\u043d\u043d\u043e\u0439 \u0447\u0430\u0441\u0442\u0438 \u0438 \u0440\u0435\u043a\u043e\u043d\u0441\u0442\u0440\u0443\u043a\u0446\u0438\u044f \u0443\u043b\u0438\u0446\u044b \u041c\u0443\u0437\u0435\u044f, \u0430\u044d\u0440\u043e\u043f\u043e\u0440\u0442 R\u012aGA<\/h3><\/div><\/div><\/figcaption><\/figure><\/a><!--end av-masonry entry--><\/div><\/div>\n","protected":false},"excerpt":{"rendered":"","protected":false},"author":1,"featured_media":0,"parent":1408,"menu_order":0,"comment_status":"closed","ping_status":"closed","template":"","meta":{"footnotes":""},"class_list":["post-1415","page","type-page","status-publish","hentry"],"yoast_head":"<!-- This site is optimized with the Yoast SEO plugin v27.4 - https:\/\/yoast.com\/product\/yoast-seo-wordpress\/ -->\n<title>\u0414\u043e\u0440\u043e\u0433\u0438 - PMG \u2013 B\u016bvprojektu vad\u012bbas grupa<\/title>\n<meta name=\"robots\" content=\"index, follow, max-snippet:-1, max-image-preview:large, max-video-preview:-1\" \/>\n<link rel=\"canonical\" href=\"https:\/\/www.pmg.lv\/ru\/stroitelnyj-nadzor\/dorogi\/\" \/>\n<meta property=\"og:locale\" content=\"ru_RU\" \/>\n<meta property=\"og:type\" content=\"article\" \/>\n<meta property=\"og:title\" content=\"\u0414\u043e\u0440\u043e\u0433\u0438 - PMG \u2013 B\u016bvprojektu vad\u012bbas grupa\" \/>\n<meta property=\"og:url\" content=\"https:\/\/www.pmg.lv\/ru\/stroitelnyj-nadzor\/dorogi\/\" \/>\n<meta property=\"og:site_name\" content=\"PMG \u2013 B\u016bvprojektu vad\u012bbas grupa\" \/>\n<meta property=\"article:publisher\" content=\"https:\/\/www.facebook.com\/p.m.g.buvprojekti\" \/>\n<meta property=\"article:modified_time\" content=\"2022-02-28T12:15:42+00:00\" \/>\n<meta name=\"twitter:card\" content=\"summary_large_image\" \/>\n<meta name=\"twitter:label1\" content=\"\u041f\u0440\u0438\u043c\u0435\u0440\u043d\u043e\u0435 \u0432\u0440\u0435\u043c\u044f \u0434\u043b\u044f \u0447\u0442\u0435\u043d\u0438\u044f\" \/>\n\t<meta name=\"twitter:data1\" content=\"1 \u043c\u0438\u043d\u0443\u0442\u0430\" \/>\n<script type=\"application\/ld+json\" class=\"yoast-schema-graph\">{\"@context\":\"https:\\\/\\\/schema.org\",\"@graph\":[{\"@type\":\"WebPage\",\"@id\":\"https:\\\/\\\/www.pmg.lv\\\/ru\\\/stroitelnyj-nadzor\\\/dorogi\\\/\",\"url\":\"https:\\\/\\\/www.pmg.lv\\\/ru\\\/stroitelnyj-nadzor\\\/dorogi\\\/\",\"name\":\"\u0414\u043e\u0440\u043e\u0433\u0438 - PMG \u2013 B\u016bvprojektu vad\u012bbas grupa\",\"isPartOf\":{\"@id\":\"https:\\\/\\\/www.pmg.lv\\\/ru\\\/#website\"},\"datePublished\":\"2021-08-17T10:48:39+00:00\",\"dateModified\":\"2022-02-28T12:15:42+00:00\",\"breadcrumb\":{\"@id\":\"https:\\\/\\\/www.pmg.lv\\\/ru\\\/stroitelnyj-nadzor\\\/dorogi\\\/#breadcrumb\"},\"inLanguage\":\"ru-RU\",\"potentialAction\":[{\"@type\":\"ReadAction\",\"target\":[\"https:\\\/\\\/www.pmg.lv\\\/ru\\\/stroitelnyj-nadzor\\\/dorogi\\\/\"]}]},{\"@type\":\"BreadcrumbList\",\"@id\":\"https:\\\/\\\/www.pmg.lv\\\/ru\\\/stroitelnyj-nadzor\\\/dorogi\\\/#breadcrumb\",\"itemListElement\":[{\"@type\":\"ListItem\",\"position\":1,\"name\":\"Home\",\"item\":\"https:\\\/\\\/www.pmg.lv\\\/ru\\\/glavnaya\\\/\"},{\"@type\":\"ListItem\",\"position\":2,\"name\":\"\u0421\u0442\u0440\u043e\u0438\u0442\u0435\u043b\u044c\u043d\u044b\u0439 \u043d\u0430\u0434\u0437\u043e\u0440\",\"item\":\"https:\\\/\\\/www.pmg.lv\\\/ru\\\/stroitelnyj-nadzor\\\/\"},{\"@type\":\"ListItem\",\"position\":3,\"name\":\"\u0414\u043e\u0440\u043e\u0433\u0438\"}]},{\"@type\":\"WebSite\",\"@id\":\"https:\\\/\\\/www.pmg.lv\\\/ru\\\/#website\",\"url\":\"https:\\\/\\\/www.pmg.lv\\\/ru\\\/\",\"name\":\"PMG \u2013 B\u016bvprojektu vad\u012bbas grupa\",\"description\":\"B\u016bvniec\u012bba | Projekt\u0113\u0161ana | B\u016bvuzraudz\u012bba\",\"publisher\":{\"@id\":\"https:\\\/\\\/www.pmg.lv\\\/ru\\\/#organization\"},\"potentialAction\":[{\"@type\":\"SearchAction\",\"target\":{\"@type\":\"EntryPoint\",\"urlTemplate\":\"https:\\\/\\\/www.pmg.lv\\\/ru\\\/?s={search_term_string}\"},\"query-input\":{\"@type\":\"PropertyValueSpecification\",\"valueRequired\":true,\"valueName\":\"search_term_string\"}}],\"inLanguage\":\"ru-RU\"},{\"@type\":\"Organization\",\"@id\":\"https:\\\/\\\/www.pmg.lv\\\/ru\\\/#organization\",\"name\":\"PMG \u2013 B\u016bvprojektu vad\u012bbas grupa\",\"url\":\"https:\\\/\\\/www.pmg.lv\\\/ru\\\/\",\"logo\":{\"@type\":\"ImageObject\",\"inLanguage\":\"ru-RU\",\"@id\":\"https:\\\/\\\/www.pmg.lv\\\/ru\\\/#\\\/schema\\\/logo\\\/image\\\/\",\"url\":\"https:\\\/\\\/www.pmg.lv\\\/wp-content\\\/uploads\\\/2021\\\/04\\\/PMG_logo2.png\",\"contentUrl\":\"https:\\\/\\\/www.pmg.lv\\\/wp-content\\\/uploads\\\/2021\\\/04\\\/PMG_logo2.png\",\"width\":531,\"height\":287,\"caption\":\"PMG \u2013 B\u016bvprojektu vad\u012bbas grupa\"},\"image\":{\"@id\":\"https:\\\/\\\/www.pmg.lv\\\/ru\\\/#\\\/schema\\\/logo\\\/image\\\/\"},\"sameAs\":[\"https:\\\/\\\/www.facebook.com\\\/p.m.g.buvprojekti\"]}]}<\/script>\n<!-- \/ Yoast SEO plugin. -->","yoast_head_json":{"title":"\u0414\u043e\u0440\u043e\u0433\u0438 - PMG \u2013 B\u016bvprojektu vad\u012bbas grupa","robots":{"index":"index","follow":"follow","max-snippet":"max-snippet:-1","max-image-preview":"max-image-preview:large","max-video-preview":"max-video-preview:-1"},"canonical":"https:\/\/www.pmg.lv\/ru\/stroitelnyj-nadzor\/dorogi\/","og_locale":"ru_RU","og_type":"article","og_title":"\u0414\u043e\u0440\u043e\u0433\u0438 - PMG \u2013 B\u016bvprojektu vad\u012bbas grupa","og_url":"https:\/\/www.pmg.lv\/ru\/stroitelnyj-nadzor\/dorogi\/","og_site_name":"PMG \u2013 B\u016bvprojektu vad\u012bbas grupa","article_publisher":"https:\/\/www.facebook.com\/p.m.g.buvprojekti","article_modified_time":"2022-02-28T12:15:42+00:00","twitter_card":"summary_large_image","twitter_misc":{"\u041f\u0440\u0438\u043c\u0435\u0440\u043d\u043e\u0435 \u0432\u0440\u0435\u043c\u044f \u0434\u043b\u044f \u0447\u0442\u0435\u043d\u0438\u044f":"1 \u043c\u0438\u043d\u0443\u0442\u0430"},"schema":{"@context":"https:\/\/schema.org","@graph":[{"@type":"WebPage","@id":"https:\/\/www.pmg.lv\/ru\/stroitelnyj-nadzor\/dorogi\/","url":"https:\/\/www.pmg.lv\/ru\/stroitelnyj-nadzor\/dorogi\/","name":"\u0414\u043e\u0440\u043e\u0433\u0438 - PMG \u2013 B\u016bvprojektu vad\u012bbas grupa","isPartOf":{"@id":"https:\/\/www.pmg.lv\/ru\/#website"},"datePublished":"2021-08-17T10:48:39+00:00","dateModified":"2022-02-28T12:15:42+00:00","breadcrumb":{"@id":"https:\/\/www.pmg.lv\/ru\/stroitelnyj-nadzor\/dorogi\/#breadcrumb"},"inLanguage":"ru-RU","potentialAction":[{"@type":"ReadAction","target":["https:\/\/www.pmg.lv\/ru\/stroitelnyj-nadzor\/dorogi\/"]}]},{"@type":"BreadcrumbList","@id":"https:\/\/www.pmg.lv\/ru\/stroitelnyj-nadzor\/dorogi\/#breadcrumb","itemListElement":[{"@type":"ListItem","position":1,"name":"Home","item":"https:\/\/www.pmg.lv\/ru\/glavnaya\/"},{"@type":"ListItem","position":2,"name":"\u0421\u0442\u0440\u043e\u0438\u0442\u0435\u043b\u044c\u043d\u044b\u0439 \u043d\u0430\u0434\u0437\u043e\u0440","item":"https:\/\/www.pmg.lv\/ru\/stroitelnyj-nadzor\/"},{"@type":"ListItem","position":3,"name":"\u0414\u043e\u0440\u043e\u0433\u0438"}]},{"@type":"WebSite","@id":"https:\/\/www.pmg.lv\/ru\/#website","url":"https:\/\/www.pmg.lv\/ru\/","name":"PMG \u2013 B\u016bvprojektu vad\u012bbas grupa","description":"B\u016bvniec\u012bba | Projekt\u0113\u0161ana | B\u016bvuzraudz\u012bba","publisher":{"@id":"https:\/\/www.pmg.lv\/ru\/#organization"},"potentialAction":[{"@type":"SearchAction","target":{"@type":"EntryPoint","urlTemplate":"https:\/\/www.pmg.lv\/ru\/?s={search_term_string}"},"query-input":{"@type":"PropertyValueSpecification","valueRequired":true,"valueName":"search_term_string"}}],"inLanguage":"ru-RU"},{"@type":"Organization","@id":"https:\/\/www.pmg.lv\/ru\/#organization","name":"PMG \u2013 B\u016bvprojektu vad\u012bbas grupa","url":"https:\/\/www.pmg.lv\/ru\/","logo":{"@type":"ImageObject","inLanguage":"ru-RU","@id":"https:\/\/www.pmg.lv\/ru\/#\/schema\/logo\/image\/","url":"https:\/\/www.pmg.lv\/wp-content\/uploads\/2021\/04\/PMG_logo2.png","contentUrl":"https:\/\/www.pmg.lv\/wp-content\/uploads\/2021\/04\/PMG_logo2.png","width":531,"height":287,"caption":"PMG \u2013 B\u016bvprojektu vad\u012bbas grupa"},"image":{"@id":"https:\/\/www.pmg.lv\/ru\/#\/schema\/logo\/image\/"},"sameAs":["https:\/\/www.facebook.com\/p.m.g.buvprojekti"]}]}},"_links":{"self":[{"href":"https:\/\/www.pmg.lv\/ru\/wp-json\/wp\/v2\/pages\/1415","targetHints":{"allow":["GET"]}}],"collection":[{"href":"https:\/\/www.pmg.lv\/ru\/wp-json\/wp\/v2\/pages"}],"about":[{"href":"https:\/\/www.pmg.lv\/ru\/wp-json\/wp\/v2\/types\/page"}],"author":[{"embeddable":true,"href":"https:\/\/www.pmg.lv\/ru\/wp-json\/wp\/v2\/users\/1"}],"replies":[{"embeddable":true,"href":"https:\/\/www.pmg.lv\/ru\/wp-json\/wp\/v2\/comments?post=1415"}],"version-history":[{"count":5,"href":"https:\/\/www.pmg.lv\/ru\/wp-json\/wp\/v2\/pages\/1415\/revisions"}],"predecessor-version":[{"id":5941,"href":"https:\/\/www.pmg.lv\/ru\/wp-json\/wp\/v2\/pages\/1415\/revisions\/5941"}],"up":[{"embeddable":true,"href":"https:\/\/www.pmg.lv\/ru\/wp-json\/wp\/v2\/pages\/1408"}],"wp:attachment":[{"href":"https:\/\/www.pmg.lv\/ru\/wp-json\/wp\/v2\/media?parent=1415"}],"curies":[{"name":"wp","href":"https:\/\/api.w.org\/{rel}","templated":true}]}}