{"id":1455,"date":"2021-08-17T13:54:38","date_gmt":"2021-08-17T10:54:38","guid":{"rendered":"https:\/\/pmg.bumbierkoks.com\/proektirovanie\/obshhestvennye-i-zhilye-zdaniya\/"},"modified":"2022-02-28T14:25:23","modified_gmt":"2022-02-28T12:25:23","slug":"obshhestvennye-i-zhilye-zdaniya","status":"publish","type":"page","link":"https:\/\/www.pmg.lv\/ru\/proektirovanie\/obshhestvennye-i-zhilye-zdaniya\/","title":{"rendered":"\u041e\u0431\u0449\u0435\u0441\u0442\u0432\u0435\u043d\u043d\u044b\u0435 \u0438 \u0436\u0438\u043b\u044b\u0435 \u0437\u0434\u0430\u043d\u0438\u044f"},"content":{"rendered":"\n<style type=\"text\/css\" data-created_by=\"avia_inline_auto\" id=\"style-css-av-kojw92pn-8e81396e4d437f8070643a2b60e8d734\">\n#top .av-special-heading.av-kojw92pn-8e81396e4d437f8070643a2b60e8d734{\npadding-bottom:30px;\n}\nbody .av-special-heading.av-kojw92pn-8e81396e4d437f8070643a2b60e8d734 .av-special-heading-tag .heading-char{\nfont-size:25px;\n}\n.av-special-heading.av-kojw92pn-8e81396e4d437f8070643a2b60e8d734 .av-subheading{\nfont-size:15px;\n}\n<\/style>\n<div  class='av-special-heading av-kojw92pn-8e81396e4d437f8070643a2b60e8d734 av-special-heading-h2  avia-builder-el-0  el_before_av_submenu  avia-builder-el-no-sibling '><h2 class='av-special-heading-tag '  itemprop=\"headline\"  >\u041f\u0440\u043e\u0435\u043a\u0442\u0438\u0440\u043e\u0432\u0430\u043d\u0438\u0435 | \u041e\u0431\u0449\u0435\u0441\u0442\u0432\u0435\u043d\u043d\u044b\u0435 \u0438 \u0436\u0438\u043b\u044b\u0435 \u0437\u0434\u0430\u043d\u0438\u044f<\/h2><div class=\"special-heading-border\"><div class=\"special-heading-inner-border\"><\/div><\/div><\/div>\n<\/div><\/div><\/div><!-- close content main div --><\/div><\/div><div class='clear'><\/div><div id='sub_menu1'  class='av-submenu-container av-mzwb7-4eee8d847c2afffd31de73f91ba1dd01 main_color  avia-builder-el-1  el_after_av_heading  el_before_av_masonry_entries  av-sticky-submenu submenu-not-first container_wrap fullsize' style='z-index:301' ><div class='container av-menu-mobile-disabled av-submenu-pos-left'><ul id=\"menu-projektesana-ru\" class=\"av-subnav-menu\" role=\"menu\"><li role=\"menuitem\" id=\"menu-item-5910\" class=\"menu-item menu-item-type-post_type menu-item-object-page menu-item-top-level menu-item-top-level-1\"><a href=\"https:\/\/www.pmg.lv\/ru\/proektirovanie\/proizvodstvennye-zdaniya\/\" itemprop=\"url\" tabindex=\"0\"><span class=\"avia-bullet\"><\/span><span class=\"avia-menu-text\">\u041f\u0440\u043e\u0438\u0437\u0432\u043e\u0434\u0441\u0442\u0432\u0435\u043d\u043d\u044b\u0435 \u0437\u0434\u0430\u043d\u0438\u044f \u0438 \u0441\u043a\u043b\u0430\u0434\u044b<\/span><span class=\"avia-menu-fx\"><span class=\"avia-arrow-wrap\"><span class=\"avia-arrow\"><\/span><\/span><\/span><\/a><\/li>\n<li role=\"menuitem\" id=\"menu-item-5911\" class=\"menu-item menu-item-type-post_type menu-item-object-page menu-item-top-level menu-item-top-level-2\"><a href=\"https:\/\/www.pmg.lv\/ru\/proektirovanie\/selskohozyajstvennye-postrojki-i-sarai\/\" itemprop=\"url\" tabindex=\"0\"><span class=\"avia-bullet\"><\/span><span class=\"avia-menu-text\">\u0421\u0435\u043b\u044c\u0441\u043a\u043e\u0445\u043e\u0437\u044f\u0439\u0441\u0442\u0432\u0435\u043d\u043d\u044b\u0435 \u043f\u043e\u0441\u0442\u0440\u043e\u0439\u043a\u0438 \u0438 \u0441\u0430\u0440\u0430\u0438<\/span><span class=\"avia-menu-fx\"><span class=\"avia-arrow-wrap\"><span class=\"avia-arrow\"><\/span><\/span><\/span><\/a><\/li>\n<li role=\"menuitem\" id=\"menu-item-5908\" class=\"menu-item menu-item-type-post_type menu-item-object-page menu-item-top-level menu-item-top-level-3\"><a href=\"https:\/\/www.pmg.lv\/ru\/proektirovanie\/kotelnye-i-stanczii-na-biomasse\/\" itemprop=\"url\" tabindex=\"0\"><span class=\"avia-bullet\"><\/span><span class=\"avia-menu-text\">\u041a\u043e\u0442\u0435\u043b\u044c\u043d\u044b\u0435 \u0438 \u0441\u0442\u0430\u043d\u0446\u0438\u0438 \u043d\u0430 \u0431\u0438\u043e\u043c\u0430\u0441\u0441\u0435<\/span><span class=\"avia-menu-fx\"><span class=\"avia-arrow-wrap\"><span class=\"avia-arrow\"><\/span><\/span><\/span><\/a><\/li>\n<li role=\"menuitem\" id=\"menu-item-5909\" class=\"menu-item menu-item-type-post_type menu-item-object-page menu-item-top-level menu-item-top-level-4\"><a href=\"https:\/\/www.pmg.lv\/ru\/proektirovanie\/obshhestvennye-i-zhilye-zdaniya\/\" itemprop=\"url\" tabindex=\"0\"><span class=\"avia-bullet\"><\/span><span class=\"avia-menu-text\">\u041e\u0431\u0449\u0435\u0441\u0442\u0432\u0435\u043d\u043d\u044b\u0435 \u0438 \u0436\u0438\u043b\u044b\u0435 \u0437\u0434\u0430\u043d\u0438\u044f<\/span><span class=\"avia-menu-fx\"><span class=\"avia-arrow-wrap\"><span class=\"avia-arrow\"><\/span><\/span><\/span><\/a><\/li>\n<\/ul><\/div><\/div><div class='sticky_placeholder'><\/div>\n<div id='av-masonry-1' class='av-masonry av-kojwbsuv-b710f4d30a2a265e6d08dff0f34f8b4a noHover av-fixed-size av-1px-gap av-hover-overlay-active av-masonry-animation-active av-masonry-col-flexible av-caption-always av-caption-style-overlay av-masonry-entries ' data-post_id=\"1455\"><div class=\"av-masonry-container isotope av-js-disabled\"><div class='av-masonry-entry isotope-item av-masonry-item-no-image '><\/div><a href=\"https:\/\/www.pmg.lv\/ru\/portfolio-item\/vozvedenie-torgovoj-tochki-v-mersragse-2\/\"  id='av-masonry-1-item-6516' data-av-masonry-item='6516' class='av-masonry-entry isotope-item post-6516 portfolio type-portfolio status-publish has-post-thumbnail hentry portfolio_entries-obshhestvennye-i-zhilye-zdaniya-ru-2 portfolio_entries-proektirovanie  av-masonry-item-with-image av-landscape-img' title=\"\u0412\u043e\u0437\u0432\u0435\u0434\u0435\u043d\u0438\u0435 \u0442\u043e\u0440\u0433\u043e\u0432\u043e\u0439 \u0442\u043e\u0447\u043a\u0438 \u0432 \u041c\u0435\u0440\u0441\u0440\u0430\u0433\u0441\u0435\"   itemscope=\"itemscope\" itemtype=\"https:\/\/schema.org\/CreativeWork\" ><div class='av-inner-masonry-sizer'><\/div><figure class='av-inner-masonry main_color'><div class=\"av-masonry-outerimage-container\"><div class='av-masonry-image-container' style=\"background-image: url(https:\/\/www.pmg.lv\/wp-content\/uploads\/2021\/08\/mersraga-tirdzins_-2-705x397.jpeg);\"  title=\"\u0412\u043e\u0437\u0432\u0435\u0434\u0435\u043d\u0438\u0435 \u0442\u043e\u0440\u0433\u043e\u0432\u043e\u0439 \u0442\u043e\u0447\u043a\u0438 \u0432 \u041c\u0435\u0440\u0441\u0440\u0430\u0433\u0441\u0435\" ><\/div><\/div><figcaption class='av-inner-masonry-content site-background'><div class='av-inner-masonry-content-pos'><div class='av-inner-masonry-content-pos-content'><div class='avia-arrow'><\/div><h3 class='av-masonry-entry-title entry-title '  itemprop=\"headline\" >\u0412\u043e\u0437\u0432\u0435\u0434\u0435\u043d\u0438\u0435 \u0442\u043e\u0440\u0433\u043e\u0432\u043e\u0439 \u0442\u043e\u0447\u043a\u0438 \u0432 \u041c\u0435\u0440\u0441\u0440\u0430\u0433\u0441\u0435<\/h3><\/div><\/div><\/figcaption><\/figure><\/a><!--end av-masonry entry--><a href=\"https:\/\/www.pmg.lv\/ru\/portfolio-item\/sportzal-v-mersragse-2\/\"  id='av-masonry-1-item-6490' data-av-masonry-item='6490' class='av-masonry-entry isotope-item post-6490 portfolio type-portfolio status-publish has-post-thumbnail hentry portfolio_entries-obshhestvennye-i-zhilye-zdaniya-ru-2 portfolio_entries-proektirovanie  av-masonry-item-with-image av-grid-img' title=\"\u0421\u043f\u043e\u0440\u0442\u0437\u0430\u043b \u0432 \u041c\u0435\u0440\u0441\u0440\u0430\u0433\u0441\u0435\"   itemscope=\"itemscope\" itemtype=\"https:\/\/schema.org\/CreativeWork\" ><div class='av-inner-masonry-sizer'><\/div><figure class='av-inner-masonry main_color'><div class=\"av-masonry-outerimage-container\"><div class='av-masonry-image-container' style=\"background-image: url(https:\/\/www.pmg.lv\/wp-content\/uploads\/2021\/08\/mersraga-sporta-centrs-1-705x705.jpg);\"  title=\"\u0421\u043f\u043e\u0440\u0442\u0437\u0430\u043b \u0432 \u041c\u0435\u0440\u0441\u0440\u0430\u0433\u0441\u0435\" ><\/div><\/div><figcaption class='av-inner-masonry-content site-background'><div class='av-inner-masonry-content-pos'><div class='av-inner-masonry-content-pos-content'><div class='avia-arrow'><\/div><h3 class='av-masonry-entry-title entry-title '  itemprop=\"headline\" >\u0421\u043f\u043e\u0440\u0442\u0437\u0430\u043b \u0432 \u041c\u0435\u0440\u0441\u0440\u0430\u0433\u0441\u0435<\/h3><\/div><\/div><\/figcaption><\/figure><\/a><!--end av-masonry entry--><a href=\"https:\/\/www.pmg.lv\/ru\/portfolio-item\/plavatelnyj-bassejn-ludza\/\"  id='av-masonry-1-item-6479' data-av-masonry-item='6479' class='av-masonry-entry isotope-item post-6479 portfolio type-portfolio status-publish has-post-thumbnail hentry portfolio_entries-obshhestvennye-i-zhilye-zdaniya-ru-2 portfolio_entries-proektirovanie  av-masonry-item-with-image av-grid-img' title=\"\u041f\u043b\u0430\u0432\u0430\u0442\u0435\u043b\u044c\u043d\u044b\u0439 \u0431\u0430\u0441\u0441\u0435\u0439\u043d, \u041b\u0443\u0434\u0437\u0430\"   itemscope=\"itemscope\" itemtype=\"https:\/\/schema.org\/CreativeWork\" ><div class='av-inner-masonry-sizer'><\/div><figure class='av-inner-masonry main_color'><div class=\"av-masonry-outerimage-container\"><div class='av-masonry-image-container' style=\"background-image: url(https:\/\/www.pmg.lv\/wp-content\/uploads\/2021\/08\/ludzas-baseins-705x470.jpg);\"  title=\"\u041f\u043b\u0430\u0432\u0430\u0442\u0435\u043b\u044c\u043d\u044b\u0439 \u0431\u0430\u0441\u0441\u0435\u0439\u043d, \u041b\u0443\u0434\u0437\u0430\" ><\/div><\/div><figcaption class='av-inner-masonry-content site-background'><div class='av-inner-masonry-content-pos'><div class='av-inner-masonry-content-pos-content'><div class='avia-arrow'><\/div><h3 class='av-masonry-entry-title entry-title '  itemprop=\"headline\" >\u041f\u043b\u0430\u0432\u0430\u0442\u0435\u043b\u044c\u043d\u044b\u0439 \u0431\u0430\u0441\u0441\u0435\u0439\u043d, \u041b\u0443\u0434\u0437\u0430<\/h3><\/div><\/div><\/figcaption><\/figure><\/a><!--end av-masonry entry--><a href=\"https:\/\/www.pmg.lv\/ru\/portfolio-item\/rekonstrukcziya-dino-zoo-pasaule-i-veterinarnoj-kliniki-v-rige-2\/\"  id='av-masonry-1-item-6476' data-av-masonry-item='6476' class='av-masonry-entry isotope-item post-6476 portfolio type-portfolio status-publish has-post-thumbnail hentry portfolio_entries-obshhestvennye-i-zhilye-zdaniya-ru-2 portfolio_entries-proektirovanie  av-masonry-item-with-image av-landscape-img' title=\"\u0420\u0435\u043a\u043e\u043d\u0441\u0442\u0440\u0443\u043a\u0446\u0438\u044f Dino Zoo Pasaule \u0438 \u0432\u0435\u0442\u0435\u0440\u0438\u043d\u0430\u0440\u043d\u043e\u0439 \u043a\u043b\u0438\u043d\u0438\u043a\u0438 \u0432 \u0420\u0438\u0433\u0435\"   itemscope=\"itemscope\" itemtype=\"https:\/\/schema.org\/CreativeWork\" ><div class='av-inner-masonry-sizer'><\/div><figure class='av-inner-masonry main_color'><div class=\"av-masonry-outerimage-container\"><div class='av-masonry-image-container' style=\"background-image: url(https:\/\/www.pmg.lv\/wp-content\/uploads\/2021\/08\/Dino-ZOO-Riga-705x397.jpg);\"  title=\"\u0420\u0435\u043a\u043e\u043d\u0441\u0442\u0440\u0443\u043a\u0446\u0438\u044f Dino Zoo Pasaule \u0438 \u0432\u0435\u0442\u0435\u0440\u0438\u043d\u0430\u0440\u043d\u043e\u0439 \u043a\u043b\u0438\u043d\u0438\u043a\u0438 \u0432 \u0420\u0438\u0433\u0435\" ><\/div><\/div><figcaption class='av-inner-masonry-content site-background'><div class='av-inner-masonry-content-pos'><div class='av-inner-masonry-content-pos-content'><div class='avia-arrow'><\/div><h3 class='av-masonry-entry-title entry-title '  itemprop=\"headline\" >\u0420\u0435\u043a\u043e\u043d\u0441\u0442\u0440\u0443\u043a\u0446\u0438\u044f Dino Zoo Pasaule \u0438 \u0432\u0435\u0442\u0435\u0440\u0438\u043d\u0430\u0440\u043d\u043e\u0439 \u043a\u043b\u0438\u043d\u0438\u043a\u0438 \u0432 \u0420\u0438\u0433\u0435<\/h3><\/div><\/div><\/figcaption><\/figure><\/a><!--end av-masonry entry--><a href=\"https:\/\/www.pmg.lv\/ru\/portfolio-item\/vozvedenie-torgovoj-tochki-v-mersragse\/\"  id='av-masonry-1-item-6257' data-av-masonry-item='6257' class='av-masonry-entry isotope-item post-6257 portfolio type-portfolio status-publish has-post-thumbnail hentry portfolio_entries-obshhestvennye-i-zhilye-zdaniya portfolio_entries-obshhestvennye-i-zhilye-zdaniya-ru-2 portfolio_entries-stroitelstvo  av-masonry-item-with-image av-landscape-img' title=\"\u0412\u043e\u0437\u0432\u0435\u0434\u0435\u043d\u0438\u0435 \u0442\u043e\u0440\u0433\u043e\u0432\u043e\u0439 \u0442\u043e\u0447\u043a\u0438 \u0432 \u041c\u0435\u0440\u0441\u0440\u0430\u0433\u0441\u0435\"   itemscope=\"itemscope\" itemtype=\"https:\/\/schema.org\/CreativeWork\" ><div class='av-inner-masonry-sizer'><\/div><figure class='av-inner-masonry main_color'><div class=\"av-masonry-outerimage-container\"><div class='av-masonry-image-container' style=\"background-image: url(https:\/\/www.pmg.lv\/wp-content\/uploads\/2021\/08\/mersraga-tirdzins_-2-705x397.jpeg);\"  title=\"\u0412\u043e\u0437\u0432\u0435\u0434\u0435\u043d\u0438\u0435 \u0442\u043e\u0440\u0433\u043e\u0432\u043e\u0439 \u0442\u043e\u0447\u043a\u0438 \u0432 \u041c\u0435\u0440\u0441\u0440\u0430\u0433\u0441\u0435\" ><\/div><\/div><figcaption class='av-inner-masonry-content site-background'><div class='av-inner-masonry-content-pos'><div class='av-inner-masonry-content-pos-content'><div class='avia-arrow'><\/div><h3 class='av-masonry-entry-title entry-title '  itemprop=\"headline\" >\u0412\u043e\u0437\u0432\u0435\u0434\u0435\u043d\u0438\u0435 \u0442\u043e\u0440\u0433\u043e\u0432\u043e\u0439 \u0442\u043e\u0447\u043a\u0438 \u0432 \u041c\u0435\u0440\u0441\u0440\u0430\u0433\u0441\u0435<\/h3><\/div><\/div><\/figcaption><\/figure><\/a><!--end av-masonry entry--><\/div><\/div>\n","protected":false},"excerpt":{"rendered":"","protected":false},"author":1,"featured_media":0,"parent":1436,"menu_order":0,"comment_status":"closed","ping_status":"closed","template":"","meta":{"footnotes":""},"class_list":["post-1455","page","type-page","status-publish","hentry"],"yoast_head":"<!-- This site is optimized with the Yoast SEO plugin v27.3 - https:\/\/yoast.com\/product\/yoast-seo-wordpress\/ -->\n<title>\u041e\u0431\u0449\u0435\u0441\u0442\u0432\u0435\u043d\u043d\u044b\u0435 \u0438 \u0436\u0438\u043b\u044b\u0435 \u0437\u0434\u0430\u043d\u0438\u044f - PMG \u2013 B\u016bvprojektu vad\u012bbas grupa<\/title>\n<meta name=\"robots\" content=\"index, follow, max-snippet:-1, max-image-preview:large, max-video-preview:-1\" \/>\n<link rel=\"canonical\" href=\"https:\/\/www.pmg.lv\/ru\/proektirovanie\/obshhestvennye-i-zhilye-zdaniya\/\" \/>\n<meta property=\"og:locale\" content=\"ru_RU\" \/>\n<meta property=\"og:type\" content=\"article\" \/>\n<meta property=\"og:title\" content=\"\u041e\u0431\u0449\u0435\u0441\u0442\u0432\u0435\u043d\u043d\u044b\u0435 \u0438 \u0436\u0438\u043b\u044b\u0435 \u0437\u0434\u0430\u043d\u0438\u044f - PMG \u2013 B\u016bvprojektu vad\u012bbas grupa\" \/>\n<meta property=\"og:url\" content=\"https:\/\/www.pmg.lv\/ru\/proektirovanie\/obshhestvennye-i-zhilye-zdaniya\/\" \/>\n<meta property=\"og:site_name\" content=\"PMG \u2013 B\u016bvprojektu vad\u012bbas grupa\" \/>\n<meta property=\"article:publisher\" content=\"https:\/\/www.facebook.com\/p.m.g.buvprojekti\" \/>\n<meta property=\"article:modified_time\" content=\"2022-02-28T12:25:23+00:00\" \/>\n<meta name=\"twitter:card\" content=\"summary_large_image\" \/>\n<meta name=\"twitter:label1\" content=\"\u041f\u0440\u0438\u043c\u0435\u0440\u043d\u043e\u0435 \u0432\u0440\u0435\u043c\u044f \u0434\u043b\u044f \u0447\u0442\u0435\u043d\u0438\u044f\" \/>\n\t<meta name=\"twitter:data1\" content=\"1 \u043c\u0438\u043d\u0443\u0442\u0430\" \/>\n<script type=\"application\/ld+json\" class=\"yoast-schema-graph\">{\"@context\":\"https:\\\/\\\/schema.org\",\"@graph\":[{\"@type\":\"WebPage\",\"@id\":\"https:\\\/\\\/www.pmg.lv\\\/ru\\\/proektirovanie\\\/obshhestvennye-i-zhilye-zdaniya\\\/\",\"url\":\"https:\\\/\\\/www.pmg.lv\\\/ru\\\/proektirovanie\\\/obshhestvennye-i-zhilye-zdaniya\\\/\",\"name\":\"\u041e\u0431\u0449\u0435\u0441\u0442\u0432\u0435\u043d\u043d\u044b\u0435 \u0438 \u0436\u0438\u043b\u044b\u0435 \u0437\u0434\u0430\u043d\u0438\u044f - PMG \u2013 B\u016bvprojektu vad\u012bbas grupa\",\"isPartOf\":{\"@id\":\"https:\\\/\\\/www.pmg.lv\\\/ru\\\/#website\"},\"datePublished\":\"2021-08-17T10:54:38+00:00\",\"dateModified\":\"2022-02-28T12:25:23+00:00\",\"breadcrumb\":{\"@id\":\"https:\\\/\\\/www.pmg.lv\\\/ru\\\/proektirovanie\\\/obshhestvennye-i-zhilye-zdaniya\\\/#breadcrumb\"},\"inLanguage\":\"ru-RU\",\"potentialAction\":[{\"@type\":\"ReadAction\",\"target\":[\"https:\\\/\\\/www.pmg.lv\\\/ru\\\/proektirovanie\\\/obshhestvennye-i-zhilye-zdaniya\\\/\"]}]},{\"@type\":\"BreadcrumbList\",\"@id\":\"https:\\\/\\\/www.pmg.lv\\\/ru\\\/proektirovanie\\\/obshhestvennye-i-zhilye-zdaniya\\\/#breadcrumb\",\"itemListElement\":[{\"@type\":\"ListItem\",\"position\":1,\"name\":\"Home\",\"item\":\"https:\\\/\\\/www.pmg.lv\\\/ru\\\/glavnaya\\\/\"},{\"@type\":\"ListItem\",\"position\":2,\"name\":\"\u041f\u0440\u043e\u0435\u043a\u0442\u0438\u0440\u043e\u0432\u0430\u043d\u0438\u0435\",\"item\":\"https:\\\/\\\/www.pmg.lv\\\/ru\\\/proektirovanie\\\/\"},{\"@type\":\"ListItem\",\"position\":3,\"name\":\"\u041e\u0431\u0449\u0435\u0441\u0442\u0432\u0435\u043d\u043d\u044b\u0435 \u0438 \u0436\u0438\u043b\u044b\u0435 \u0437\u0434\u0430\u043d\u0438\u044f\"}]},{\"@type\":\"WebSite\",\"@id\":\"https:\\\/\\\/www.pmg.lv\\\/ru\\\/#website\",\"url\":\"https:\\\/\\\/www.pmg.lv\\\/ru\\\/\",\"name\":\"PMG \u2013 B\u016bvprojektu vad\u012bbas grupa\",\"description\":\"B\u016bvniec\u012bba | Projekt\u0113\u0161ana | B\u016bvuzraudz\u012bba\",\"publisher\":{\"@id\":\"https:\\\/\\\/www.pmg.lv\\\/ru\\\/#organization\"},\"potentialAction\":[{\"@type\":\"SearchAction\",\"target\":{\"@type\":\"EntryPoint\",\"urlTemplate\":\"https:\\\/\\\/www.pmg.lv\\\/ru\\\/?s={search_term_string}\"},\"query-input\":{\"@type\":\"PropertyValueSpecification\",\"valueRequired\":true,\"valueName\":\"search_term_string\"}}],\"inLanguage\":\"ru-RU\"},{\"@type\":\"Organization\",\"@id\":\"https:\\\/\\\/www.pmg.lv\\\/ru\\\/#organization\",\"name\":\"PMG \u2013 B\u016bvprojektu vad\u012bbas grupa\",\"url\":\"https:\\\/\\\/www.pmg.lv\\\/ru\\\/\",\"logo\":{\"@type\":\"ImageObject\",\"inLanguage\":\"ru-RU\",\"@id\":\"https:\\\/\\\/www.pmg.lv\\\/ru\\\/#\\\/schema\\\/logo\\\/image\\\/\",\"url\":\"https:\\\/\\\/www.pmg.lv\\\/wp-content\\\/uploads\\\/2021\\\/04\\\/PMG_logo2.png\",\"contentUrl\":\"https:\\\/\\\/www.pmg.lv\\\/wp-content\\\/uploads\\\/2021\\\/04\\\/PMG_logo2.png\",\"width\":531,\"height\":287,\"caption\":\"PMG \u2013 B\u016bvprojektu vad\u012bbas grupa\"},\"image\":{\"@id\":\"https:\\\/\\\/www.pmg.lv\\\/ru\\\/#\\\/schema\\\/logo\\\/image\\\/\"},\"sameAs\":[\"https:\\\/\\\/www.facebook.com\\\/p.m.g.buvprojekti\"]}]}<\/script>\n<!-- \/ Yoast SEO plugin. -->","yoast_head_json":{"title":"\u041e\u0431\u0449\u0435\u0441\u0442\u0432\u0435\u043d\u043d\u044b\u0435 \u0438 \u0436\u0438\u043b\u044b\u0435 \u0437\u0434\u0430\u043d\u0438\u044f - PMG \u2013 B\u016bvprojektu vad\u012bbas grupa","robots":{"index":"index","follow":"follow","max-snippet":"max-snippet:-1","max-image-preview":"max-image-preview:large","max-video-preview":"max-video-preview:-1"},"canonical":"https:\/\/www.pmg.lv\/ru\/proektirovanie\/obshhestvennye-i-zhilye-zdaniya\/","og_locale":"ru_RU","og_type":"article","og_title":"\u041e\u0431\u0449\u0435\u0441\u0442\u0432\u0435\u043d\u043d\u044b\u0435 \u0438 \u0436\u0438\u043b\u044b\u0435 \u0437\u0434\u0430\u043d\u0438\u044f - PMG \u2013 B\u016bvprojektu vad\u012bbas grupa","og_url":"https:\/\/www.pmg.lv\/ru\/proektirovanie\/obshhestvennye-i-zhilye-zdaniya\/","og_site_name":"PMG \u2013 B\u016bvprojektu vad\u012bbas grupa","article_publisher":"https:\/\/www.facebook.com\/p.m.g.buvprojekti","article_modified_time":"2022-02-28T12:25:23+00:00","twitter_card":"summary_large_image","twitter_misc":{"\u041f\u0440\u0438\u043c\u0435\u0440\u043d\u043e\u0435 \u0432\u0440\u0435\u043c\u044f \u0434\u043b\u044f \u0447\u0442\u0435\u043d\u0438\u044f":"1 \u043c\u0438\u043d\u0443\u0442\u0430"},"schema":{"@context":"https:\/\/schema.org","@graph":[{"@type":"WebPage","@id":"https:\/\/www.pmg.lv\/ru\/proektirovanie\/obshhestvennye-i-zhilye-zdaniya\/","url":"https:\/\/www.pmg.lv\/ru\/proektirovanie\/obshhestvennye-i-zhilye-zdaniya\/","name":"\u041e\u0431\u0449\u0435\u0441\u0442\u0432\u0435\u043d\u043d\u044b\u0435 \u0438 \u0436\u0438\u043b\u044b\u0435 \u0437\u0434\u0430\u043d\u0438\u044f - PMG \u2013 B\u016bvprojektu vad\u012bbas grupa","isPartOf":{"@id":"https:\/\/www.pmg.lv\/ru\/#website"},"datePublished":"2021-08-17T10:54:38+00:00","dateModified":"2022-02-28T12:25:23+00:00","breadcrumb":{"@id":"https:\/\/www.pmg.lv\/ru\/proektirovanie\/obshhestvennye-i-zhilye-zdaniya\/#breadcrumb"},"inLanguage":"ru-RU","potentialAction":[{"@type":"ReadAction","target":["https:\/\/www.pmg.lv\/ru\/proektirovanie\/obshhestvennye-i-zhilye-zdaniya\/"]}]},{"@type":"BreadcrumbList","@id":"https:\/\/www.pmg.lv\/ru\/proektirovanie\/obshhestvennye-i-zhilye-zdaniya\/#breadcrumb","itemListElement":[{"@type":"ListItem","position":1,"name":"Home","item":"https:\/\/www.pmg.lv\/ru\/glavnaya\/"},{"@type":"ListItem","position":2,"name":"\u041f\u0440\u043e\u0435\u043a\u0442\u0438\u0440\u043e\u0432\u0430\u043d\u0438\u0435","item":"https:\/\/www.pmg.lv\/ru\/proektirovanie\/"},{"@type":"ListItem","position":3,"name":"\u041e\u0431\u0449\u0435\u0441\u0442\u0432\u0435\u043d\u043d\u044b\u0435 \u0438 \u0436\u0438\u043b\u044b\u0435 \u0437\u0434\u0430\u043d\u0438\u044f"}]},{"@type":"WebSite","@id":"https:\/\/www.pmg.lv\/ru\/#website","url":"https:\/\/www.pmg.lv\/ru\/","name":"PMG \u2013 B\u016bvprojektu vad\u012bbas grupa","description":"B\u016bvniec\u012bba | Projekt\u0113\u0161ana | B\u016bvuzraudz\u012bba","publisher":{"@id":"https:\/\/www.pmg.lv\/ru\/#organization"},"potentialAction":[{"@type":"SearchAction","target":{"@type":"EntryPoint","urlTemplate":"https:\/\/www.pmg.lv\/ru\/?s={search_term_string}"},"query-input":{"@type":"PropertyValueSpecification","valueRequired":true,"valueName":"search_term_string"}}],"inLanguage":"ru-RU"},{"@type":"Organization","@id":"https:\/\/www.pmg.lv\/ru\/#organization","name":"PMG \u2013 B\u016bvprojektu vad\u012bbas grupa","url":"https:\/\/www.pmg.lv\/ru\/","logo":{"@type":"ImageObject","inLanguage":"ru-RU","@id":"https:\/\/www.pmg.lv\/ru\/#\/schema\/logo\/image\/","url":"https:\/\/www.pmg.lv\/wp-content\/uploads\/2021\/04\/PMG_logo2.png","contentUrl":"https:\/\/www.pmg.lv\/wp-content\/uploads\/2021\/04\/PMG_logo2.png","width":531,"height":287,"caption":"PMG \u2013 B\u016bvprojektu vad\u012bbas grupa"},"image":{"@id":"https:\/\/www.pmg.lv\/ru\/#\/schema\/logo\/image\/"},"sameAs":["https:\/\/www.facebook.com\/p.m.g.buvprojekti"]}]}},"_links":{"self":[{"href":"https:\/\/www.pmg.lv\/ru\/wp-json\/wp\/v2\/pages\/1455","targetHints":{"allow":["GET"]}}],"collection":[{"href":"https:\/\/www.pmg.lv\/ru\/wp-json\/wp\/v2\/pages"}],"about":[{"href":"https:\/\/www.pmg.lv\/ru\/wp-json\/wp\/v2\/types\/page"}],"author":[{"embeddable":true,"href":"https:\/\/www.pmg.lv\/ru\/wp-json\/wp\/v2\/users\/1"}],"replies":[{"embeddable":true,"href":"https:\/\/www.pmg.lv\/ru\/wp-json\/wp\/v2\/comments?post=1455"}],"version-history":[{"count":4,"href":"https:\/\/www.pmg.lv\/ru\/wp-json\/wp\/v2\/pages\/1455\/revisions"}],"predecessor-version":[{"id":5979,"href":"https:\/\/www.pmg.lv\/ru\/wp-json\/wp\/v2\/pages\/1455\/revisions\/5979"}],"up":[{"embeddable":true,"href":"https:\/\/www.pmg.lv\/ru\/wp-json\/wp\/v2\/pages\/1436"}],"wp:attachment":[{"href":"https:\/\/www.pmg.lv\/ru\/wp-json\/wp\/v2\/media?parent=1455"}],"curies":[{"name":"wp","href":"https:\/\/api.w.org\/{rel}","templated":true}]}}