{"id":1458,"date":"2021-08-17T13:58:34","date_gmt":"2021-08-17T10:58:34","guid":{"rendered":"https:\/\/pmg.bumbierkoks.com\/kontakty\/"},"modified":"2023-02-21T07:19:04","modified_gmt":"2023-02-21T05:19:04","slug":"kontakty","status":"publish","type":"page","link":"https:\/\/www.pmg.lv\/ru\/kontakty\/","title":{"rendered":"\u041a\u043e\u043d\u0442\u0430\u043a\u0442\u044b"},"content":{"rendered":"\n<style type=\"text\/css\" data-created_by=\"avia_inline_auto\" id=\"style-css-av-1f3gg-6dc78b91abc1f9323b038127472b77b4\">\n.avia-section.av-1f3gg-6dc78b91abc1f9323b038127472b77b4 .av-parallax .av-parallax-inner{\nbackground-repeat:no-repeat;\nbackground-image:url(https:\/\/www.pmg.lv\/wp-content\/uploads\/2021\/04\/PMG-BIROJS_s.jpg);\nbackground-position:50% 50%;\nbackground-attachment:scroll;\n}\n<\/style>\n<div id='av_section_1'  class='avia-section av-1f3gg-6dc78b91abc1f9323b038127472b77b4 alternate_color avia-section-default avia-no-border-styling  avia-builder-el-0  el_before_av_one_third  avia-builder-el-first  avia-full-stretch av-parallax-section avia-bg-style-parallax av-minimum-height av-minimum-height-50 av-height-50  container_wrap fullsize'  data-section-bg-repeat='stretch' data-av_minimum_height_pc='50' data-av_min_height_opt='50'><div class='av-parallax' data-avia-parallax-ratio='0.3' ><div class='av-parallax-inner alternate_color avia-full-stretch'><\/div><\/div><div class='container av-section-cont-open' ><main  role=\"main\" itemprop=\"mainContentOfPage\"  class='template-page content  av-content-full alpha units'><div class='post-entry post-entry-type-page post-entry-1458'><div class='entry-content-wrapper clearfix'>\n\n<style type=\"text\/css\" data-created_by=\"avia_inline_auto\" id=\"style-css-av-kod8lrtv-2ea7632066b3d85b27f6a9df48a4fdc5\">\n#top .av-special-heading.av-kod8lrtv-2ea7632066b3d85b27f6a9df48a4fdc5{\npadding-bottom:10px;\ncolor:#ffffff;\nfont-size:50px;\n}\nbody .av-special-heading.av-kod8lrtv-2ea7632066b3d85b27f6a9df48a4fdc5 .av-special-heading-tag .heading-char{\nfont-size:25px;\n}\n#top #wrap_all .av-special-heading.av-kod8lrtv-2ea7632066b3d85b27f6a9df48a4fdc5 .av-special-heading-tag{\nfont-size:50px;\n}\n.av-special-heading.av-kod8lrtv-2ea7632066b3d85b27f6a9df48a4fdc5 .special-heading-inner-border{\nborder-color:#ffffff;\n}\n.av-special-heading.av-kod8lrtv-2ea7632066b3d85b27f6a9df48a4fdc5 .av-subheading{\nfont-size:15px;\n}\n\n@media only screen and (min-width: 480px) and (max-width: 767px){ \n#top #wrap_all .av-special-heading.av-kod8lrtv-2ea7632066b3d85b27f6a9df48a4fdc5 .av-special-heading-tag{\nfont-size:0.8em;\n}\n}\n\n@media only screen and (max-width: 479px){ \n#top #wrap_all .av-special-heading.av-kod8lrtv-2ea7632066b3d85b27f6a9df48a4fdc5 .av-special-heading-tag{\nfont-size:0.8em;\n}\n}\n<\/style>\n<div  class='av-special-heading av-kod8lrtv-2ea7632066b3d85b27f6a9df48a4fdc5 av-special-heading-h1 custom-color-heading blockquote modern-quote  avia-builder-el-1  avia-builder-el-no-sibling  av-inherit-size'><h1 class='av-special-heading-tag '  itemprop=\"headline\"  >\u041a\u043e\u043d\u0442\u0430\u043a\u0442\u044b<\/h1><div class=\"special-heading-border\"><div class=\"special-heading-inner-border\"><\/div><\/div><\/div>\n<\/div><\/div><\/main><!-- close content main element --><\/div><\/div><div id='after_section_1'  class='main_color av_default_container_wrap container_wrap fullsize'  ><div class='container av-section-cont-open' ><div class='template-page content  av-content-full alpha units'><div class='post-entry post-entry-type-page post-entry-1458'><div class='entry-content-wrapper clearfix'>\n\n<style type=\"text\/css\" data-created_by=\"avia_inline_auto\" id=\"style-css-av-2wi4-21ca849cf52df41aafd962202c489089\">\n.flex_column.av-2wi4-21ca849cf52df41aafd962202c489089{\nborder-radius:0px 0px 0px 0px;\npadding:0px 0px 0px 0px;\n}\n<\/style>\n<div  class='flex_column av-2wi4-21ca849cf52df41aafd962202c489089 av_one_third  avia-builder-el-2  el_after_av_section  el_before_av_one_third  avia-builder-el-first  first flex_column_div av-zero-column-padding  '     ><section  class='av_textblock_section av-kod8mgdm-4fed5e39cd0109a5f5a6bd49e1352166 '   itemscope=\"itemscope\" itemtype=\"https:\/\/schema.org\/CreativeWork\" ><div class='avia_textblock'  itemprop=\"text\" ><h4><strong>\u041e\u0424\u0418\u0421<\/strong><\/h4>\n<p>\u0422\u0435\u043b\u0435\u0444\u043e\u043d: +371 67327200<br \/>\n\u0410\u0434\u0440\u0435\u0441 \u044d\u043b\u0435\u043a\u0442\u0440\u043e\u043d\u043d\u043e\u0439 \u043f\u043e\u0447\u0442\u044b: <a href=\"mailto:pmg@pmg.lv\">pmg@pmg.lv<\/a><\/p>\n<p>\u041e\u0444\u0438\u0441 \u043a\u043e\u043c\u043f\u0430\u043d\u0438\u0438 P.M.G. \u043d\u0430\u0445\u043e\u0434\u0438\u0442\u0441\u044f \u043d\u0435\u0434\u0430\u043b\u0435\u043a\u043e \u043e\u0442 \u0430\u044d\u0440\u043e\u043f\u043e\u0440\u0442\u0430 \u2013 Robe\u017enieku iela 10, M\u0101rupe<\/p>\n<\/div><\/section><br \/>\n\n<style type=\"text\/css\" data-created_by=\"avia_inline_auto\" id=\"style-css-av-kroual4f-9756334ebdd6b3563eec2743be7b9969\">\n#top .hr.hr-invisible.av-kroual4f-9756334ebdd6b3563eec2743be7b9969{\nheight:30px;\n}\n<\/style>\n<div  class='hr av-kroual4f-9756334ebdd6b3563eec2743be7b9969 hr-invisible  avia-builder-el-4  el_after_av_textblock  el_before_av_textblock '><span class='hr-inner '><span class=\"hr-inner-style\"><\/span><\/span><\/div><br \/>\n<section  class='av_textblock_section av-krou7u04-4517c604d81ab78be52c59ae89e30f82 '   itemscope=\"itemscope\" itemtype=\"https:\/\/schema.org\/CreativeWork\" ><div class='avia_textblock'  itemprop=\"text\" ><h4><strong>\u0412\u0420\u0415\u041c\u042f \u0420\u0410\u0411\u041e\u0422\u042b \u041e\u0424\u0418\u0421\u0410<\/strong><\/h4>\n<p>\u041f\u043d. 8:30 \u2013 17:30<br \/>\n\u0412\u0442. 8:30 \u2013 17:30<br \/>\n\u0421\u0440. 8:30 \u2013 17:30<br \/>\n\u0427\u0442. 8:30 \u2013 17:30<br \/>\n\u041f\u0442. 8:30 \u2013 17:30<br \/>\n\u0421\u0431. \u2013<br \/>\n\u0412\u0441. \u2013<\/p>\n<p>\u041f\u043e\u0436\u0430\u043b\u0443\u0439\u0441\u0442\u0430, \u0441\u043e\u0433\u043b\u0430\u0441\u0443\u0439\u0442\u0435 \u0432\u0440\u0435\u043c\u044f \u0432\u0438\u0437\u0438\u0442\u0430 \u0437\u0430\u0440\u0430\u043d\u0435\u0435!<br \/>\n\u0414\u043b\u044f \u043f\u043e\u0441\u0435\u0442\u0438\u0442\u0435\u043b\u0435\u0439 \u0438\u043c\u0435\u0435\u0442\u0441\u044f \u0431\u0435\u0441\u043f\u043b\u0430\u0442\u043d\u0430\u044f \u043f\u0430\u0440\u043a\u043e\u0432\u043a\u0430.<\/p>\n<\/div><\/section><\/p><\/div>\n\n<style type=\"text\/css\" data-created_by=\"avia_inline_auto\" id=\"style-css-av-10jug-442bc838f5cbf804592297a1e256ec4a\">\n.flex_column.av-10jug-442bc838f5cbf804592297a1e256ec4a{\nborder-radius:0px 0px 0px 0px;\npadding:0px 0px 0px 0px;\n}\n<\/style>\n<div  class='flex_column av-10jug-442bc838f5cbf804592297a1e256ec4a av_one_third  avia-builder-el-6  el_after_av_one_third  el_before_av_one_third  flex_column_div av-zero-column-padding  '     ><section  class='av_textblock_section av-krn6bu5k-b7a7be77ce589e61ecb8121b396a8d3d '   itemscope=\"itemscope\" itemtype=\"https:\/\/schema.org\/CreativeWork\" ><div class='avia_textblock'  itemprop=\"text\" ><h4><strong>\u0421\u0412\u042f\u0417\u0410\u0422\u042c\u0421\u042f \u0421 \u041d\u0410\u041c\u0418!<\/strong><\/h4>\n<\/div><\/section><br \/>\n<form action=\"https:\/\/www.pmg.lv\/ru\/kontakty\/\" method=\"post\" data-fields-with-error=\"Found errors in the following field(s):\" class=\"avia_ajax_form av-form-labels-hidden   avia-builder-el-8  el_after_av_textblock  avia-builder-el-last   \" data-avia-form-id=\"1\" data-avia-redirect='' ><fieldset><p class='  first_form  form_element form_fullwidth' id='element_avia_1_1'><label for=\"avia_1_1\">\u0418\u043c\u044f <abbr class=\"required\" title=\"\u0442\u0440\u0435\u0431\u0443\u0435\u0442\u0441\u044f\">*<\/abbr><\/label> <input name=\"avia_1_1\" class=\"text_input is_empty\" type=\"text\" id=\"avia_1_1\" value=\"\"  placeholder='\u0418\u043c\u044f*'\/><\/p><p class='  first_form  form_element form_fullwidth' id='element_avia_2_1'><label for=\"avia_2_1\">\u0410\u0434\u0440\u0435\u0441 \u044d\u043b\u0435\u043a\u0442\u0440\u043e\u043d\u043d\u043e\u0439 \u043f\u043e\u0447\u0442\u044b <abbr class=\"required\" title=\"\u0442\u0440\u0435\u0431\u0443\u0435\u0442\u0441\u044f\">*<\/abbr><\/label> <input name=\"avia_2_1\" class=\"text_input is_email\" type=\"text\" id=\"avia_2_1\" value=\"\"  placeholder='\u0410\u0434\u0440\u0435\u0441 \u044d\u043b\u0435\u043a\u0442\u0440\u043e\u043d\u043d\u043e\u0439 \u043f\u043e\u0447\u0442\u044b*'\/><\/p><p class='  first_form  form_element form_fullwidth' id='element_avia_3_1'><label for=\"avia_3_1\">\u0422\u0435\u043b\u0435\u0444\u043e\u043d<\/label> <input name=\"avia_3_1\" class=\"text_input \" type=\"text\" id=\"avia_3_1\" value=\"\"  placeholder='\u0422\u0435\u043b\u0435\u0444\u043e\u043d'\/><\/p><p class='  first_form  form_element form_fullwidth' id='element_avia_4_1'><label for=\"avia_4_1\">\u0422\u0435\u043c\u0430 <abbr class=\"required\" title=\"\u0442\u0440\u0435\u0431\u0443\u0435\u0442\u0441\u044f\">*<\/abbr><\/label> <input name=\"avia_4_1\" class=\"text_input is_empty\" type=\"text\" id=\"avia_4_1\" value=\"\"  placeholder='\u0422\u0435\u043c\u0430*'\/><\/p><p class='  first_form  form_element form_fullwidth' id='element_avia_5_1'><label for=\"avia_5_1\" class=\"textare_label hidden textare_label_avia_5_1\">\u0421\u043e\u043e\u0431\u0449\u0435\u043d\u0438\u0435 <abbr class=\"required\" title=\"\u0442\u0440\u0435\u0431\u0443\u0435\u0442\u0441\u044f\">*<\/abbr><\/label><textarea  placeholder='\u0421\u043e\u043e\u0431\u0449\u0435\u043d\u0438\u0435*' name=\"avia_5_1\" class=\"text_area is_empty\" cols=\"40\" rows=\"7\" id=\"avia_5_1\" ><\/textarea><\/p><p class=\"hidden\"><input type=\"text\" name=\"avia_6_1\" class=\"hidden \" id=\"avia_6_1\" value=\"\" \/><\/p><div id='avia_7_1' class='av-recaptcha-area  first_form  form_element form_fullwidth '  data-container_class=\"\" data-custom_class=\"\" data-context=\"av_contact_form\" data-token_input=\"av_recaptcha_token\" data-version=\"avia_recaptcha_v3\" data-theme=\"light\" data-size=\"normal\" data-score=\"0.5\" data-text_to_preview=\"\" data-value=\"\"><div class=\"av-google-badge-message hidden\">This site is protected by reCAPTCHA and the Google <a href=\"https:\/\/policies.google.com\/privacy\" target=\"_blank\" rel=\"noopener noreferrer\">\u041f\u043e\u043b\u0438\u0442\u0438\u043a\u0430 \u043a\u043e\u043d\u0444\u0438\u0434\u0435\u043d\u0446\u0438\u0430\u043b\u044c\u043d\u043e\u0441\u0442\u0438<\/a> and <a href=\"https:\/\/policies.google.com\/terms\" target=\"_blank\" rel=\"noopener noreferrer\">Terms of Service<\/a> apply.<\/div><\/div><p class=\"form_element \"><input type=\"hidden\" value=\"1\" name=\"avia_generated_form1\" \/><input type=\"submit\" value=\"\u041e\u0422\u041f\u0420\u0410\u0412\u0418\u0422\u042c\" class=\"button\"  data-sending-label=\"\u041e\u0442\u043f\u0440\u0430\u0432\u043a\u0430\"\/><\/p><\/fieldset><div class=\"avia-disabled-form\">This contact form is deactivated because you refused to accept Google reCaptcha service which is necessary to validate any messages sent by the form.<\/div><\/form><div id=\"ajaxresponse_1\" class=\"ajaxresponse ajaxresponse_1 hidden\"><\/div><\/p><\/div>\n<style type=\"text\/css\" data-created_by=\"avia_inline_auto\" id=\"style-css-av-382s-5cbc6e013570ec8e7c7098fee536c95e\">\n.flex_column.av-382s-5cbc6e013570ec8e7c7098fee536c95e{\nborder-radius:0px 0px 0px 0px;\npadding:0px 0px 0px 0px;\n}\n<\/style>\n<div  class='flex_column av-382s-5cbc6e013570ec8e7c7098fee536c95e av_one_third  avia-builder-el-9  el_after_av_one_third  el_before_av_google_map  avia-builder-el-last  flex_column_div av-zero-column-padding  '     ><section  class='av_textblock_section av-kojy1q85-0dd43885a179baa6aead75e037567910 '   itemscope=\"itemscope\" itemtype=\"https:\/\/schema.org\/CreativeWork\" ><div class='avia_textblock'  itemprop=\"text\" ><h4><strong>\u0420\u0415\u041a\u0412\u0418\u0417\u0418\u0422\u042b \u041f\u0420\u0415\u0414\u041f\u0420\u0418\u042f\u0422\u0418\u042f<\/strong><\/h4>\n<p>SIA P.M.G.<br \/>\n\u0420\u0435\u0433. \u2116 50003699021<br \/>\n\u042e\u0440\u0438\u0434\u0438\u0447\u0435\u0441\u043a\u0438\u0439 \u0430\u0434\u0440\u0435\u0441: Robe\u017enieku iela 10, M\u0101rupe, M\u0101rupes novads, LV-2167<br \/>\n\u0411\u0430\u043d\u043a: AS Swedbank<br \/>\n\u0411\u0430\u043d\u043a\u043e\u0432\u0441\u043a\u0438\u0439 \u043a\u043e\u0434: HABALV22<br \/>\n\u0421\u0447\u0451\u0442: LV02HABA0551019538012<\/p>\n<p>\u0420\u0435\u0433. \u043d\u043e\u043c\u0435\u0440 \u0441\u0442\u0440\u043e\u0438\u0442\u0435\u043b\u044c\u043d\u043e\u0433\u043e \u043a\u043e\u043c\u043c\u0435\u0440\u0441\u0430\u043d\u0442\u0430:\u00a0 5211-R<\/p>\n<\/div><\/section><\/div><\/p>\n<div  class='av_gmaps_sc_main_wrap av_gmaps_main_wrap '><div id='av_gmap_0' class='avia-google-map-container avia-google-map-sc av_gmaps_show_unconditionally av-no-fallback-img ' data-mapid='av_gmap_0'  style='height: 400px;'><a class=\"av_gmaps_browser_disabled av_text_confirm_link av_text_confirm_link_visible\" href=\"https:\/\/www.google.com\/maps\/search\/?api=1&#038;query=Robe\u017enieku%20iela%2010%20LV-2167%20M\u0101rupe%20%20Latvia\" target=\"_blank\">Maps were disabled by the visitor on this site. Click to open the map in a new window.<\/a><\/div><\/div>\n","protected":false},"excerpt":{"rendered":"","protected":false},"author":1,"featured_media":0,"parent":0,"menu_order":0,"comment_status":"closed","ping_status":"closed","template":"","meta":{"footnotes":""},"class_list":["post-1458","page","type-page","status-publish","hentry"],"yoast_head":"<!-- This site is optimized with the Yoast SEO plugin v27.4 - https:\/\/yoast.com\/product\/yoast-seo-wordpress\/ -->\n<title>\u041a\u043e\u043d\u0442\u0430\u043a\u0442\u044b - PMG \u2013 B\u016bvprojektu vad\u012bbas grupa<\/title>\n<meta name=\"robots\" content=\"index, follow, max-snippet:-1, max-image-preview:large, max-video-preview:-1\" \/>\n<link rel=\"canonical\" href=\"https:\/\/www.pmg.lv\/ru\/kontakty\/\" \/>\n<meta property=\"og:locale\" content=\"ru_RU\" \/>\n<meta property=\"og:type\" content=\"article\" \/>\n<meta property=\"og:title\" content=\"\u041a\u043e\u043d\u0442\u0430\u043a\u0442\u044b - PMG \u2013 B\u016bvprojektu vad\u012bbas grupa\" \/>\n<meta property=\"og:url\" content=\"https:\/\/www.pmg.lv\/ru\/kontakty\/\" \/>\n<meta property=\"og:site_name\" content=\"PMG \u2013 B\u016bvprojektu vad\u012bbas grupa\" \/>\n<meta property=\"article:publisher\" content=\"https:\/\/www.facebook.com\/p.m.g.buvprojekti\" \/>\n<meta property=\"article:modified_time\" content=\"2023-02-21T05:19:04+00:00\" \/>\n<meta name=\"twitter:card\" content=\"summary_large_image\" \/>\n<meta name=\"twitter:label1\" content=\"\u041f\u0440\u0438\u043c\u0435\u0440\u043d\u043e\u0435 \u0432\u0440\u0435\u043c\u044f \u0434\u043b\u044f \u0447\u0442\u0435\u043d\u0438\u044f\" \/>\n\t<meta name=\"twitter:data1\" content=\"3 \u043c\u0438\u043d\u0443\u0442\u044b\" \/>\n<script type=\"application\/ld+json\" class=\"yoast-schema-graph\">{\"@context\":\"https:\\\/\\\/schema.org\",\"@graph\":[{\"@type\":\"WebPage\",\"@id\":\"https:\\\/\\\/www.pmg.lv\\\/ru\\\/kontakty\\\/\",\"url\":\"https:\\\/\\\/www.pmg.lv\\\/ru\\\/kontakty\\\/\",\"name\":\"\u041a\u043e\u043d\u0442\u0430\u043a\u0442\u044b - PMG \u2013 B\u016bvprojektu vad\u012bbas grupa\",\"isPartOf\":{\"@id\":\"https:\\\/\\\/www.pmg.lv\\\/ru\\\/#website\"},\"datePublished\":\"2021-08-17T10:58:34+00:00\",\"dateModified\":\"2023-02-21T05:19:04+00:00\",\"breadcrumb\":{\"@id\":\"https:\\\/\\\/www.pmg.lv\\\/ru\\\/kontakty\\\/#breadcrumb\"},\"inLanguage\":\"ru-RU\",\"potentialAction\":[{\"@type\":\"ReadAction\",\"target\":[\"https:\\\/\\\/www.pmg.lv\\\/ru\\\/kontakty\\\/\"]}]},{\"@type\":\"BreadcrumbList\",\"@id\":\"https:\\\/\\\/www.pmg.lv\\\/ru\\\/kontakty\\\/#breadcrumb\",\"itemListElement\":[{\"@type\":\"ListItem\",\"position\":1,\"name\":\"Home\",\"item\":\"https:\\\/\\\/www.pmg.lv\\\/ru\\\/glavnaya\\\/\"},{\"@type\":\"ListItem\",\"position\":2,\"name\":\"\u041a\u043e\u043d\u0442\u0430\u043a\u0442\u044b\"}]},{\"@type\":\"WebSite\",\"@id\":\"https:\\\/\\\/www.pmg.lv\\\/ru\\\/#website\",\"url\":\"https:\\\/\\\/www.pmg.lv\\\/ru\\\/\",\"name\":\"PMG \u2013 B\u016bvprojektu vad\u012bbas grupa\",\"description\":\"B\u016bvniec\u012bba | Projekt\u0113\u0161ana | B\u016bvuzraudz\u012bba\",\"publisher\":{\"@id\":\"https:\\\/\\\/www.pmg.lv\\\/ru\\\/#organization\"},\"potentialAction\":[{\"@type\":\"SearchAction\",\"target\":{\"@type\":\"EntryPoint\",\"urlTemplate\":\"https:\\\/\\\/www.pmg.lv\\\/ru\\\/?s={search_term_string}\"},\"query-input\":{\"@type\":\"PropertyValueSpecification\",\"valueRequired\":true,\"valueName\":\"search_term_string\"}}],\"inLanguage\":\"ru-RU\"},{\"@type\":\"Organization\",\"@id\":\"https:\\\/\\\/www.pmg.lv\\\/ru\\\/#organization\",\"name\":\"PMG \u2013 B\u016bvprojektu vad\u012bbas grupa\",\"url\":\"https:\\\/\\\/www.pmg.lv\\\/ru\\\/\",\"logo\":{\"@type\":\"ImageObject\",\"inLanguage\":\"ru-RU\",\"@id\":\"https:\\\/\\\/www.pmg.lv\\\/ru\\\/#\\\/schema\\\/logo\\\/image\\\/\",\"url\":\"https:\\\/\\\/www.pmg.lv\\\/wp-content\\\/uploads\\\/2021\\\/04\\\/PMG_logo2.png\",\"contentUrl\":\"https:\\\/\\\/www.pmg.lv\\\/wp-content\\\/uploads\\\/2021\\\/04\\\/PMG_logo2.png\",\"width\":531,\"height\":287,\"caption\":\"PMG \u2013 B\u016bvprojektu vad\u012bbas grupa\"},\"image\":{\"@id\":\"https:\\\/\\\/www.pmg.lv\\\/ru\\\/#\\\/schema\\\/logo\\\/image\\\/\"},\"sameAs\":[\"https:\\\/\\\/www.facebook.com\\\/p.m.g.buvprojekti\"]}]}<\/script>\n<!-- \/ Yoast SEO plugin. -->","yoast_head_json":{"title":"\u041a\u043e\u043d\u0442\u0430\u043a\u0442\u044b - PMG \u2013 B\u016bvprojektu vad\u012bbas grupa","robots":{"index":"index","follow":"follow","max-snippet":"max-snippet:-1","max-image-preview":"max-image-preview:large","max-video-preview":"max-video-preview:-1"},"canonical":"https:\/\/www.pmg.lv\/ru\/kontakty\/","og_locale":"ru_RU","og_type":"article","og_title":"\u041a\u043e\u043d\u0442\u0430\u043a\u0442\u044b - PMG \u2013 B\u016bvprojektu vad\u012bbas grupa","og_url":"https:\/\/www.pmg.lv\/ru\/kontakty\/","og_site_name":"PMG \u2013 B\u016bvprojektu vad\u012bbas grupa","article_publisher":"https:\/\/www.facebook.com\/p.m.g.buvprojekti","article_modified_time":"2023-02-21T05:19:04+00:00","twitter_card":"summary_large_image","twitter_misc":{"\u041f\u0440\u0438\u043c\u0435\u0440\u043d\u043e\u0435 \u0432\u0440\u0435\u043c\u044f \u0434\u043b\u044f \u0447\u0442\u0435\u043d\u0438\u044f":"3 \u043c\u0438\u043d\u0443\u0442\u044b"},"schema":{"@context":"https:\/\/schema.org","@graph":[{"@type":"WebPage","@id":"https:\/\/www.pmg.lv\/ru\/kontakty\/","url":"https:\/\/www.pmg.lv\/ru\/kontakty\/","name":"\u041a\u043e\u043d\u0442\u0430\u043a\u0442\u044b - PMG \u2013 B\u016bvprojektu vad\u012bbas grupa","isPartOf":{"@id":"https:\/\/www.pmg.lv\/ru\/#website"},"datePublished":"2021-08-17T10:58:34+00:00","dateModified":"2023-02-21T05:19:04+00:00","breadcrumb":{"@id":"https:\/\/www.pmg.lv\/ru\/kontakty\/#breadcrumb"},"inLanguage":"ru-RU","potentialAction":[{"@type":"ReadAction","target":["https:\/\/www.pmg.lv\/ru\/kontakty\/"]}]},{"@type":"BreadcrumbList","@id":"https:\/\/www.pmg.lv\/ru\/kontakty\/#breadcrumb","itemListElement":[{"@type":"ListItem","position":1,"name":"Home","item":"https:\/\/www.pmg.lv\/ru\/glavnaya\/"},{"@type":"ListItem","position":2,"name":"\u041a\u043e\u043d\u0442\u0430\u043a\u0442\u044b"}]},{"@type":"WebSite","@id":"https:\/\/www.pmg.lv\/ru\/#website","url":"https:\/\/www.pmg.lv\/ru\/","name":"PMG \u2013 B\u016bvprojektu vad\u012bbas grupa","description":"B\u016bvniec\u012bba | Projekt\u0113\u0161ana | B\u016bvuzraudz\u012bba","publisher":{"@id":"https:\/\/www.pmg.lv\/ru\/#organization"},"potentialAction":[{"@type":"SearchAction","target":{"@type":"EntryPoint","urlTemplate":"https:\/\/www.pmg.lv\/ru\/?s={search_term_string}"},"query-input":{"@type":"PropertyValueSpecification","valueRequired":true,"valueName":"search_term_string"}}],"inLanguage":"ru-RU"},{"@type":"Organization","@id":"https:\/\/www.pmg.lv\/ru\/#organization","name":"PMG \u2013 B\u016bvprojektu vad\u012bbas grupa","url":"https:\/\/www.pmg.lv\/ru\/","logo":{"@type":"ImageObject","inLanguage":"ru-RU","@id":"https:\/\/www.pmg.lv\/ru\/#\/schema\/logo\/image\/","url":"https:\/\/www.pmg.lv\/wp-content\/uploads\/2021\/04\/PMG_logo2.png","contentUrl":"https:\/\/www.pmg.lv\/wp-content\/uploads\/2021\/04\/PMG_logo2.png","width":531,"height":287,"caption":"PMG \u2013 B\u016bvprojektu vad\u012bbas grupa"},"image":{"@id":"https:\/\/www.pmg.lv\/ru\/#\/schema\/logo\/image\/"},"sameAs":["https:\/\/www.facebook.com\/p.m.g.buvprojekti"]}]}},"_links":{"self":[{"href":"https:\/\/www.pmg.lv\/ru\/wp-json\/wp\/v2\/pages\/1458","targetHints":{"allow":["GET"]}}],"collection":[{"href":"https:\/\/www.pmg.lv\/ru\/wp-json\/wp\/v2\/pages"}],"about":[{"href":"https:\/\/www.pmg.lv\/ru\/wp-json\/wp\/v2\/types\/page"}],"author":[{"embeddable":true,"href":"https:\/\/www.pmg.lv\/ru\/wp-json\/wp\/v2\/users\/1"}],"replies":[{"embeddable":true,"href":"https:\/\/www.pmg.lv\/ru\/wp-json\/wp\/v2\/comments?post=1458"}],"version-history":[{"count":5,"href":"https:\/\/www.pmg.lv\/ru\/wp-json\/wp\/v2\/pages\/1458\/revisions"}],"predecessor-version":[{"id":8702,"href":"https:\/\/www.pmg.lv\/ru\/wp-json\/wp\/v2\/pages\/1458\/revisions\/8702"}],"wp:attachment":[{"href":"https:\/\/www.pmg.lv\/ru\/wp-json\/wp\/v2\/media?parent=1458"}],"curies":[{"name":"wp","href":"https:\/\/api.w.org\/{rel}","templated":true}]}}